{"id":11656,"date":"2025-09-03T10:51:21","date_gmt":"2025-09-03T07:51:21","guid":{"rendered":"https:\/\/geliai.lt\/?post_type=product&#038;p=11656"},"modified":"2026-02-26T20:00:00","modified_gmt":"2026-02-26T18:00:00","slug":"nestemainen-geeli-030-ei-hema-tpota","status":"publish","type":"product","link":"https:\/\/geliai.lt\/fi\/parduotuve\/fluid-geliai\/fluid-gel-030-no-hema-tpo\/","title":{"rendered":"Nestem\u00e4inen geeli 030 (ei hemaa\/tpoa)"},"content":{"rendered":"<ul>\n<li>\n<p data-path-to-node=\"1,0,0\"><b data-path-to-node=\"1,0,0\" data-index-in-node=\"0\">Huipputurvallisuus<\/b> \u2013 turvallinen \u201eHema-Free\u201c ja \u201eTPO-Free\u201c -koostumus ilman haitallisia monomeerej\u00e4 varmistaa turvallisen ty\u00f6skentelyn ja minimoi allergisten reaktioiden todenn\u00e4k\u00f6isyyden sek\u00e4 mestarilla ett\u00e4 asiakkaalla.<\/p>\n<\/li>\n<li>\n<p data-path-to-node=\"1,1,0\"><b data-path-to-node=\"1,1,0\" data-index-in-node=\"0\">\u201eViilaamaton tekniikka<\/b> \u2013 nestem\u00e4inen, itsest\u00e4\u00e4n tasoittuva koostumus mahdollistaa geelin tasaisen levittymisen kynnen pinnalle, joten tuotetta ei tarvitse viilata lis\u00e4\u00e4 ja se lyhent\u00e4\u00e4 merkitt\u00e4v\u00e4sti ty\u00f6aikaa.<\/p>\n<\/li>\n<li>\n<p data-path-to-node=\"1,2,0\"><b data-path-to-node=\"1,2,0\" data-index-in-node=\"0\">Universaali vahvuus<\/b> \u2013 innovatiivinen koostumus takaa kest\u00e4v\u00e4n ja s\u00e4rkym\u00e4tt\u00f6m\u00e4n pinnoitteen, joka sopii erinomaisesti kynsien muotoiluun, pidennyksiin ja vaurioituneiden kynsien vahvistamiseen ja s\u00e4ilytt\u00e4\u00e4 pysyvyytens\u00e4 useita viikkoja.<\/p>\n<\/li>\n<\/ul>","protected":false},"excerpt":{"rendered":"<h5>Nestem\u00e4inen geeli 030<\/h5>\n<h6>(ilman HEMAa, ilman TPO:ta)<\/h6>\n<p>Innovatiivinen nestem\u00e4inen kynsigeeli Monarx FLUID GEL \u2013 laatua, turvallisuutta ja ammattimaisia tuloksia<br \/>\nEsittelyss\u00e4 Monarx FLUID GEL \u2013 edistyksellinen nestem\u00e4inen kynsigeeli, joka on luotu k\u00e4siesi terveys ja ymp\u00e4rist\u00f6 mieless\u00e4 pit\u00e4en. T\u00e4m\u00e4 tuote erottuu edukseen kest\u00e4vyytens\u00e4, helppok\u00e4ytt\u00f6isyytens\u00e4 ja turvallisen koostumuksensa ansiosta, mink\u00e4 ansiosta se sopii t\u00e4ydellisesti sek\u00e4 ammatti- ett\u00e4 kotik\u00e4ytt\u00f6\u00f6n.<\/p>","protected":false},"featured_media":15206,"comment_status":"open","ping_status":"closed","template":"","meta":[],"product_brand":[290],"product_cat":[306,180,580],"product_tag":[],"class_list":{"0":"post-11656","1":"product","2":"type-product","3":"status-publish","4":"has-post-thumbnail","6":"product_brand-monarx-nails","7":"product_cat-fluid-geliai","8":"product_cat-gelio-sistema","9":"product_cat-nagu-prieziura","11":"first","12":"instock","13":"shipping-taxable","14":"purchasable","15":"product-type-variable"},"_links":{"self":[{"href":"https:\/\/geliai.lt\/fi\/wp-json\/wp\/v2\/product\/11656","targetHints":{"allow":["GET"]}}],"collection":[{"href":"https:\/\/geliai.lt\/fi\/wp-json\/wp\/v2\/product"}],"about":[{"href":"https:\/\/geliai.lt\/fi\/wp-json\/wp\/v2\/types\/product"}],"replies":[{"embeddable":true,"href":"https:\/\/geliai.lt\/fi\/wp-json\/wp\/v2\/comments?post=11656"}],"version-history":[{"count":3,"href":"https:\/\/geliai.lt\/fi\/wp-json\/wp\/v2\/product\/11656\/revisions"}],"predecessor-version":[{"id":15207,"href":"https:\/\/geliai.lt\/fi\/wp-json\/wp\/v2\/product\/11656\/revisions\/15207"}],"wp:featuredmedia":[{"embeddable":true,"href":"https:\/\/geliai.lt\/fi\/wp-json\/wp\/v2\/media\/15206"}],"wp:attachment":[{"href":"https:\/\/geliai.lt\/fi\/wp-json\/wp\/v2\/media?parent=11656"}],"wp:term":[{"taxonomy":"product_brand","embeddable":true,"href":"https:\/\/geliai.lt\/fi\/wp-json\/wp\/v2\/product_brand?post=11656"},{"taxonomy":"product_cat","embeddable":true,"href":"https:\/\/geliai.lt\/fi\/wp-json\/wp\/v2\/product_cat?post=11656"},{"taxonomy":"product_tag","embeddable":true,"href":"https:\/\/geliai.lt\/fi\/wp-json\/wp\/v2\/product_tag?post=11656"}],"curies":[{"name":"wp","href":"https:\/\/api.w.org\/{rel}","templated":true}]}}