{"id":11095,"date":"2025-07-17T18:40:47","date_gmt":"2025-07-17T15:40:47","guid":{"rendered":"https:\/\/geliai.lt\/?post_type=product&#038;p=11095"},"modified":"2026-02-17T20:20:15","modified_gmt":"2026-02-17T18:20:15","slug":"keraaminen-suutin-lasso-muoto-o18-mm-30-mm-punainen","status":"publish","type":"product","link":"https:\/\/geliai.lt\/fi\/parduotuve\/antgaliai\/keraminis-antgalis-laso-formos-o18-mm-30-mm-raudonas\/","title":{"rendered":"Keraaminen k\u00e4rki, pisaranmuotoinen, \u00d81,8 mm \/ 3,0 mm (punainen)"},"content":{"rendered":"<p data-start=\"531\" data-end=\"784\">Keraaminen pisaranmuotoinen k\u00e4rki kynsinauhojen tai vaikeasti tavoitettavien alueiden tarkkaan hiontaan. Halkaisija 1,8 mm, pituus 3,0 mm.<br data-start=\"666\" data-end=\"669\" \/>Punainen rengas osoittaa pehme\u00e4\u00e4 pintaa. Valmistettu keraamisesta materiaalista, sopii ty\u00f6skentelyyn geelin tai akryylin kanssa.<\/p>","protected":false},"excerpt":{"rendered":"<h3>Keraaminen pisaranmuotoinen suutin<\/h3>\n<p>Pisaran muotoinen keraaminen k\u00e4rki, jossa py\u00f6ristetty k\u00e4rki. Halkaisija 1,8 mm, pituus 3,0 mm. Punainen merkint\u00e4 - hieno karheus.<\/p>","protected":false},"featured_media":15302,"comment_status":"open","ping_status":"closed","template":"","meta":[],"product_brand":[294],"product_cat":[258,288,307],"product_tag":[],"class_list":{"0":"post-11095","1":"product","2":"type-product","3":"status-publish","4":"has-post-thumbnail","6":"product_brand-head-the-beauty-tools","7":"product_cat-antgaliai","8":"product_cat-instrumentai","9":"product_cat-keraminiai-antgaliai","11":"first","12":"instock","13":"shipping-taxable","14":"purchasable","15":"product-type-simple"},"_links":{"self":[{"href":"https:\/\/geliai.lt\/fi\/wp-json\/wp\/v2\/product\/11095","targetHints":{"allow":["GET"]}}],"collection":[{"href":"https:\/\/geliai.lt\/fi\/wp-json\/wp\/v2\/product"}],"about":[{"href":"https:\/\/geliai.lt\/fi\/wp-json\/wp\/v2\/types\/product"}],"replies":[{"embeddable":true,"href":"https:\/\/geliai.lt\/fi\/wp-json\/wp\/v2\/comments?post=11095"}],"version-history":[{"count":5,"href":"https:\/\/geliai.lt\/fi\/wp-json\/wp\/v2\/product\/11095\/revisions"}],"predecessor-version":[{"id":15303,"href":"https:\/\/geliai.lt\/fi\/wp-json\/wp\/v2\/product\/11095\/revisions\/15303"}],"wp:featuredmedia":[{"embeddable":true,"href":"https:\/\/geliai.lt\/fi\/wp-json\/wp\/v2\/media\/15302"}],"wp:attachment":[{"href":"https:\/\/geliai.lt\/fi\/wp-json\/wp\/v2\/media?parent=11095"}],"wp:term":[{"taxonomy":"product_brand","embeddable":true,"href":"https:\/\/geliai.lt\/fi\/wp-json\/wp\/v2\/product_brand?post=11095"},{"taxonomy":"product_cat","embeddable":true,"href":"https:\/\/geliai.lt\/fi\/wp-json\/wp\/v2\/product_cat?post=11095"},{"taxonomy":"product_tag","embeddable":true,"href":"https:\/\/geliai.lt\/fi\/wp-json\/wp\/v2\/product_tag?post=11095"}],"curies":[{"name":"wp","href":"https:\/\/api.w.org\/{rel}","templated":true}]}}