{"id":11089,"date":"2025-07-17T18:28:03","date_gmt":"2025-07-17T15:28:03","guid":{"rendered":"https:\/\/geliai.lt\/?post_type=product&#038;p=11089"},"modified":"2026-02-18T09:51:37","modified_gmt":"2026-02-18T07:51:37","slug":"keraminis-antgalis-kukuruzo-formos-o60-mm-14-mm-raudonas","status":"publish","type":"product","link":"https:\/\/geliai.lt\/fi\/parduotuve\/antgaliai\/keraminis-antgalis-kukuruzo-formos-o60-mm-14-mm-raudonas\/","title":{"rendered":"Keraaminen suutin, maissinmuotoinen, \u00d86,0 mm \/ 14 mm (punainen)"},"content":{"rendered":"<p>Keraminis antgalis kukur\u016bzo formos, pagamintas i\u0161 keramikos. Skersmuo 6,0 mm, ilgis 14 mm. Raudonas \u017eiedas \u017eymi \u0161velnaus \u0161iurk\u0161tumo pavir\u0161i\u0173.<\/p>","protected":false},"excerpt":{"rendered":"<h5>Keraaminen suutin maissin muodossa<\/h5>\n<p>Keraaminen k\u00e4rki maissin muodossa, jossa turvap\u00e4\u00e4. Halkaisija 6,0 mm, pituus 14 mm. Punainen merkint\u00e4 - hieno karheus.<\/p>","protected":false},"featured_media":15314,"comment_status":"open","ping_status":"closed","template":"","meta":[],"product_brand":[294],"product_cat":[258,288,307],"product_tag":[],"class_list":{"0":"post-11089","1":"product","2":"type-product","3":"status-publish","4":"has-post-thumbnail","6":"product_brand-head-the-beauty-tools","7":"product_cat-antgaliai","8":"product_cat-instrumentai","9":"product_cat-keraminiai-antgaliai","11":"first","12":"instock","13":"shipping-taxable","14":"purchasable","15":"product-type-simple"},"_links":{"self":[{"href":"https:\/\/geliai.lt\/fi\/wp-json\/wp\/v2\/product\/11089","targetHints":{"allow":["GET"]}}],"collection":[{"href":"https:\/\/geliai.lt\/fi\/wp-json\/wp\/v2\/product"}],"about":[{"href":"https:\/\/geliai.lt\/fi\/wp-json\/wp\/v2\/types\/product"}],"replies":[{"embeddable":true,"href":"https:\/\/geliai.lt\/fi\/wp-json\/wp\/v2\/comments?post=11089"}],"version-history":[{"count":4,"href":"https:\/\/geliai.lt\/fi\/wp-json\/wp\/v2\/product\/11089\/revisions"}],"predecessor-version":[{"id":15315,"href":"https:\/\/geliai.lt\/fi\/wp-json\/wp\/v2\/product\/11089\/revisions\/15315"}],"wp:featuredmedia":[{"embeddable":true,"href":"https:\/\/geliai.lt\/fi\/wp-json\/wp\/v2\/media\/15314"}],"wp:attachment":[{"href":"https:\/\/geliai.lt\/fi\/wp-json\/wp\/v2\/media?parent=11089"}],"wp:term":[{"taxonomy":"product_brand","embeddable":true,"href":"https:\/\/geliai.lt\/fi\/wp-json\/wp\/v2\/product_brand?post=11089"},{"taxonomy":"product_cat","embeddable":true,"href":"https:\/\/geliai.lt\/fi\/wp-json\/wp\/v2\/product_cat?post=11089"},{"taxonomy":"product_tag","embeddable":true,"href":"https:\/\/geliai.lt\/fi\/wp-json\/wp\/v2\/product_tag?post=11089"}],"curies":[{"name":"wp","href":"https:\/\/api.w.org\/{rel}","templated":true}]}}