{"id":11073,"date":"2025-07-17T17:22:15","date_gmt":"2025-07-17T14:22:15","guid":{"rendered":"https:\/\/geliai.lt\/?post_type=product&#038;p=11073"},"modified":"2026-02-18T10:00:47","modified_gmt":"2026-02-18T08:00:47","slug":"keraaminen-suutinkartio","status":"publish","type":"product","link":"https:\/\/geliai.lt\/fi\/parduotuve\/antgaliai\/keraminis-antgalis-kugio\/","title":{"rendered":"Keraaminen k\u00e4rki py\u00f6re\u00e4 kartiomainen, \u00d82,3 mm \/ 8 mm (sininen)"},"content":{"rendered":"<p data-start=\"485\" data-end=\"773\">Py\u00f6re\u00e4n kartion muotoinen keraaminen k\u00e4rki ammattimaiseen manikyyriin ja pedikyyriin. Valmistettu korkealaatuisesta keramiikasta, l\u00e4mm\u00f6nkest\u00e4v\u00e4 ja pitk\u00e4ik\u00e4inen. Halkaisija 2,3 mm, pituus 8 mm. Sininen rengas osoittaa keskikarheaa pintaa, sopii ty\u00f6skentelyyn geelin, akryylin ja polygeelin kanssa.<\/p>","protected":false},"excerpt":{"rendered":"<h5>Keraaminen kartiomainen suutin<\/h5>\n<p>Py\u00f6re\u00e4n kartion muotoinen keraaminen k\u00e4rki, jossa on turvap\u00e4\u00e4. Halkaisija 2,3 mm, pituus 8 mm. Sininen merkint\u00e4 - keskikarheus.<\/p>","protected":false},"featured_media":15325,"comment_status":"open","ping_status":"closed","template":"","meta":[],"product_brand":[294],"product_cat":[258,288,307],"product_tag":[],"class_list":{"0":"post-11073","1":"product","2":"type-product","3":"status-publish","4":"has-post-thumbnail","6":"product_brand-head-the-beauty-tools","7":"product_cat-antgaliai","8":"product_cat-instrumentai","9":"product_cat-keraminiai-antgaliai","11":"first","12":"instock","13":"shipping-taxable","14":"purchasable","15":"product-type-simple"},"_links":{"self":[{"href":"https:\/\/geliai.lt\/fi\/wp-json\/wp\/v2\/product\/11073","targetHints":{"allow":["GET"]}}],"collection":[{"href":"https:\/\/geliai.lt\/fi\/wp-json\/wp\/v2\/product"}],"about":[{"href":"https:\/\/geliai.lt\/fi\/wp-json\/wp\/v2\/types\/product"}],"replies":[{"embeddable":true,"href":"https:\/\/geliai.lt\/fi\/wp-json\/wp\/v2\/comments?post=11073"}],"version-history":[{"count":4,"href":"https:\/\/geliai.lt\/fi\/wp-json\/wp\/v2\/product\/11073\/revisions"}],"predecessor-version":[{"id":15326,"href":"https:\/\/geliai.lt\/fi\/wp-json\/wp\/v2\/product\/11073\/revisions\/15326"}],"wp:featuredmedia":[{"embeddable":true,"href":"https:\/\/geliai.lt\/fi\/wp-json\/wp\/v2\/media\/15325"}],"wp:attachment":[{"href":"https:\/\/geliai.lt\/fi\/wp-json\/wp\/v2\/media?parent=11073"}],"wp:term":[{"taxonomy":"product_brand","embeddable":true,"href":"https:\/\/geliai.lt\/fi\/wp-json\/wp\/v2\/product_brand?post=11073"},{"taxonomy":"product_cat","embeddable":true,"href":"https:\/\/geliai.lt\/fi\/wp-json\/wp\/v2\/product_cat?post=11073"},{"taxonomy":"product_tag","embeddable":true,"href":"https:\/\/geliai.lt\/fi\/wp-json\/wp\/v2\/product_tag?post=11073"}],"curies":[{"name":"wp","href":"https:\/\/api.w.org\/{rel}","templated":true}]}}