{"id":11062,"date":"2025-07-17T16:42:28","date_gmt":"2025-07-17T13:42:28","guid":{"rendered":"https:\/\/geliai.lt\/?post_type=product&#038;p=11062"},"modified":"2026-02-18T10:08:18","modified_gmt":"2026-02-18T08:08:18","slug":"keraaminen-karki-5-mm-13-mm","status":"publish","type":"product","link":"https:\/\/geliai.lt\/fi\/parduotuve\/antgaliai\/keraminis-antgalis-5-mm-13-mm\/","title":{"rendered":"Keraaminen suutin lieri\u00f6m\u00e4inen turvap\u00e4\u00e4ll\u00e4, \u00d86,5 mm \/ 13 mm (punainen)"},"content":{"rendered":"<p>Sylinterim\u00e4inen keraaminen k\u00e4rki turvap\u00e4\u00e4ll\u00e4 \u2013 ihanteellinen ty\u00f6kalu geeli- tai akryylimateriaalien kanssa ty\u00f6skentelyyn. Keraamisen rakenteensa ansiosta se on kest\u00e4v\u00e4 ja l\u00e4mm\u00f6nkest\u00e4v\u00e4. Punainen merkint\u00e4 osoittaa k\u00e4rjen karheusasteen (pehme\u00e4 karheus).<\/p>","protected":false},"excerpt":{"rendered":"<h5>Keraaminen suutinsylinteri<\/h5>\n<p>Korkealaatuinen keraaminen k\u00e4rki sylinterin muotoisena ja turvallisella p\u00e4\u00e4ll\u00e4. Sopii k\u00e4ytett\u00e4v\u00e4ksi ammattimaisessa manikyyriss\u00e4 tai pedikyyriss\u00e4.<\/p>","protected":false},"featured_media":15331,"comment_status":"open","ping_status":"closed","template":"","meta":[],"product_brand":[294],"product_cat":[258,288,307],"product_tag":[],"class_list":{"0":"post-11062","1":"product","2":"type-product","3":"status-publish","4":"has-post-thumbnail","6":"product_brand-head-the-beauty-tools","7":"product_cat-antgaliai","8":"product_cat-instrumentai","9":"product_cat-keraminiai-antgaliai","11":"first","12":"instock","13":"shipping-taxable","14":"purchasable","15":"product-type-simple"},"_links":{"self":[{"href":"https:\/\/geliai.lt\/fi\/wp-json\/wp\/v2\/product\/11062","targetHints":{"allow":["GET"]}}],"collection":[{"href":"https:\/\/geliai.lt\/fi\/wp-json\/wp\/v2\/product"}],"about":[{"href":"https:\/\/geliai.lt\/fi\/wp-json\/wp\/v2\/types\/product"}],"replies":[{"embeddable":true,"href":"https:\/\/geliai.lt\/fi\/wp-json\/wp\/v2\/comments?post=11062"}],"version-history":[{"count":7,"href":"https:\/\/geliai.lt\/fi\/wp-json\/wp\/v2\/product\/11062\/revisions"}],"predecessor-version":[{"id":15332,"href":"https:\/\/geliai.lt\/fi\/wp-json\/wp\/v2\/product\/11062\/revisions\/15332"}],"wp:featuredmedia":[{"embeddable":true,"href":"https:\/\/geliai.lt\/fi\/wp-json\/wp\/v2\/media\/15331"}],"wp:attachment":[{"href":"https:\/\/geliai.lt\/fi\/wp-json\/wp\/v2\/media?parent=11062"}],"wp:term":[{"taxonomy":"product_brand","embeddable":true,"href":"https:\/\/geliai.lt\/fi\/wp-json\/wp\/v2\/product_brand?post=11062"},{"taxonomy":"product_cat","embeddable":true,"href":"https:\/\/geliai.lt\/fi\/wp-json\/wp\/v2\/product_cat?post=11062"},{"taxonomy":"product_tag","embeddable":true,"href":"https:\/\/geliai.lt\/fi\/wp-json\/wp\/v2\/product_tag?post=11062"}],"curies":[{"name":"wp","href":"https:\/\/api.w.org\/{rel}","templated":true}]}}