{"id":10848,"date":"2025-06-18T20:57:27","date_gmt":"2025-06-18T17:57:27","guid":{"rendered":"https:\/\/geliai.lt\/?post_type=product&#038;p=10848"},"modified":"2026-04-22T08:56:05","modified_gmt":"2026-04-22T05:56:05","slug":"jogurttigeeli-10","status":"publish","type":"product","link":"https:\/\/geliai.lt\/fi\/parduotuve\/gelio-sistema\/yogurt-gel-10\/","title":{"rendered":"YOGURT Gel 10 \u2013 kynsienpidennysgeeli"},"content":{"rendered":"<ul>\n<li>\n<p data-path-to-node=\"1,0,0\"><b data-path-to-node=\"1,0,0\" data-index-in-node=\"0\">Turvallinen k\u00e4ytt\u00f6<\/b> \u2013 yksifaasinen kynsigeeli on valmistettu ilman HEMA- ja TPO-komponentteja, mik\u00e4 v\u00e4hent\u00e4\u00e4 merkitt\u00e4v\u00e4sti allergisten reaktioiden riski\u00e4 ja varmistaa turvallisen k\u00e4yt\u00f6n.<\/p>\n<\/li>\n<li>\n<p data-path-to-node=\"1,1,0\"><b data-path-to-node=\"1,1,0\" data-index-in-node=\"0\">Yleisk\u00e4ytt\u00f6inen<\/b> \u2013 Tuote soveltuu hiustenpidennyksiin sapluunoiden, k\u00e4rkien ja kaksoismuotojen kanssa ty\u00f6skentelyyn sek\u00e4 &quot;ranskalaisten&quot; k\u00e4rkien ja &quot;prinsessakynsien&quot; mallien luomiseen.<\/p>\n<\/li>\n<li>\n<p data-path-to-node=\"1,2,0\"><b data-path-to-node=\"1,2,0\" data-index-in-node=\"0\">Ty\u00f6tehokkuus<\/b> \u2013 koostumuksen pienet foliohiukkaset mahdollistavat lopullisen manikyyrin tekemisen ilman lis\u00e4lakkoja tai koristeellisia p\u00e4\u00e4llyslakkoja; parhaan tarttuvuuden saavuttamiseksi on suositeltavaa k\u00e4ytt\u00e4\u00e4 Rubber Base -kumipohjaa.<\/p>\n<\/li>\n<\/ul>","protected":false},"excerpt":{"rendered":"<h5>Jogurttigeeli<\/h5>\n<h6>(ilman HEMAa, ilman TPO:ta)<\/h6>\n<p>(ilman HEMAa) on yksifaasinen geeli hienoilla foliohiukkasilla, joka sopii erinomaisesti kynsienpidennyksiin mallipohjille, k\u00e4rkiin ja ty\u00f6skentelyyn kaksoismuottien kanssa. Se sopii t\u00e4ydellisesti nopeaan ja tehokkaaseen manikyyriin ilman lakkoja ja foliota. Tuotetta k\u00e4ytet\u00e4\u00e4n my\u00f6s sek\u00e4 ranskalaisten kynsien k\u00e4rkien ett\u00e4 &quot;prinsessakynsien&quot; tyyliin. Parhaan tarttuvuuden saavuttamiseksi on suositeltavaa k\u00e4ytt\u00e4\u00e4 kirkasta pohjaa (Rubber Base Monarx).<\/p>","protected":false},"featured_media":16947,"comment_status":"open","ping_status":"closed","template":"","meta":[],"product_brand":[290],"product_cat":[180,580,279],"product_tag":[],"class_list":{"0":"post-10848","1":"product","2":"type-product","3":"status-publish","4":"has-post-thumbnail","6":"product_brand-monarx-nails","7":"product_cat-gelio-sistema","8":"product_cat-nagu-prieziura","9":"product_cat-yogurt-gel","11":"first","12":"outofstock","13":"shipping-taxable","14":"purchasable","15":"product-type-variable"},"_links":{"self":[{"href":"https:\/\/geliai.lt\/fi\/wp-json\/wp\/v2\/product\/10848","targetHints":{"allow":["GET"]}}],"collection":[{"href":"https:\/\/geliai.lt\/fi\/wp-json\/wp\/v2\/product"}],"about":[{"href":"https:\/\/geliai.lt\/fi\/wp-json\/wp\/v2\/types\/product"}],"replies":[{"embeddable":true,"href":"https:\/\/geliai.lt\/fi\/wp-json\/wp\/v2\/comments?post=10848"}],"version-history":[{"count":3,"href":"https:\/\/geliai.lt\/fi\/wp-json\/wp\/v2\/product\/10848\/revisions"}],"predecessor-version":[{"id":15400,"href":"https:\/\/geliai.lt\/fi\/wp-json\/wp\/v2\/product\/10848\/revisions\/15400"}],"wp:featuredmedia":[{"embeddable":true,"href":"https:\/\/geliai.lt\/fi\/wp-json\/wp\/v2\/media\/16947"}],"wp:attachment":[{"href":"https:\/\/geliai.lt\/fi\/wp-json\/wp\/v2\/media?parent=10848"}],"wp:term":[{"taxonomy":"product_brand","embeddable":true,"href":"https:\/\/geliai.lt\/fi\/wp-json\/wp\/v2\/product_brand?post=10848"},{"taxonomy":"product_cat","embeddable":true,"href":"https:\/\/geliai.lt\/fi\/wp-json\/wp\/v2\/product_cat?post=10848"},{"taxonomy":"product_tag","embeddable":true,"href":"https:\/\/geliai.lt\/fi\/wp-json\/wp\/v2\/product_tag?post=10848"}],"curies":[{"name":"wp","href":"https:\/\/api.w.org\/{rel}","templated":true}]}}