{"id":10809,"date":"2025-06-16T14:46:24","date_gmt":"2025-06-16T11:46:24","guid":{"rendered":"https:\/\/geliai.lt\/?post_type=product&#038;p=10809"},"modified":"2026-02-26T21:29:08","modified_gmt":"2026-02-26T19:29:08","slug":"salon-square","status":"publish","type":"product","link":"https:\/\/geliai.lt\/fi\/parduotuve\/nagu-prieziura\/salon-square\/","title":{"rendered":"DUAL-kynsimuotit neli\u00f6nmuotoiset (salonki neli\u00f6) 120 kpl."},"content":{"rendered":"","protected":false},"excerpt":{"rendered":"<h5>Salon Square<\/h5>\n<p>Monarx-muotit ovat joustavia, pit\u00e4v\u00e4t muotonsa t\u00e4ydellisesti ja ne on helppo poistaa mink\u00e4 tahansa materiaalin polymeroinnin j\u00e4lkeen - ilman vaivaa.<\/p>\n<p>Sopii k\u00e4ytett\u00e4v\u00e4ksi sek\u00e4 akryyligeelin ett\u00e4 rakennusgeelin kanssa.<br \/>\nMuotin parannettu muotoilu helpottaa t\u00e4ydellisen kynsiarkkitehtuurin luomista - jopa aloitteleville kynsitaiteilijoille.<\/p>\n<p>Setti sis\u00e4lt\u00e4\u00e4 120 palaa \u2013 12 kokoa, 10 palaa, joten l\u00f6yd\u00e4t helposti oikean muodon jokaiselle kynnelle.<\/p>","protected":false},"featured_media":15426,"comment_status":"open","ping_status":"closed","template":"","meta":[],"product_brand":[290],"product_cat":[580,253,304],"product_tag":[],"class_list":{"0":"post-10809","1":"product","2":"type-product","3":"status-publish","4":"has-post-thumbnail","6":"product_brand-monarx-nails","7":"product_cat-nagu-prieziura","8":"product_cat-priauginimas","9":"product_cat-virsutines-formeles","11":"first","12":"instock","13":"shipping-taxable","14":"purchasable","15":"product-type-simple"},"_links":{"self":[{"href":"https:\/\/geliai.lt\/fi\/wp-json\/wp\/v2\/product\/10809","targetHints":{"allow":["GET"]}}],"collection":[{"href":"https:\/\/geliai.lt\/fi\/wp-json\/wp\/v2\/product"}],"about":[{"href":"https:\/\/geliai.lt\/fi\/wp-json\/wp\/v2\/types\/product"}],"replies":[{"embeddable":true,"href":"https:\/\/geliai.lt\/fi\/wp-json\/wp\/v2\/comments?post=10809"}],"version-history":[{"count":3,"href":"https:\/\/geliai.lt\/fi\/wp-json\/wp\/v2\/product\/10809\/revisions"}],"predecessor-version":[{"id":15427,"href":"https:\/\/geliai.lt\/fi\/wp-json\/wp\/v2\/product\/10809\/revisions\/15427"}],"wp:featuredmedia":[{"embeddable":true,"href":"https:\/\/geliai.lt\/fi\/wp-json\/wp\/v2\/media\/15426"}],"wp:attachment":[{"href":"https:\/\/geliai.lt\/fi\/wp-json\/wp\/v2\/media?parent=10809"}],"wp:term":[{"taxonomy":"product_brand","embeddable":true,"href":"https:\/\/geliai.lt\/fi\/wp-json\/wp\/v2\/product_brand?post=10809"},{"taxonomy":"product_cat","embeddable":true,"href":"https:\/\/geliai.lt\/fi\/wp-json\/wp\/v2\/product_cat?post=10809"},{"taxonomy":"product_tag","embeddable":true,"href":"https:\/\/geliai.lt\/fi\/wp-json\/wp\/v2\/product_tag?post=10809"}],"curies":[{"name":"wp","href":"https:\/\/api.w.org\/{rel}","templated":true}]}}