{"id":10773,"date":"2025-06-06T19:37:23","date_gmt":"2025-06-06T16:37:23","guid":{"rendered":"https:\/\/geliai.lt\/?post_type=product&#038;p=10773"},"modified":"2026-04-21T18:13:12","modified_gmt":"2026-04-21T15:13:12","slug":"vega-geeli","status":"publish","type":"product","link":"https:\/\/geliai.lt\/fi\/parduotuve\/gelio-sistema\/vega-gelis\/","title":{"rendered":"Vega Gel \u2013 geeli kynsienpidennyksiin"},"content":{"rendered":"<ul>\n<li>\n<p data-path-to-node=\"1,0,0\"><b data-path-to-node=\"1,0,0\" data-index-in-node=\"0\">Turvallinen ja mukava k\u00e4ytt\u00f6<\/b> \u2013 Tuote on valmistettu ilman HEMAa, TPO:ta, happoja tai muita aggressiivisia aineita, joten se sopii herkille kynsilevyille, ja polymeroinnin aikana v\u00e4hentynyt l\u00e4mm\u00f6n tunne takaa asiakkaan mukavuuden.<\/p>\n<\/li>\n<li>\n<p data-path-to-node=\"1,1,0\"><b data-path-to-node=\"1,1,0\" data-index-in-node=\"0\">Yleismallinnusominaisuudet<\/b> \u2013 keskipaksu, itsest\u00e4\u00e4n tasoittuva geeli ei valu ja sopii t\u00e4ydellisesti yl\u00e4- tai alaleuan pidennyksiin, luonnollisten kynsien vahvistamiseen ja ep\u00e4muodostuneiden kynsilevyjen korjaamiseen.<\/p>\n<\/li>\n<li>\n<p data-path-to-node=\"1,2,0\"><b data-path-to-node=\"1,2,0\" data-index-in-node=\"0\">Mekaaninen kest\u00e4vyys ja hy\u00f6tysuhde<\/b> \u2013 vahvistaa heikkoja kynsi\u00e4 antamalla niille vakautta, ei kutistu tai lohkeile, ja vaalea s\u00e4vy mahdollistaa vahvistamisen ja v\u00e4rj\u00e4\u00e4misen yhdess\u00e4 vaiheessa, mik\u00e4 s\u00e4\u00e4st\u00e4\u00e4 ty\u00f6aikaa.<\/p>\n<\/li>\n<\/ul>","protected":false},"excerpt":{"rendered":"<h5>Vega-geeli (HEMA-vapaa, TPO-vapaa)<\/h5>\n<p>Rakkautta ensi kosketuksella!<br \/>\nRomanttinen geeli hienoilla kimaltelevilla hiukkasilla, jotka varmasti miellytt\u00e4v\u00e4t jokaista asiakasta.<\/p>","protected":false},"featured_media":10774,"comment_status":"open","ping_status":"closed","template":"","meta":[],"product_brand":[290],"product_cat":[180,580,303],"product_tag":[],"class_list":{"0":"post-10773","1":"product","2":"type-product","3":"status-publish","4":"has-post-thumbnail","6":"product_brand-monarx-nails","7":"product_cat-gelio-sistema","8":"product_cat-nagu-prieziura","9":"product_cat-star-darklings-geliai","11":"first","12":"instock","13":"shipping-taxable","14":"purchasable","15":"product-type-variable"},"_links":{"self":[{"href":"https:\/\/geliai.lt\/fi\/wp-json\/wp\/v2\/product\/10773","targetHints":{"allow":["GET"]}}],"collection":[{"href":"https:\/\/geliai.lt\/fi\/wp-json\/wp\/v2\/product"}],"about":[{"href":"https:\/\/geliai.lt\/fi\/wp-json\/wp\/v2\/types\/product"}],"replies":[{"embeddable":true,"href":"https:\/\/geliai.lt\/fi\/wp-json\/wp\/v2\/comments?post=10773"}],"version-history":[{"count":3,"href":"https:\/\/geliai.lt\/fi\/wp-json\/wp\/v2\/product\/10773\/revisions"}],"predecessor-version":[{"id":15429,"href":"https:\/\/geliai.lt\/fi\/wp-json\/wp\/v2\/product\/10773\/revisions\/15429"}],"wp:featuredmedia":[{"embeddable":true,"href":"https:\/\/geliai.lt\/fi\/wp-json\/wp\/v2\/media\/10774"}],"wp:attachment":[{"href":"https:\/\/geliai.lt\/fi\/wp-json\/wp\/v2\/media?parent=10773"}],"wp:term":[{"taxonomy":"product_brand","embeddable":true,"href":"https:\/\/geliai.lt\/fi\/wp-json\/wp\/v2\/product_brand?post=10773"},{"taxonomy":"product_cat","embeddable":true,"href":"https:\/\/geliai.lt\/fi\/wp-json\/wp\/v2\/product_cat?post=10773"},{"taxonomy":"product_tag","embeddable":true,"href":"https:\/\/geliai.lt\/fi\/wp-json\/wp\/v2\/product_tag?post=10773"}],"curies":[{"name":"wp","href":"https:\/\/api.w.org\/{rel}","templated":true}]}}