{"id":10590,"date":"2025-06-01T13:47:06","date_gmt":"2025-06-01T10:47:06","guid":{"rendered":"https:\/\/geliai.lt\/?post_type=product&#038;p=10590"},"modified":"2026-04-27T12:44:12","modified_gmt":"2026-04-27T09:44:12","slug":"neongeeli-1","status":"publish","type":"product","link":"https:\/\/geliai.lt\/fi\/parduotuve\/gelio-sistema\/neon-gel-1\/","title":{"rendered":"NEON GEL 1 \u2013 kynsienpidennysgeeli"},"content":{"rendered":"<ul>\n<li>\n<p data-path-to-node=\"1,0,0\"><b data-path-to-node=\"1,0,0\" data-index-in-node=\"0\">Turvallinen k\u00e4ytt\u00f6<\/b> \u2013 tuote ei sis\u00e4ll\u00e4 HEMA- eik\u00e4 TPO-komponentteja, mik\u00e4 v\u00e4hent\u00e4\u00e4 merkitt\u00e4v\u00e4sti allergisten reaktioiden riski\u00e4 ja varmistaa turvallisen k\u00e4yt\u00f6n herkille asiakkaille.<\/p>\n<\/li>\n<li>\n<p data-path-to-node=\"1,1,0\"><b data-path-to-node=\"1,1,0\" data-index-in-node=\"0\">Korkea vastus<\/b> \u2013 geeli on eritt\u00e4in kest\u00e4v\u00e4 ja kest\u00e4\u00e4 mekaanisia vaurioita, mik\u00e4 varmistaa, ett\u00e4 manikyyri pysyy muuttumattomana koko k\u00e4ytt\u00f6ajan.<\/p>\n<\/li>\n<li>\n<p data-path-to-node=\"1,2,0\"><b data-path-to-node=\"1,2,0\" data-index-in-node=\"0\">K\u00e4ytt\u00f6suositukset<\/b> \u2013 parhaan mahdollisen tarttuvuuden varmistamiseksi on suositeltavaa levitt\u00e4\u00e4 l\u00e4pin\u00e4kyv\u00e4 pohjamaali (esim. Rubber Base Monarx) ennen k\u00e4ytt\u00f6\u00e4<\/p>\n<\/li>\n<\/ul>","protected":false},"excerpt":{"rendered":"<h5>NEON-GEELI (HEMA-vapaa, TPO-vapaa)<\/h5>\n<p>Yksivaiheinen, kova geeli, joka sopii t\u00e4ydellisesti luonnollisen kynsilevyn palauttamiseen sek\u00e4 mallin ja k\u00e4rjen muotoiluun ja pident\u00e4miseen.<br \/>\nYksitt\u00e4isten ainesosien ainutlaatuisten suhteiden ansiosta t\u00e4m\u00e4 v\u00e4rillinen geeli sopii t\u00e4ydellisesti erilaisiin kynsienmuotoilutekniikoihin, mukaan lukien kaksoismuovaukset ja viilaamaton menetelm\u00e4.<\/p>","protected":false},"featured_media":15457,"comment_status":"open","ping_status":"closed","template":"","meta":[],"product_brand":[290],"product_cat":[180,580,301],"product_tag":[],"class_list":{"0":"post-10590","1":"product","2":"type-product","3":"status-publish","4":"has-post-thumbnail","6":"product_brand-monarx-nails","7":"product_cat-gelio-sistema","8":"product_cat-nagu-prieziura","9":"product_cat-neon-geliai","11":"first","12":"instock","13":"shipping-taxable","14":"purchasable","15":"product-type-simple"},"_links":{"self":[{"href":"https:\/\/geliai.lt\/fi\/wp-json\/wp\/v2\/product\/10590","targetHints":{"allow":["GET"]}}],"collection":[{"href":"https:\/\/geliai.lt\/fi\/wp-json\/wp\/v2\/product"}],"about":[{"href":"https:\/\/geliai.lt\/fi\/wp-json\/wp\/v2\/types\/product"}],"replies":[{"embeddable":true,"href":"https:\/\/geliai.lt\/fi\/wp-json\/wp\/v2\/comments?post=10590"}],"version-history":[{"count":3,"href":"https:\/\/geliai.lt\/fi\/wp-json\/wp\/v2\/product\/10590\/revisions"}],"predecessor-version":[{"id":15458,"href":"https:\/\/geliai.lt\/fi\/wp-json\/wp\/v2\/product\/10590\/revisions\/15458"}],"wp:featuredmedia":[{"embeddable":true,"href":"https:\/\/geliai.lt\/fi\/wp-json\/wp\/v2\/media\/15457"}],"wp:attachment":[{"href":"https:\/\/geliai.lt\/fi\/wp-json\/wp\/v2\/media?parent=10590"}],"wp:term":[{"taxonomy":"product_brand","embeddable":true,"href":"https:\/\/geliai.lt\/fi\/wp-json\/wp\/v2\/product_brand?post=10590"},{"taxonomy":"product_cat","embeddable":true,"href":"https:\/\/geliai.lt\/fi\/wp-json\/wp\/v2\/product_cat?post=10590"},{"taxonomy":"product_tag","embeddable":true,"href":"https:\/\/geliai.lt\/fi\/wp-json\/wp\/v2\/product_tag?post=10590"}],"curies":[{"name":"wp","href":"https:\/\/api.w.org\/{rel}","templated":true}]}}