{"id":10521,"date":"2025-05-22T19:04:45","date_gmt":"2025-05-22T16:04:45","guid":{"rendered":"https:\/\/geliai.lt\/?post_type=product&#038;p=10521"},"modified":"2026-04-21T22:12:40","modified_gmt":"2026-04-21T19:12:40","slug":"platinageeli-5","status":"publish","type":"product","link":"https:\/\/geliai.lt\/fi\/parduotuve\/gelio-sistema\/platinum-gel-5\/","title":{"rendered":"PLATINUM GEL 5 \u2013 kynsienpidennysgeeli"},"content":{"rendered":"<ul>\n<li>\n<p data-path-to-node=\"1,0,0\"><b data-path-to-node=\"1,0,0\" data-index-in-node=\"0\">Monitoiminen muotoilu<\/b> \u2013 geeli soveltuu rakenteellisten &quot;ranskalaisten&quot; tyylisten k\u00e4rkien ja &quot;prinsessakynsien&quot; tyylisten mallien luomiseen.<\/p>\n<\/li>\n<li>\n<p data-path-to-node=\"1,1,0\"><b data-path-to-node=\"1,1,0\" data-index-in-node=\"0\">Ty\u00f6tehokkuus<\/b> \u2013 tuotteen ominaisuudet mahdollistavat k\u00e4ytett\u00e4vien tuotteiden m\u00e4\u00e4r\u00e4n v\u00e4hent\u00e4misen ja toimenpideajan lyhent\u00e4misen.<\/p>\n<\/li>\n<li>\n<p data-path-to-node=\"1,2,0\"><b data-path-to-node=\"1,2,0\" data-index-in-node=\"0\">K\u00e4ytt\u00f6suositukset<\/b> \u2013 Jotta kynsilevyyn tarttuisi mahdollisimman hyvin, on suositeltavaa k\u00e4ytt\u00e4\u00e4 kirkasta pohjaa (esim. Monarx Rubber Base) ennen hiukkasia sis\u00e4lt\u00e4v\u00e4n geelin levitt\u00e4mist\u00e4.<\/p>\n<\/li>\n<\/ul>","protected":false},"excerpt":{"rendered":"<h5>PLATINAGEELI 5<\/h5>\n<p>PLATINUM GEELI (HEMA-vapaa, TPO-vapaa) \u2013 yksifaasinen geeli hienonnetulla hopeafoliolla.<br \/>\nLujuutensa ansiosta se sopii t\u00e4ydellisesti kynsienpidennyksiin muotteihin tai k\u00e4rkiin, pituudesta riippumatta.<br \/>\nIhanteellinen my\u00f6s kaksoislomakkeita k\u00e4ytt\u00e4viin laajennuksiin.<br \/>\nAinutlaatuisten ominaisuuksiensa ansiosta t\u00e4ll\u00e4 geelill\u00e4 voit tehd\u00e4 nopean ja eritt\u00e4in tehokkaan manikyyrin ilman ylim\u00e4\u00e4r\u00e4ist\u00e4 lakkakerrosta tai foliota.<\/p>","protected":false},"featured_media":15512,"comment_status":"open","ping_status":"closed","template":"","meta":[],"product_brand":[290],"product_cat":[180,580,299],"product_tag":[],"class_list":{"0":"post-10521","1":"product","2":"type-product","3":"status-publish","4":"has-post-thumbnail","6":"product_brand-monarx-nails","7":"product_cat-gelio-sistema","8":"product_cat-nagu-prieziura","9":"product_cat-platinum-geliai","11":"first","12":"instock","13":"shipping-taxable","14":"purchasable","15":"product-type-variable"},"_links":{"self":[{"href":"https:\/\/geliai.lt\/fi\/wp-json\/wp\/v2\/product\/10521","targetHints":{"allow":["GET"]}}],"collection":[{"href":"https:\/\/geliai.lt\/fi\/wp-json\/wp\/v2\/product"}],"about":[{"href":"https:\/\/geliai.lt\/fi\/wp-json\/wp\/v2\/types\/product"}],"replies":[{"embeddable":true,"href":"https:\/\/geliai.lt\/fi\/wp-json\/wp\/v2\/comments?post=10521"}],"version-history":[{"count":3,"href":"https:\/\/geliai.lt\/fi\/wp-json\/wp\/v2\/product\/10521\/revisions"}],"predecessor-version":[{"id":15513,"href":"https:\/\/geliai.lt\/fi\/wp-json\/wp\/v2\/product\/10521\/revisions\/15513"}],"wp:featuredmedia":[{"embeddable":true,"href":"https:\/\/geliai.lt\/fi\/wp-json\/wp\/v2\/media\/15512"}],"wp:attachment":[{"href":"https:\/\/geliai.lt\/fi\/wp-json\/wp\/v2\/media?parent=10521"}],"wp:term":[{"taxonomy":"product_brand","embeddable":true,"href":"https:\/\/geliai.lt\/fi\/wp-json\/wp\/v2\/product_brand?post=10521"},{"taxonomy":"product_cat","embeddable":true,"href":"https:\/\/geliai.lt\/fi\/wp-json\/wp\/v2\/product_cat?post=10521"},{"taxonomy":"product_tag","embeddable":true,"href":"https:\/\/geliai.lt\/fi\/wp-json\/wp\/v2\/product_tag?post=10521"}],"curies":[{"name":"wp","href":"https:\/\/api.w.org\/{rel}","templated":true}]}}