{"id":10478,"date":"2025-05-19T13:47:39","date_gmt":"2025-05-19T10:47:39","guid":{"rendered":"https:\/\/geliai.lt\/?post_type=product&#038;p=10478"},"modified":"2026-02-19T09:23:22","modified_gmt":"2026-02-19T07:23:22","slug":"prosteril-klijuojami-dildes-abrazyvai-maxi-180-gritu-50vnt-1mm","status":"publish","type":"product","link":"https:\/\/geliai.lt\/fi\/parduotuve\/dildes\/prosteril-klijuojami-dildes-abrazyvai-maxi-180-gritu-50vnt-1mm\/","title":{"rendered":"ProSteril Bonded -hiomaviilat MAXI 180 karkeus 50 kpl 1 mm"},"content":{"rendered":"","protected":false},"excerpt":{"rendered":"<h5>ProSteril-hiomatarrat<\/h5>\n<p>Suorat hiomaviilat \u2013 karkeus 180, paksuus 1 mm. K\u00e4tev\u00e4\u00e4n ja tarkkaan manikyyriin. Pakkaus \u2013 50 kpl.<br \/>\nProdukto kodas: FBMAXI180<\/p>","protected":false},"featured_media":15526,"comment_status":"open","ping_status":"closed","template":"","meta":[],"product_brand":[289],"product_cat":[300,288],"product_tag":[],"class_list":{"0":"post-10478","1":"product","2":"type-product","3":"status-publish","4":"has-post-thumbnail","6":"product_brand-pro-steril","7":"product_cat-dildes","8":"product_cat-instrumentai","10":"first","11":"instock","12":"shipping-taxable","13":"purchasable","14":"product-type-simple"},"_links":{"self":[{"href":"https:\/\/geliai.lt\/fi\/wp-json\/wp\/v2\/product\/10478","targetHints":{"allow":["GET"]}}],"collection":[{"href":"https:\/\/geliai.lt\/fi\/wp-json\/wp\/v2\/product"}],"about":[{"href":"https:\/\/geliai.lt\/fi\/wp-json\/wp\/v2\/types\/product"}],"replies":[{"embeddable":true,"href":"https:\/\/geliai.lt\/fi\/wp-json\/wp\/v2\/comments?post=10478"}],"version-history":[{"count":2,"href":"https:\/\/geliai.lt\/fi\/wp-json\/wp\/v2\/product\/10478\/revisions"}],"predecessor-version":[{"id":15530,"href":"https:\/\/geliai.lt\/fi\/wp-json\/wp\/v2\/product\/10478\/revisions\/15530"}],"wp:featuredmedia":[{"embeddable":true,"href":"https:\/\/geliai.lt\/fi\/wp-json\/wp\/v2\/media\/15526"}],"wp:attachment":[{"href":"https:\/\/geliai.lt\/fi\/wp-json\/wp\/v2\/media?parent=10478"}],"wp:term":[{"taxonomy":"product_brand","embeddable":true,"href":"https:\/\/geliai.lt\/fi\/wp-json\/wp\/v2\/product_brand?post=10478"},{"taxonomy":"product_cat","embeddable":true,"href":"https:\/\/geliai.lt\/fi\/wp-json\/wp\/v2\/product_cat?post=10478"},{"taxonomy":"product_tag","embeddable":true,"href":"https:\/\/geliai.lt\/fi\/wp-json\/wp\/v2\/product_tag?post=10478"}],"curies":[{"name":"wp","href":"https:\/\/api.w.org\/{rel}","templated":true}]}}