{"id":9271,"date":"2025-03-28T14:33:51","date_gmt":"2025-03-28T12:33:51","guid":{"rendered":"https:\/\/geliai.lt\/?post_type=product&#038;p=9271"},"modified":"2026-04-21T17:22:36","modified_gmt":"2026-04-21T14:22:36","slug":"glitter-gel-2","status":"publish","type":"product","link":"https:\/\/geliai.lt\/et\/parduotuve\/gelio-sistema\/glitter-gel-2\/","title":{"rendered":"Glitter Gel 2 &#8211; gelis nag\u0173 priauginimui"},"content":{"rendered":"<ul>\n<li>\n<p data-path-to-node=\"1,0,0\"><b data-path-to-node=\"1,0,0\" data-index-in-node=\"0\">Modelleerimisfunktsioonid<\/b> \u2013 keskmise paksusega konsistents tagab, et geel ei voola laiali, jaotub \u00fchtlaselt ja on kergesti modelleeritav, kiirendades seel\u00e4bi t\u00f6\u00f6protsessi.<\/p>\n<\/li>\n<li>\n<p data-path-to-node=\"1,1,0\"><b data-path-to-node=\"1,1,0\" data-index-in-node=\"0\">Kasutussoovitused<\/b> \u2013 k\u00fc\u00fcneplaadile maksimaalse nakkuvuse saavutamiseks tuleb toodet kasutada koos Rubber Base&#039;iga.<\/p>\n<\/li>\n<li>\n<p data-path-to-node=\"1,2,0\"><b data-path-to-node=\"1,2,0\" data-index-in-node=\"0\">Esteetika ja vastupidavus<\/b> \u2013 p\u00e4rlmutters\u00e4delusega rikastatud geel on v\u00e4ga vastupidav purunemisele ja pragunemisele, ei muuda v\u00e4rvi ning seda saab kasutada nii t\u00e4ielikuks katmiseks kui ka disainielementide loomiseks.<\/p>\n<\/li>\n<\/ul>","protected":false},"excerpt":{"rendered":"<h5>S\u00e4delev geel 2<\/h5>\n<h6>(ilma HEMA-ta, ilma TPO-ta)<\/h6>\n<p>L\u00e4ikiv UV\/LED k\u00fc\u00fcnegeel \u2013 professionaalne kvaliteet<\/p>","protected":false},"featured_media":15579,"comment_status":"open","ping_status":"closed","template":"","meta":[],"product_brand":[290],"product_cat":[180,284,580],"product_tag":[],"class_list":{"0":"post-9271","1":"product","2":"type-product","3":"status-publish","4":"has-post-thumbnail","6":"product_brand-monarx-nails","7":"product_cat-gelio-sistema","8":"product_cat-glitter-gel","9":"product_cat-nagu-prieziura","11":"first","12":"instock","13":"shipping-taxable","14":"purchasable","15":"product-type-variable"},"_links":{"self":[{"href":"https:\/\/geliai.lt\/et\/wp-json\/wp\/v2\/product\/9271","targetHints":{"allow":["GET"]}}],"collection":[{"href":"https:\/\/geliai.lt\/et\/wp-json\/wp\/v2\/product"}],"about":[{"href":"https:\/\/geliai.lt\/et\/wp-json\/wp\/v2\/types\/product"}],"replies":[{"embeddable":true,"href":"https:\/\/geliai.lt\/et\/wp-json\/wp\/v2\/comments?post=9271"}],"version-history":[{"count":3,"href":"https:\/\/geliai.lt\/et\/wp-json\/wp\/v2\/product\/9271\/revisions"}],"predecessor-version":[{"id":15580,"href":"https:\/\/geliai.lt\/et\/wp-json\/wp\/v2\/product\/9271\/revisions\/15580"}],"wp:featuredmedia":[{"embeddable":true,"href":"https:\/\/geliai.lt\/et\/wp-json\/wp\/v2\/media\/15579"}],"wp:attachment":[{"href":"https:\/\/geliai.lt\/et\/wp-json\/wp\/v2\/media?parent=9271"}],"wp:term":[{"taxonomy":"product_brand","embeddable":true,"href":"https:\/\/geliai.lt\/et\/wp-json\/wp\/v2\/product_brand?post=9271"},{"taxonomy":"product_cat","embeddable":true,"href":"https:\/\/geliai.lt\/et\/wp-json\/wp\/v2\/product_cat?post=9271"},{"taxonomy":"product_tag","embeddable":true,"href":"https:\/\/geliai.lt\/et\/wp-json\/wp\/v2\/product_tag?post=9271"}],"curies":[{"name":"wp","href":"https:\/\/api.w.org\/{rel}","templated":true}]}}