{"id":8593,"date":"2025-02-01T11:11:10","date_gmt":"2025-02-01T09:11:10","guid":{"rendered":"https:\/\/geliai.lt\/?post_type=product&#038;p=8593"},"modified":"2026-04-29T19:49:31","modified_gmt":"2026-04-29T16:49:31","slug":"barbie-geel-rossela-kuunepikenduste-geel","status":"publish","type":"product","link":"https:\/\/geliai.lt\/et\/parduotuve\/barbie-gel\/barbie-gel-rossela-gelis-nagu-priauginimui\/","title":{"rendered":"Barbie Gel ROSSELA \u2013 k\u00fc\u00fcnepikenduste geel"},"content":{"rendered":"<ul>\n<li>\n<p data-path-to-node=\"1,0,0\"><b data-path-to-node=\"1,0,0\" data-index-in-node=\"0\">Ohutu kasutamine ja mugavus<\/b> \u2013 geel ei sisalda happeid ega allergeene, seega on toode k\u00fc\u00fcneplaadile ja nahale ohutu ning mittekuumenemist tekitav koostis tagab mugavuse pol\u00fcmerisatsiooni ajal.<\/p>\n<\/li>\n<li>\n<p data-path-to-node=\"1,1,0\"><b data-path-to-node=\"1,1,0\" data-index-in-node=\"0\">Nutikad modelleerimisfunktsioonid<\/b> \u2013 tiksotroopsete (\u201evedela m\u00e4luga\u201c) isetasanduv tekstuur hoiab \u00e4ra materjali sattumise k\u00fc\u00fcnenahkadesse, lihtsustab pealekandmist algajatele ja v\u00e4hendab t\u00f6\u00f6aega miinimumini.<\/p>\n<\/li>\n<li>\n<p data-path-to-node=\"1,2,0\"><b data-path-to-node=\"1,2,0\" data-index-in-node=\"0\">Mehaaniline vastupidavus<\/b> \u2013 multifunktsionaalne geel on tugeva p\u00fcsivusega, kriimustuskindel ja annab intensiivse l\u00e4ike, tagades professionaalse tulemuse, mis kestab kuni 4 n\u00e4dalat.<\/p>\n<\/li>\n<\/ul>","protected":false},"excerpt":{"rendered":"<h5>Barbie geel ROSSELA<\/h5>\n<h6>(ilma HEMA-ta, ilma TPO-ta)<\/h6>\n<p>Modelleerimisgeel on multifunktsionaalne toode, millel on nii baas-, modelleerimis- kui ka l\u00e4ikeaine omadused.<\/p>\n<p>See on suurep\u00e4rane valik k\u00f5igile, kes soovivad kauakestvaid, kauneid ja tugevaid k\u00fc\u00fcsi ilma allergiate v\u00f5i naha\u00e4rrituse riskita.<\/p>","protected":false},"featured_media":16925,"comment_status":"open","ping_status":"closed","template":"","meta":[],"product_brand":[290],"product_cat":[278,180,580],"product_tag":[],"class_list":{"0":"post-8593","1":"product","2":"type-product","3":"status-publish","4":"has-post-thumbnail","6":"product_brand-monarx-nails","7":"product_cat-barbie-gel","8":"product_cat-gelio-sistema","9":"product_cat-nagu-prieziura","11":"first","12":"outofstock","13":"shipping-taxable","14":"purchasable","15":"product-type-variable"},"_links":{"self":[{"href":"https:\/\/geliai.lt\/et\/wp-json\/wp\/v2\/product\/8593","targetHints":{"allow":["GET"]}}],"collection":[{"href":"https:\/\/geliai.lt\/et\/wp-json\/wp\/v2\/product"}],"about":[{"href":"https:\/\/geliai.lt\/et\/wp-json\/wp\/v2\/types\/product"}],"replies":[{"embeddable":true,"href":"https:\/\/geliai.lt\/et\/wp-json\/wp\/v2\/comments?post=8593"}],"version-history":[{"count":4,"href":"https:\/\/geliai.lt\/et\/wp-json\/wp\/v2\/product\/8593\/revisions"}],"predecessor-version":[{"id":15613,"href":"https:\/\/geliai.lt\/et\/wp-json\/wp\/v2\/product\/8593\/revisions\/15613"}],"wp:featuredmedia":[{"embeddable":true,"href":"https:\/\/geliai.lt\/et\/wp-json\/wp\/v2\/media\/16925"}],"wp:attachment":[{"href":"https:\/\/geliai.lt\/et\/wp-json\/wp\/v2\/media?parent=8593"}],"wp:term":[{"taxonomy":"product_brand","embeddable":true,"href":"https:\/\/geliai.lt\/et\/wp-json\/wp\/v2\/product_brand?post=8593"},{"taxonomy":"product_cat","embeddable":true,"href":"https:\/\/geliai.lt\/et\/wp-json\/wp\/v2\/product_cat?post=8593"},{"taxonomy":"product_tag","embeddable":true,"href":"https:\/\/geliai.lt\/et\/wp-json\/wp\/v2\/product_tag?post=8593"}],"curies":[{"name":"wp","href":"https:\/\/api.w.org\/{rel}","templated":true}]}}