{"id":8183,"date":"2024-12-15T11:15:18","date_gmt":"2024-12-15T09:15:18","guid":{"rendered":"https:\/\/geliai.lt\/?post_type=product&#038;p=8183"},"modified":"2026-04-29T19:49:33","modified_gmt":"2026-04-29T16:49:33","slug":"helkurgeel-3-valgust-peegeldav-geel","status":"publish","type":"product","link":"https:\/\/geliai.lt\/et\/parduotuve\/gelio-sistema\/reflective-gel-3-sviesa-atspindintis-gelis\/","title":{"rendered":"Reflective Gel 3 \u2013 valgust peegeldav geel"},"content":{"rendered":"","protected":false},"excerpt":{"rendered":"<h5>K\u00fc\u00fcnegeelid \u2013 helkurgeel 3<\/h5>\n<h6>(ilma HEMA-ta, ilma TPO-ta)<\/h6>\n<p>Peegeldavad geelk\u00fc\u00fcnegeelid on valmistatud k\u00f5rgeima UV-geelitehnoloogia abil, mis v\u00f5imaldab teil luua ainulaadseid ja l\u00e4ikivaid k\u00fc\u00fcnedisainilahendusi. Need geelid sobivad ideaalselt pidulikuks manik\u00fc\u00fcriks ja eksklusiivseks k\u00fc\u00fcnekunstiks, andes teie k\u00fc\u00fcntele vapustava s\u00e4ra. Kasutage neid UV-geele, et luua ainulaadne v\u00e4limus igaks s\u00fcndmuseks. Isetasanduv konsistents v\u00f5imaldab teil saavutada \u00f5ige kuju v\u00e4ga l\u00fchikese ajaga ja p\u00e4rast k\u00f5venemist on geeli lihtne viiliga t\u00f6\u00f6delda.<\/p>\n<p>Nendel geelidel on kergelt peegeldav s\u00e4delev efekt.<\/p>\n<p>Neid saab kasutada ka prantsuse stiili loomiseks.<\/p>\n<p>Keskmise paksuse konsistentsi t\u00f5ttu sobivad need nii algajatele kui ka edasij\u00f5udnutele k\u00e4sit\u00f6\u00f6listele.<\/p>","protected":false},"featured_media":16993,"comment_status":"open","ping_status":"closed","template":"","meta":[],"product_brand":[290],"product_cat":[180,580,275],"product_tag":[296],"class_list":{"0":"post-8183","1":"product","2":"type-product","3":"status-publish","4":"has-post-thumbnail","6":"product_brand-monarx-nails","7":"product_cat-gelio-sistema","8":"product_cat-nagu-prieziura","9":"product_cat-reflective-gel","10":"product_tag-populiarus-produktai-greitai-isparduodama","12":"first","13":"instock","14":"shipping-taxable","15":"purchasable","16":"product-type-variable"},"_links":{"self":[{"href":"https:\/\/geliai.lt\/et\/wp-json\/wp\/v2\/product\/8183","targetHints":{"allow":["GET"]}}],"collection":[{"href":"https:\/\/geliai.lt\/et\/wp-json\/wp\/v2\/product"}],"about":[{"href":"https:\/\/geliai.lt\/et\/wp-json\/wp\/v2\/types\/product"}],"replies":[{"embeddable":true,"href":"https:\/\/geliai.lt\/et\/wp-json\/wp\/v2\/comments?post=8183"}],"version-history":[{"count":2,"href":"https:\/\/geliai.lt\/et\/wp-json\/wp\/v2\/product\/8183\/revisions"}],"predecessor-version":[{"id":15666,"href":"https:\/\/geliai.lt\/et\/wp-json\/wp\/v2\/product\/8183\/revisions\/15666"}],"wp:featuredmedia":[{"embeddable":true,"href":"https:\/\/geliai.lt\/et\/wp-json\/wp\/v2\/media\/16993"}],"wp:attachment":[{"href":"https:\/\/geliai.lt\/et\/wp-json\/wp\/v2\/media?parent=8183"}],"wp:term":[{"taxonomy":"product_brand","embeddable":true,"href":"https:\/\/geliai.lt\/et\/wp-json\/wp\/v2\/product_brand?post=8183"},{"taxonomy":"product_cat","embeddable":true,"href":"https:\/\/geliai.lt\/et\/wp-json\/wp\/v2\/product_cat?post=8183"},{"taxonomy":"product_tag","embeddable":true,"href":"https:\/\/geliai.lt\/et\/wp-json\/wp\/v2\/product_tag?post=8183"}],"curies":[{"name":"wp","href":"https:\/\/api.w.org\/{rel}","templated":true}]}}