{"id":8121,"date":"2024-12-14T18:51:47","date_gmt":"2024-12-14T16:51:47","guid":{"rendered":"https:\/\/geliai.lt\/?post_type=product&#038;p=8121"},"modified":"2026-02-26T18:32:40","modified_gmt":"2026-02-26T16:32:40","slug":"monarx-revival-201-geelkuunelakk","status":"publish","type":"product","link":"https:\/\/geliai.lt\/et\/parduotuve\/geliniai-lakai\/monarx-revival-201-gelinis-nagu-lakas\/","title":{"rendered":"Monarx REVIVAL 201 \u2013 Geelk\u00fc\u00fcnelakk"},"content":{"rendered":"","protected":false},"excerpt":{"rendered":"<h5>Geelk\u00fc\u00fcnelakk \u2013 Monarx REVIVAL 201<\/h5>\n<p>Too Marchi kollektsiooni pastelltoonid v\u00f5imaldavad teil nautida optimismi ja energiat t\u00e4is kevadist manik\u00fc\u00fcri.<\/p>\n<p>Monarx Nails Too March kollektsiooni h\u00fcbriidsed k\u00fc\u00fcnelakid v\u00f5imaldavad teil luua ideaalse manik\u00fc\u00fcri, mis r\u00f5\u00f5mustab teid oma vastupidavuse ja lummavate v\u00e4rvidega. Pastelltoonid n\u00e4evad suurep\u00e4rased v\u00e4lja iga pikkuse ja kujuga k\u00fc\u00fcntel. Kas soovite midagi ainulaadset? Proovige kombineerida sarnaseid pastelltoonid klassikalises v\u00e4rvikompositsioonis. Millise tooni valite teie?<\/p>","protected":false},"featured_media":15695,"comment_status":"open","ping_status":"closed","template":"","meta":[],"product_brand":[290],"product_cat":[178,580,271],"product_tag":[],"class_list":{"0":"post-8121","1":"product","2":"type-product","3":"status-publish","4":"has-post-thumbnail","6":"product_brand-monarx-nails","7":"product_cat-geliniai-lakai","8":"product_cat-nagu-prieziura","9":"product_cat-too-march-collection","11":"first","12":"outofstock","13":"shipping-taxable","14":"purchasable","15":"product-type-simple"},"_links":{"self":[{"href":"https:\/\/geliai.lt\/et\/wp-json\/wp\/v2\/product\/8121","targetHints":{"allow":["GET"]}}],"collection":[{"href":"https:\/\/geliai.lt\/et\/wp-json\/wp\/v2\/product"}],"about":[{"href":"https:\/\/geliai.lt\/et\/wp-json\/wp\/v2\/types\/product"}],"replies":[{"embeddable":true,"href":"https:\/\/geliai.lt\/et\/wp-json\/wp\/v2\/comments?post=8121"}],"version-history":[{"count":3,"href":"https:\/\/geliai.lt\/et\/wp-json\/wp\/v2\/product\/8121\/revisions"}],"predecessor-version":[{"id":15696,"href":"https:\/\/geliai.lt\/et\/wp-json\/wp\/v2\/product\/8121\/revisions\/15696"}],"wp:featuredmedia":[{"embeddable":true,"href":"https:\/\/geliai.lt\/et\/wp-json\/wp\/v2\/media\/15695"}],"wp:attachment":[{"href":"https:\/\/geliai.lt\/et\/wp-json\/wp\/v2\/media?parent=8121"}],"wp:term":[{"taxonomy":"product_brand","embeddable":true,"href":"https:\/\/geliai.lt\/et\/wp-json\/wp\/v2\/product_brand?post=8121"},{"taxonomy":"product_cat","embeddable":true,"href":"https:\/\/geliai.lt\/et\/wp-json\/wp\/v2\/product_cat?post=8121"},{"taxonomy":"product_tag","embeddable":true,"href":"https:\/\/geliai.lt\/et\/wp-json\/wp\/v2\/product_tag?post=8121"}],"curies":[{"name":"wp","href":"https:\/\/api.w.org\/{rel}","templated":true}]}}