{"id":8073,"date":"2024-12-14T10:14:14","date_gmt":"2024-12-14T08:14:14","guid":{"rendered":"https:\/\/geliai.lt\/?post_type=product&#038;p=8073"},"modified":"2026-02-26T18:38:01","modified_gmt":"2026-02-26T16:38:01","slug":"monarx-comfort-171-geelkuunelakk","status":"publish","type":"product","link":"https:\/\/geliai.lt\/et\/parduotuve\/geliniai-lakai\/monarx-comfort-171-gelinis-nagu-lakas\/","title":{"rendered":"Monarx Comfort 171 \u2013 Geelk\u00fc\u00fcnelakk"},"content":{"rendered":"","protected":false},"excerpt":{"rendered":"<h5>Geelk\u00fc\u00fcnelakk \u2013 Monarx Comfort 171<\/h5>\n<p>Taltsutamata violett \u2013 rafineeritud elegants teie manik\u00fc\u00fcris<\/p>\n<p>Untamed Violet on ainulaadne lilla toon, mis sobib ideaalselt nii t\u00e4ismanik\u00fc\u00fcriks kui ka keerukate k\u00fc\u00fcnekujunduste loomiseks. See rikkalik lilla sobib harmooniliselt iga nahatooniga ja n\u00e4eb eriti elegantne v\u00e4lja koos h\u00f5bedaste v\u00f5i kuldsete aktsentidega. Proovi seda tooni dekoratiivsete kleebiste v\u00f5i h\u00f5bedaste ja kuldsete kaunistustega - see on stiilne ja luksuslik valik igaks s\u00fcndmuseks.<\/p>","protected":false},"featured_media":15740,"comment_status":"open","ping_status":"closed","template":"","meta":[],"product_brand":[290],"product_cat":[178,580,269],"product_tag":[],"class_list":{"0":"post-8073","1":"product","2":"type-product","3":"status-publish","4":"has-post-thumbnail","6":"product_brand-monarx-nails","7":"product_cat-geliniai-lakai","8":"product_cat-nagu-prieziura","9":"product_cat-outfit-collection","11":"first","12":"outofstock","13":"shipping-taxable","14":"purchasable","15":"product-type-simple"},"_links":{"self":[{"href":"https:\/\/geliai.lt\/et\/wp-json\/wp\/v2\/product\/8073","targetHints":{"allow":["GET"]}}],"collection":[{"href":"https:\/\/geliai.lt\/et\/wp-json\/wp\/v2\/product"}],"about":[{"href":"https:\/\/geliai.lt\/et\/wp-json\/wp\/v2\/types\/product"}],"replies":[{"embeddable":true,"href":"https:\/\/geliai.lt\/et\/wp-json\/wp\/v2\/comments?post=8073"}],"version-history":[{"count":3,"href":"https:\/\/geliai.lt\/et\/wp-json\/wp\/v2\/product\/8073\/revisions"}],"predecessor-version":[{"id":15741,"href":"https:\/\/geliai.lt\/et\/wp-json\/wp\/v2\/product\/8073\/revisions\/15741"}],"wp:featuredmedia":[{"embeddable":true,"href":"https:\/\/geliai.lt\/et\/wp-json\/wp\/v2\/media\/15740"}],"wp:attachment":[{"href":"https:\/\/geliai.lt\/et\/wp-json\/wp\/v2\/media?parent=8073"}],"wp:term":[{"taxonomy":"product_brand","embeddable":true,"href":"https:\/\/geliai.lt\/et\/wp-json\/wp\/v2\/product_brand?post=8073"},{"taxonomy":"product_cat","embeddable":true,"href":"https:\/\/geliai.lt\/et\/wp-json\/wp\/v2\/product_cat?post=8073"},{"taxonomy":"product_tag","embeddable":true,"href":"https:\/\/geliai.lt\/et\/wp-json\/wp\/v2\/product_tag?post=8073"}],"curies":[{"name":"wp","href":"https:\/\/api.w.org\/{rel}","templated":true}]}}