{"id":8055,"date":"2024-12-13T21:46:07","date_gmt":"2024-12-13T19:46:07","guid":{"rendered":"https:\/\/geliai.lt\/?post_type=product&#038;p=8055"},"modified":"2026-02-26T18:43:53","modified_gmt":"2026-02-26T16:43:53","slug":"monarx-faith-184-geelkuunelakk","status":"publish","type":"product","link":"https:\/\/geliai.lt\/et\/parduotuve\/geliniai-lakai\/monarx-faith-184-gelinis-nagu-lakas\/","title":{"rendered":"Monarx Faith 184 \u2013 geelk\u00fc\u00fcnelakk"},"content":{"rendered":"","protected":false},"excerpt":{"rendered":"<h5>Geelk\u00fc\u00fcnelakk \u2013 Monarx Faith 184<\/h5>\n<p>Neoonroosa k\u00fc\u00fcnelakk Faith 184 on suurep\u00e4rane valik naistele, kes hindavad v\u00e4ga t\u00fcdrukulikku, energilist ja julget manik\u00fc\u00fcri. See toon paistab eriti silma suvehooajal, muutudes sooja aastaaja eredaks ja iseloomulikuks aktsendiks.<\/p>\n<p>Intensiivses roosas neoonh\u00fcbriidmanik\u00fc\u00fcr sobib ideaalselt teie suvise stiiliga \u2013 olenemata sellest, kas naudite jalgrattas\u00f5itu v\u00f5i l\u00f5\u00f5gastute basseini \u00e4\u00e4res. See v\u00e4rv kiirgab positiivsust ja tagab, et teie k\u00fc\u00fcntest saab t\u00f5eline suvine s\u00e4ra!<\/p>","protected":false},"featured_media":15755,"comment_status":"open","ping_status":"closed","template":"","meta":[],"product_brand":[290],"product_cat":[178,218,580],"product_tag":[],"class_list":{"0":"post-8055","1":"product","2":"type-product","3":"status-publish","4":"has-post-thumbnail","6":"product_brand-monarx-nails","7":"product_cat-geliniai-lakai","8":"product_cat-good-vibes-collection","9":"product_cat-nagu-prieziura","11":"first","12":"outofstock","13":"shipping-taxable","14":"purchasable","15":"product-type-simple"},"_links":{"self":[{"href":"https:\/\/geliai.lt\/et\/wp-json\/wp\/v2\/product\/8055","targetHints":{"allow":["GET"]}}],"collection":[{"href":"https:\/\/geliai.lt\/et\/wp-json\/wp\/v2\/product"}],"about":[{"href":"https:\/\/geliai.lt\/et\/wp-json\/wp\/v2\/types\/product"}],"replies":[{"embeddable":true,"href":"https:\/\/geliai.lt\/et\/wp-json\/wp\/v2\/comments?post=8055"}],"version-history":[{"count":3,"href":"https:\/\/geliai.lt\/et\/wp-json\/wp\/v2\/product\/8055\/revisions"}],"predecessor-version":[{"id":15756,"href":"https:\/\/geliai.lt\/et\/wp-json\/wp\/v2\/product\/8055\/revisions\/15756"}],"wp:featuredmedia":[{"embeddable":true,"href":"https:\/\/geliai.lt\/et\/wp-json\/wp\/v2\/media\/15755"}],"wp:attachment":[{"href":"https:\/\/geliai.lt\/et\/wp-json\/wp\/v2\/media?parent=8055"}],"wp:term":[{"taxonomy":"product_brand","embeddable":true,"href":"https:\/\/geliai.lt\/et\/wp-json\/wp\/v2\/product_brand?post=8055"},{"taxonomy":"product_cat","embeddable":true,"href":"https:\/\/geliai.lt\/et\/wp-json\/wp\/v2\/product_cat?post=8055"},{"taxonomy":"product_tag","embeddable":true,"href":"https:\/\/geliai.lt\/et\/wp-json\/wp\/v2\/product_tag?post=8055"}],"curies":[{"name":"wp","href":"https:\/\/api.w.org\/{rel}","templated":true}]}}