{"id":8035,"date":"2024-12-13T18:22:08","date_gmt":"2024-12-13T16:22:08","guid":{"rendered":"https:\/\/geliai.lt\/?post_type=product&#038;p=8035"},"modified":"2026-02-26T18:39:45","modified_gmt":"2026-02-26T16:39:45","slug":"monarx-guilt-182-gelinis-nagu-lakas","status":"publish","type":"product","link":"https:\/\/geliai.lt\/et\/parduotuve\/geliniai-lakai\/monarx-guilt-182-gelinis-nagu-lakas\/","title":{"rendered":"Monarx Guilt 182 \u2013 geelk\u00fc\u00fcnelakk"},"content":{"rendered":"","protected":false},"excerpt":{"rendered":"<h5>Gelinis nag\u0173 lakas &#8211; Monarx Guilt 182<\/h5>\n<p>KOBALTINIS MANIKI\u016aRAS SU HIBRIDINIU LAKU \u2013 KAM TINKA?<\/p>\n<p>Kobalto spalvos hibridinis nag\u0173 lakas yra puikus pasirinkimas tiems, kurie m\u0117gsta tiek m\u0117lyn\u0105, tiek violetin\u012f atspalv\u012f. \u0160is spalvos derinys pabr\u0117\u017eia unikal\u0173 stili\u0173 ir klas\u0119. Kobalto spalva idealiai tinka tiek vasaros, tiek \u017eiemos stiliui \u2013 ji yra universali ir \u0161iuolaiki\u0161ka.<\/p>\n<p>Kobaltinio maniki\u016bro savinink\u0117 yra tvirta asmenyb\u0117, pasitiki savimi ir nesibaimina i\u0161sakyti savo nuomon\u0119 bei nustatyti asmenines ribas. Ji \u017eino, kaip laikytis savo pozicijos. Kobalto nagai tampa neatsiejamu \u0161i\u0173 stipri\u0173 asmenybi\u0173 atributu, kuris atspindi j\u0173 pasitik\u0117jim\u0105 ir ry\u017et\u0105.<\/p>\n<p>Atraskite savo tvirtum\u0105 ir klas\u0119 su kobalto spalvos hibridiniu maniki\u016bru!<\/p>","protected":false},"featured_media":15768,"comment_status":"open","ping_status":"closed","template":"","meta":[],"product_brand":[290],"product_cat":[178,268,580],"product_tag":[],"class_list":{"0":"post-8035","1":"product","2":"type-product","3":"status-publish","4":"has-post-thumbnail","6":"product_brand-monarx-nails","7":"product_cat-geliniai-lakai","8":"product_cat-girl-spring-collection","9":"product_cat-nagu-prieziura","11":"first","12":"outofstock","13":"shipping-taxable","14":"purchasable","15":"product-type-simple"},"_links":{"self":[{"href":"https:\/\/geliai.lt\/et\/wp-json\/wp\/v2\/product\/8035","targetHints":{"allow":["GET"]}}],"collection":[{"href":"https:\/\/geliai.lt\/et\/wp-json\/wp\/v2\/product"}],"about":[{"href":"https:\/\/geliai.lt\/et\/wp-json\/wp\/v2\/types\/product"}],"replies":[{"embeddable":true,"href":"https:\/\/geliai.lt\/et\/wp-json\/wp\/v2\/comments?post=8035"}],"version-history":[{"count":2,"href":"https:\/\/geliai.lt\/et\/wp-json\/wp\/v2\/product\/8035\/revisions"}],"predecessor-version":[{"id":15769,"href":"https:\/\/geliai.lt\/et\/wp-json\/wp\/v2\/product\/8035\/revisions\/15769"}],"wp:featuredmedia":[{"embeddable":true,"href":"https:\/\/geliai.lt\/et\/wp-json\/wp\/v2\/media\/15768"}],"wp:attachment":[{"href":"https:\/\/geliai.lt\/et\/wp-json\/wp\/v2\/media?parent=8035"}],"wp:term":[{"taxonomy":"product_brand","embeddable":true,"href":"https:\/\/geliai.lt\/et\/wp-json\/wp\/v2\/product_brand?post=8035"},{"taxonomy":"product_cat","embeddable":true,"href":"https:\/\/geliai.lt\/et\/wp-json\/wp\/v2\/product_cat?post=8035"},{"taxonomy":"product_tag","embeddable":true,"href":"https:\/\/geliai.lt\/et\/wp-json\/wp\/v2\/product_tag?post=8035"}],"curies":[{"name":"wp","href":"https:\/\/api.w.org\/{rel}","templated":true}]}}