{"id":8025,"date":"2024-12-13T17:37:16","date_gmt":"2024-12-13T15:37:16","guid":{"rendered":"https:\/\/geliai.lt\/?post_type=product&#038;p=8025"},"modified":"2026-02-26T18:48:08","modified_gmt":"2026-02-26T16:48:08","slug":"monarx-camellia-166-geelkuunelakk","status":"publish","type":"product","link":"https:\/\/geliai.lt\/et\/parduotuve\/geliniai-lakai\/monarx-camellia-166-gelinis-nagu-lakas\/","title":{"rendered":"Monarx Camellia 166 \u2013 Geelk\u00fc\u00fcnelakk"},"content":{"rendered":"","protected":false},"excerpt":{"rendered":"<h5>Geelk\u00fc\u00fcnelakk \u2013 Monarx Camellia 166<\/h5>\n<p>ROOSA MANIK\u00dc\u00dcR H\u00dcBRIIDLAKIGA \u2013 KELLELE SOBIB?<\/p>\n<p>Roosa manik\u00fc\u00fcr h\u00fcbriidlakiga on suurep\u00e4rane valik neile, kes armastavad seiklusi ja v\u00f5tavad julgelt vastu elu v\u00e4ljakutseid. See v\u00e4rv lisab pildile koheselt m\u00e4ngulisust ja energiat, muutes teid parandamatuks flirtijaks, kelle argip\u00e4ev on t\u00e4is ootamatuid seiklusi. Roosade k\u00fc\u00fcnte omanik on naine, kes ammutab energiat p\u00e4ikesest ja suvi on tema lemmik aastaaeg, mil ta tunneb end l\u00f5puks ometi elusana ja t\u00f5eliselt \u00f5nnelikuna!<\/p>\n<p>Lisateavet roosa manik\u00fc\u00fcri kohta: Roosa v\u00e4rv sobib ideaalselt nii igap\u00e4evaseks kui ka \u00f5htuseks v\u00e4limuseks, r\u00f5hutades naiselikkust ja ainulaadsust. Vali laia roosade toonide valiku hulgast - pehmetest pastelltoonidest kuni erksate ja julgete toonideni, et paljastada oma meeleolu ja stiil. Roosa manik\u00fc\u00fcr t\u00e4iendab ideaalselt nii elegantseid kui ka m\u00e4ngulisi riietusi.<\/p>\n<p>Loo meeleolukas manik\u00fc\u00fcr ja lase roosal v\u00e4rvil oma k\u00fc\u00fcntel s\u00e4rada!<\/p>","protected":false},"featured_media":15777,"comment_status":"open","ping_status":"closed","template":"","meta":[],"product_brand":[290],"product_cat":[178,268,580],"product_tag":[],"class_list":{"0":"post-8025","1":"product","2":"type-product","3":"status-publish","4":"has-post-thumbnail","6":"product_brand-monarx-nails","7":"product_cat-geliniai-lakai","8":"product_cat-girl-spring-collection","9":"product_cat-nagu-prieziura","11":"first","12":"outofstock","13":"shipping-taxable","14":"purchasable","15":"product-type-simple"},"_links":{"self":[{"href":"https:\/\/geliai.lt\/et\/wp-json\/wp\/v2\/product\/8025","targetHints":{"allow":["GET"]}}],"collection":[{"href":"https:\/\/geliai.lt\/et\/wp-json\/wp\/v2\/product"}],"about":[{"href":"https:\/\/geliai.lt\/et\/wp-json\/wp\/v2\/types\/product"}],"replies":[{"embeddable":true,"href":"https:\/\/geliai.lt\/et\/wp-json\/wp\/v2\/comments?post=8025"}],"version-history":[{"count":2,"href":"https:\/\/geliai.lt\/et\/wp-json\/wp\/v2\/product\/8025\/revisions"}],"predecessor-version":[{"id":15778,"href":"https:\/\/geliai.lt\/et\/wp-json\/wp\/v2\/product\/8025\/revisions\/15778"}],"wp:featuredmedia":[{"embeddable":true,"href":"https:\/\/geliai.lt\/et\/wp-json\/wp\/v2\/media\/15777"}],"wp:attachment":[{"href":"https:\/\/geliai.lt\/et\/wp-json\/wp\/v2\/media?parent=8025"}],"wp:term":[{"taxonomy":"product_brand","embeddable":true,"href":"https:\/\/geliai.lt\/et\/wp-json\/wp\/v2\/product_brand?post=8025"},{"taxonomy":"product_cat","embeddable":true,"href":"https:\/\/geliai.lt\/et\/wp-json\/wp\/v2\/product_cat?post=8025"},{"taxonomy":"product_tag","embeddable":true,"href":"https:\/\/geliai.lt\/et\/wp-json\/wp\/v2\/product_tag?post=8025"}],"curies":[{"name":"wp","href":"https:\/\/api.w.org\/{rel}","templated":true}]}}