{"id":7522,"date":"2024-11-19T14:29:18","date_gmt":"2024-11-19T12:29:18","guid":{"rendered":"https:\/\/geliai.lt\/?post_type=product&#038;p=7522"},"modified":"2026-02-26T17:55:15","modified_gmt":"2026-02-26T15:55:15","slug":"ixora-ultimate-lift-naoseerum-naoseerum","status":"publish","type":"product","link":"https:\/\/geliai.lt\/et\/parduotuve\/saules-apsaugos-priemones\/ixora-ultimate-lift-face-serum-veido-serumas\/","title":{"rendered":"Ixora \u2013 \u201eUltimate Lift Face Serum\u201d n\u00e4oseerum"},"content":{"rendered":"<p>Miks tasub kasutada pinguldavat n\u00e4oseerumit:<\/p>\n<p>\u25cfPinguldab ja tugevdab nahka;<br \/>\n\u25cfHeledab ja \u00fchtlustab nahatooni;<br \/>\n\u25cfNiisutab ja lukustab niiskuse nahka;<br \/>\n\u25cfEdendab loomuliku kollageeni tootmist;<br \/>\n\u25cfV\u00e4hendab n\u00e4omimika kortse ja peeneid jooni ning ennetab nende teket;<br \/>\n\u25cfCosmos Organic sertifikaadiga toode;<br \/>\n\u25cfParabeenivaba, GMO-vaba, veganis\u00f5bralik, kahjulike keemiliste koostisosadeta.<\/p>\n<p>Ei sisalda:<br \/>\nSulfaadid, s\u00fcnteetilised l\u00f5hnaained, GMOd, parabeenid, r\u00e4ni, parafiin, s\u00fcnteetilised v\u00e4rvained, nafta\u00f5li ja 1500 muud kahjulikku keemilist koostisosa, mida kasutatakse kosmeetikat\u00f6\u00f6stuses.<\/p>","protected":false},"excerpt":{"rendered":"<h5>Ultimate Lift n\u00e4oseerum<\/h5>\n<p>\u201eIxora: Pinguldav, toitev ja s\u00e4ra andev seerum enam kui 40 loodusliku ja orgaanilise koostisosaga<\/p>\n<p>See n\u00e4o- ja kaelaseerum on v\u00f5imas eliksiir, mis on rikastatud hoolikalt valitud looduslike koostisosadega, mille k\u00f5rgeim kontsentratsioon on k\u00f5rgeim. See sisaldab Cyathea cumingii leheekstrakti, mis aitab stimuleerida naha kollageeni tootmist, v\u00e4hendada kortsude ja peente joonte n\u00e4htavust ning anda v\u00e4sinud nahale elastsust.<\/p>\n<p>Seerum mitte ainult ei toida ja niisuta nahka, vaid annab sellele ka s\u00e4ra, muutes teie naha nooruslikumaks ja elavamaks. Avastage enam kui 40 loodusliku ja orgaanilise koostisosa j\u00f5ud, mis hoolitsevad teie naha eest iga p\u00e4ev.<\/p>","protected":false},"featured_media":15806,"comment_status":"open","ping_status":"closed","template":"","meta":[],"product_brand":[292],"product_cat":[325,319,570],"product_tag":[],"class_list":{"0":"post-7522","1":"product","2":"type-product","3":"status-publish","4":"has-post-thumbnail","6":"product_brand-ixora","7":"product_cat-saules-apsaugos-priemones","8":"product_cat-serumai-eliksyrai","9":"product_cat-veido-prieziura","11":"first","12":"instock","13":"sale","14":"shipping-taxable","15":"purchasable","16":"product-type-simple"},"_links":{"self":[{"href":"https:\/\/geliai.lt\/et\/wp-json\/wp\/v2\/product\/7522","targetHints":{"allow":["GET"]}}],"collection":[{"href":"https:\/\/geliai.lt\/et\/wp-json\/wp\/v2\/product"}],"about":[{"href":"https:\/\/geliai.lt\/et\/wp-json\/wp\/v2\/types\/product"}],"replies":[{"embeddable":true,"href":"https:\/\/geliai.lt\/et\/wp-json\/wp\/v2\/comments?post=7522"}],"version-history":[{"count":4,"href":"https:\/\/geliai.lt\/et\/wp-json\/wp\/v2\/product\/7522\/revisions"}],"predecessor-version":[{"id":15807,"href":"https:\/\/geliai.lt\/et\/wp-json\/wp\/v2\/product\/7522\/revisions\/15807"}],"wp:featuredmedia":[{"embeddable":true,"href":"https:\/\/geliai.lt\/et\/wp-json\/wp\/v2\/media\/15806"}],"wp:attachment":[{"href":"https:\/\/geliai.lt\/et\/wp-json\/wp\/v2\/media?parent=7522"}],"wp:term":[{"taxonomy":"product_brand","embeddable":true,"href":"https:\/\/geliai.lt\/et\/wp-json\/wp\/v2\/product_brand?post=7522"},{"taxonomy":"product_cat","embeddable":true,"href":"https:\/\/geliai.lt\/et\/wp-json\/wp\/v2\/product_cat?post=7522"},{"taxonomy":"product_tag","embeddable":true,"href":"https:\/\/geliai.lt\/et\/wp-json\/wp\/v2\/product_tag?post=7522"}],"curies":[{"name":"wp","href":"https:\/\/api.w.org\/{rel}","templated":true}]}}