{"id":7498,"date":"2024-11-18T15:29:48","date_gmt":"2024-11-18T13:29:48","guid":{"rendered":"https:\/\/geliai.lt\/?post_type=product&#038;p=7498"},"modified":"2026-02-20T12:45:58","modified_gmt":"2026-02-20T10:45:58","slug":"professionaalsed-kuunenaha-kaarid-x-joon-5-inimesele-18-mm-vaikesed","status":"publish","type":"product","link":"https:\/\/geliai.lt\/et\/parduotuve\/instrumentai\/profesionalios-odeles-zirklutes-x-line-5-asmenys-18-mm-small\/","title":{"rendered":"Professionaalsed k\u00fc\u00fcnenaha k\u00e4\u00e4rid X-line 5"},"content":{"rendered":"<p>HEAD Beauty Tools p\u00fc\u00fcab \u00fchendada esteetika, funktsionaalsuse ja k\u00f5rgeimad kvaliteedistandardid, muutes meie k\u00e4\u00e4rid usaldusv\u00e4\u00e4rseks valikuks professionaalidele, kes hindavad kvaliteeti ja meisterlikkust.<\/p>\n<p>HEAD Beauty Tools \u2013 Professionaalsed k\u00fc\u00fcnenaha k\u00e4\u00e4rid X-line 5, 18 mm tera, v\u00e4ikesed<br \/>\nSX-5-18<\/p>","protected":false},"excerpt":{"rendered":"<h5>Professionaalsed k\u00fc\u00fcnenaha k\u00e4\u00e4rid<\/h5>\n<p>HEAD Beauty Tools on k\u00f5rgeima kvaliteediga ilutarvikute tootja, mis on spetsialiseerunud professionaalsete k\u00e4\u00e4ride, manik\u00fc\u00fcri- ja pedik\u00fc\u00fcritarvikute arendamisele. Meie tooteid eristab lisaks funktsionaalsusele ka t\u00e4pne disain, mis vastab k\u00e4sit\u00f6\u00f6liste k\u00f5rgeimatele n\u00f5udmistele.<\/p>\n<p>K\u00e4\u00e4rid on valmistatud k\u00f5ige kaasaegsemaid tehnoloogiaid ja kvaliteetsest meditsiinilisest roostevabast terasest, mis tagab t\u00f6\u00f6riistade vastupidavuse ja korrosioonikindluse. Ergonoomiline disain tagab maksimaalse mugavuse t\u00f6\u00f6tamise ajal, seega sobivad meie t\u00f6\u00f6riistad nii algajatele kui ka kogenud k\u00e4sit\u00f6\u00f6listele.<\/p>","protected":false},"featured_media":15815,"comment_status":"open","ping_status":"closed","template":"","meta":[],"product_brand":[294],"product_cat":[288,256],"product_tag":[],"class_list":{"0":"post-7498","1":"product","2":"type-product","3":"status-publish","4":"has-post-thumbnail","6":"product_brand-head-the-beauty-tools","7":"product_cat-instrumentai","8":"product_cat-zirklutes","10":"first","11":"instock","12":"shipping-taxable","13":"purchasable","14":"product-type-simple"},"_links":{"self":[{"href":"https:\/\/geliai.lt\/et\/wp-json\/wp\/v2\/product\/7498","targetHints":{"allow":["GET"]}}],"collection":[{"href":"https:\/\/geliai.lt\/et\/wp-json\/wp\/v2\/product"}],"about":[{"href":"https:\/\/geliai.lt\/et\/wp-json\/wp\/v2\/types\/product"}],"replies":[{"embeddable":true,"href":"https:\/\/geliai.lt\/et\/wp-json\/wp\/v2\/comments?post=7498"}],"version-history":[{"count":3,"href":"https:\/\/geliai.lt\/et\/wp-json\/wp\/v2\/product\/7498\/revisions"}],"predecessor-version":[{"id":15816,"href":"https:\/\/geliai.lt\/et\/wp-json\/wp\/v2\/product\/7498\/revisions\/15816"}],"wp:featuredmedia":[{"embeddable":true,"href":"https:\/\/geliai.lt\/et\/wp-json\/wp\/v2\/media\/15815"}],"wp:attachment":[{"href":"https:\/\/geliai.lt\/et\/wp-json\/wp\/v2\/media?parent=7498"}],"wp:term":[{"taxonomy":"product_brand","embeddable":true,"href":"https:\/\/geliai.lt\/et\/wp-json\/wp\/v2\/product_brand?post=7498"},{"taxonomy":"product_cat","embeddable":true,"href":"https:\/\/geliai.lt\/et\/wp-json\/wp\/v2\/product_cat?post=7498"},{"taxonomy":"product_tag","embeddable":true,"href":"https:\/\/geliai.lt\/et\/wp-json\/wp\/v2\/product_tag?post=7498"}],"curies":[{"name":"wp","href":"https:\/\/api.w.org\/{rel}","templated":true}]}}