{"id":7420,"date":"2024-11-17T12:38:32","date_gmt":"2024-11-17T10:38:32","guid":{"rendered":"https:\/\/geliai.lt\/?post_type=product&#038;p=7420"},"modified":"2026-02-26T18:52:35","modified_gmt":"2026-02-26T16:52:35","slug":"monarx-flamingo-104","status":"publish","type":"product","link":"https:\/\/geliai.lt\/et\/parduotuve\/geliniai-lakai\/monarx-flamingo-104\/","title":{"rendered":"Monarx Flamingo 104 \u2013 Geelk\u00fc\u00fcnelakk"},"content":{"rendered":"","protected":false},"excerpt":{"rendered":"<h5>Gelinis nag\u0173 lakas &#8211; Monarx Flamingo 104<\/h5>\n<p>\u0160velnus ir pastelinis Flamingo atspalvis \u2013 tai rafinuotas ro\u017ein\u0117s spalvos pasirinkimas, kuris kiekvien\u0105 \u012fvaizd\u012f pavers sald\u017eiai viliojan\u010diu. Nors \u0161io lako paragauti negalima, jo skleid\u017eiama cukrin\u0117 estetika tikrai papuo\u0161 tavo nagus ir suteiks \u017eavesio.<\/p>\n<p>Leiskis \u012f ro\u017ein\u012f nuotyk\u012f su Flamingo ir atrask maniki\u016bro elegancijos bei mielumo derm\u0119!<\/p>","protected":false},"featured_media":16637,"comment_status":"open","ping_status":"closed","template":"","meta":[],"product_brand":[290],"product_cat":[178,580,273],"product_tag":[],"class_list":{"0":"post-7420","1":"product","2":"type-product","3":"status-publish","4":"has-post-thumbnail","6":"product_brand-monarx-nails","7":"product_cat-geliniai-lakai","8":"product_cat-nagu-prieziura","9":"product_cat-romantic-collection","11":"first","12":"outofstock","13":"shipping-taxable","14":"purchasable","15":"product-type-simple"},"_links":{"self":[{"href":"https:\/\/geliai.lt\/et\/wp-json\/wp\/v2\/product\/7420","targetHints":{"allow":["GET"]}}],"collection":[{"href":"https:\/\/geliai.lt\/et\/wp-json\/wp\/v2\/product"}],"about":[{"href":"https:\/\/geliai.lt\/et\/wp-json\/wp\/v2\/types\/product"}],"replies":[{"embeddable":true,"href":"https:\/\/geliai.lt\/et\/wp-json\/wp\/v2\/comments?post=7420"}],"version-history":[{"count":2,"href":"https:\/\/geliai.lt\/et\/wp-json\/wp\/v2\/product\/7420\/revisions"}],"predecessor-version":[{"id":16638,"href":"https:\/\/geliai.lt\/et\/wp-json\/wp\/v2\/product\/7420\/revisions\/16638"}],"wp:featuredmedia":[{"embeddable":true,"href":"https:\/\/geliai.lt\/et\/wp-json\/wp\/v2\/media\/16637"}],"wp:attachment":[{"href":"https:\/\/geliai.lt\/et\/wp-json\/wp\/v2\/media?parent=7420"}],"wp:term":[{"taxonomy":"product_brand","embeddable":true,"href":"https:\/\/geliai.lt\/et\/wp-json\/wp\/v2\/product_brand?post=7420"},{"taxonomy":"product_cat","embeddable":true,"href":"https:\/\/geliai.lt\/et\/wp-json\/wp\/v2\/product_cat?post=7420"},{"taxonomy":"product_tag","embeddable":true,"href":"https:\/\/geliai.lt\/et\/wp-json\/wp\/v2\/product_tag?post=7420"}],"curies":[{"name":"wp","href":"https:\/\/api.w.org\/{rel}","templated":true}]}}