{"id":7414,"date":"2024-11-17T12:13:01","date_gmt":"2024-11-17T10:13:01","guid":{"rendered":"https:\/\/geliai.lt\/?post_type=product&#038;p=7414"},"modified":"2026-02-26T18:52:06","modified_gmt":"2026-02-26T16:52:06","slug":"monarx-cacao-105","status":"publish","type":"product","link":"https:\/\/geliai.lt\/et\/parduotuve\/geliniai-lakai\/monarx-cacao-105\/","title":{"rendered":"Monarx Cacao 105 \u2013 geelk\u00fc\u00fcnelakk"},"content":{"rendered":"","protected":false},"excerpt":{"rendered":"<h5>Gelinis nag\u0173 lakas &#8211; Monarx Cacao 105<\/h5>\n<p>\u0160velniai nostalgi\u0161kas Cacao hibridinis lakas primins pa\u010dias maloniausias ir ner\u016bpestingiausias akimirkas. \u0160is subtilus ir mink\u0161tas atspalvis \u012fk\u016bnija jaukum\u0105 bei lengvum\u0105, puikiai derantis prie \u012fvairi\u0173 stili\u0173 ir nuotaik\u0173.<\/p>\n<p>Leisk savo maniki\u016brui pasakoti \u0161ilt\u0105 ir sald\u0173 prisiminim\u0173 istorij\u0105 su Cacao. Kuris prisiminimas \u0161iandien taps tavo \u012fkv\u0117pimu?<\/p>","protected":false},"featured_media":16643,"comment_status":"open","ping_status":"closed","template":"","meta":[],"product_brand":[290],"product_cat":[178,580,273],"product_tag":[],"class_list":{"0":"post-7414","1":"product","2":"type-product","3":"status-publish","4":"has-post-thumbnail","6":"product_brand-monarx-nails","7":"product_cat-geliniai-lakai","8":"product_cat-nagu-prieziura","9":"product_cat-romantic-collection","11":"first","12":"outofstock","13":"shipping-taxable","14":"purchasable","15":"product-type-simple"},"_links":{"self":[{"href":"https:\/\/geliai.lt\/et\/wp-json\/wp\/v2\/product\/7414","targetHints":{"allow":["GET"]}}],"collection":[{"href":"https:\/\/geliai.lt\/et\/wp-json\/wp\/v2\/product"}],"about":[{"href":"https:\/\/geliai.lt\/et\/wp-json\/wp\/v2\/types\/product"}],"replies":[{"embeddable":true,"href":"https:\/\/geliai.lt\/et\/wp-json\/wp\/v2\/comments?post=7414"}],"version-history":[{"count":2,"href":"https:\/\/geliai.lt\/et\/wp-json\/wp\/v2\/product\/7414\/revisions"}],"predecessor-version":[{"id":16644,"href":"https:\/\/geliai.lt\/et\/wp-json\/wp\/v2\/product\/7414\/revisions\/16644"}],"wp:featuredmedia":[{"embeddable":true,"href":"https:\/\/geliai.lt\/et\/wp-json\/wp\/v2\/media\/16643"}],"wp:attachment":[{"href":"https:\/\/geliai.lt\/et\/wp-json\/wp\/v2\/media?parent=7414"}],"wp:term":[{"taxonomy":"product_brand","embeddable":true,"href":"https:\/\/geliai.lt\/et\/wp-json\/wp\/v2\/product_brand?post=7414"},{"taxonomy":"product_cat","embeddable":true,"href":"https:\/\/geliai.lt\/et\/wp-json\/wp\/v2\/product_cat?post=7414"},{"taxonomy":"product_tag","embeddable":true,"href":"https:\/\/geliai.lt\/et\/wp-json\/wp\/v2\/product_tag?post=7414"}],"curies":[{"name":"wp","href":"https:\/\/api.w.org\/{rel}","templated":true}]}}