{"id":7408,"date":"2024-11-17T11:48:42","date_gmt":"2024-11-17T09:48:42","guid":{"rendered":"https:\/\/geliai.lt\/?post_type=product&#038;p=7408"},"modified":"2026-02-26T19:09:00","modified_gmt":"2026-02-26T17:09:00","slug":"monarhi-tuul-106","status":"publish","type":"product","link":"https:\/\/geliai.lt\/et\/parduotuve\/geliniai-lakai\/monarx-breeze-106\/","title":{"rendered":"Monarx Breeze 106 \u2013 geelk\u00fc\u00fcnelakk"},"content":{"rendered":"","protected":false},"excerpt":{"rendered":"<h5>Geelk\u00fc\u00fcnelakk \u2013 Monarx Breeze 106<\/h5>\n<p>Kujutage ette lainete \u00f5rna kohinat, kerget meretuult ja v\u00e4rskendavat jahedust \u2013 just seda kehastab Breeze h\u00fcbriidlakk. See \u00f5rn sinine toon sobib ideaalselt nii rahulikuks igap\u00e4evar\u00fctmiks kui ka aktiivseteks vaba aja hetkedeks.<\/p>\n<p>Astu teekonnale Breeze&#039;iga, kus iga puudutus su k\u00fc\u00fcntel meenutab ookeani paitust ja kevade h\u00f5ngu. Elegantsus ja v\u00e4rskus \u00fches pudelis \u2013 millise stiiliga seda t\u00e4na kanda?<\/p>","protected":false},"featured_media":16646,"comment_status":"open","ping_status":"closed","template":"","meta":[],"product_brand":[290],"product_cat":[178,580,273],"product_tag":[],"class_list":{"0":"post-7408","1":"product","2":"type-product","3":"status-publish","4":"has-post-thumbnail","6":"product_brand-monarx-nails","7":"product_cat-geliniai-lakai","8":"product_cat-nagu-prieziura","9":"product_cat-romantic-collection","11":"first","12":"outofstock","13":"shipping-taxable","14":"purchasable","15":"product-type-simple"},"_links":{"self":[{"href":"https:\/\/geliai.lt\/et\/wp-json\/wp\/v2\/product\/7408","targetHints":{"allow":["GET"]}}],"collection":[{"href":"https:\/\/geliai.lt\/et\/wp-json\/wp\/v2\/product"}],"about":[{"href":"https:\/\/geliai.lt\/et\/wp-json\/wp\/v2\/types\/product"}],"replies":[{"embeddable":true,"href":"https:\/\/geliai.lt\/et\/wp-json\/wp\/v2\/comments?post=7408"}],"version-history":[{"count":3,"href":"https:\/\/geliai.lt\/et\/wp-json\/wp\/v2\/product\/7408\/revisions"}],"predecessor-version":[{"id":16647,"href":"https:\/\/geliai.lt\/et\/wp-json\/wp\/v2\/product\/7408\/revisions\/16647"}],"wp:featuredmedia":[{"embeddable":true,"href":"https:\/\/geliai.lt\/et\/wp-json\/wp\/v2\/media\/16646"}],"wp:attachment":[{"href":"https:\/\/geliai.lt\/et\/wp-json\/wp\/v2\/media?parent=7408"}],"wp:term":[{"taxonomy":"product_brand","embeddable":true,"href":"https:\/\/geliai.lt\/et\/wp-json\/wp\/v2\/product_brand?post=7408"},{"taxonomy":"product_cat","embeddable":true,"href":"https:\/\/geliai.lt\/et\/wp-json\/wp\/v2\/product_cat?post=7408"},{"taxonomy":"product_tag","embeddable":true,"href":"https:\/\/geliai.lt\/et\/wp-json\/wp\/v2\/product_tag?post=7408"}],"curies":[{"name":"wp","href":"https:\/\/api.w.org\/{rel}","templated":true}]}}