{"id":7384,"date":"2024-11-16T18:47:54","date_gmt":"2024-11-16T16:47:54","guid":{"rendered":"https:\/\/geliai.lt\/?post_type=product&#038;p=7384"},"modified":"2026-02-26T19:12:18","modified_gmt":"2026-02-26T17:12:18","slug":"monarh-chia-02","status":"publish","type":"product","link":"https:\/\/geliai.lt\/et\/parduotuve\/chia-collection\/monarx-chia-02\/","title":{"rendered":"Monarx CHIA 02 \u2013 Geelk\u00fc\u00fcnelakk"},"content":{"rendered":"","protected":false},"excerpt":{"rendered":"<h5>Geelk\u00fc\u00fcnelakk \u2013 Monarx CHIA 02<\/h5>\n<p>CHIA kollektsiooni pastelltoonid v\u00f5imaldavad teil nautida optimismi ja energiat t\u00e4is kevadist manik\u00fc\u00fcri.<br \/>\n9 piiratud v\u00e4ljaande v\u00e4rvi chia-efektiga v\u00f5imaldavad teil luua eksklusiivseid k\u00fc\u00fcnekujundusi ilma t\u00e4iendavate dekoratiivsete elementideta.<\/p>\n<p>CHIA kollektsiooni Monarxi h\u00fcbriidlakid tagavad veatu manik\u00fc\u00fcri, mis on vastupidav ja s\u00e4ravalt ilus. Pastelltoonid sobivad suurep\u00e4raselt iga pikkuse ja kujuga k\u00fc\u00fcntele. Proovi klassikalist pastelltoonide kombinatsiooni ainulaadse chia-sarnase efektiga.<\/p>","protected":false},"featured_media":7385,"comment_status":"open","ping_status":"closed","template":"","meta":[],"product_brand":[290],"product_cat":[274,178,580],"product_tag":[],"class_list":{"0":"post-7384","1":"product","2":"type-product","3":"status-publish","4":"has-post-thumbnail","6":"product_brand-monarx-nails","7":"product_cat-chia-collection","8":"product_cat-geliniai-lakai","9":"product_cat-nagu-prieziura","11":"first","12":"outofstock","13":"shipping-taxable","14":"purchasable","15":"product-type-simple"},"_links":{"self":[{"href":"https:\/\/geliai.lt\/et\/wp-json\/wp\/v2\/product\/7384","targetHints":{"allow":["GET"]}}],"collection":[{"href":"https:\/\/geliai.lt\/et\/wp-json\/wp\/v2\/product"}],"about":[{"href":"https:\/\/geliai.lt\/et\/wp-json\/wp\/v2\/types\/product"}],"replies":[{"embeddable":true,"href":"https:\/\/geliai.lt\/et\/wp-json\/wp\/v2\/comments?post=7384"}],"version-history":[{"count":1,"href":"https:\/\/geliai.lt\/et\/wp-json\/wp\/v2\/product\/7384\/revisions"}],"predecessor-version":[{"id":16657,"href":"https:\/\/geliai.lt\/et\/wp-json\/wp\/v2\/product\/7384\/revisions\/16657"}],"wp:featuredmedia":[{"embeddable":true,"href":"https:\/\/geliai.lt\/et\/wp-json\/wp\/v2\/media\/7385"}],"wp:attachment":[{"href":"https:\/\/geliai.lt\/et\/wp-json\/wp\/v2\/media?parent=7384"}],"wp:term":[{"taxonomy":"product_brand","embeddable":true,"href":"https:\/\/geliai.lt\/et\/wp-json\/wp\/v2\/product_brand?post=7384"},{"taxonomy":"product_cat","embeddable":true,"href":"https:\/\/geliai.lt\/et\/wp-json\/wp\/v2\/product_cat?post=7384"},{"taxonomy":"product_tag","embeddable":true,"href":"https:\/\/geliai.lt\/et\/wp-json\/wp\/v2\/product_tag?post=7384"}],"curies":[{"name":"wp","href":"https:\/\/api.w.org\/{rel}","templated":true}]}}