{"id":7366,"date":"2024-11-16T15:57:45","date_gmt":"2024-11-16T13:57:45","guid":{"rendered":"https:\/\/geliai.lt\/?post_type=product&#038;p=7366"},"modified":"2026-02-26T19:14:22","modified_gmt":"2026-02-26T17:14:22","slug":"monarx-new-york-133","status":"publish","type":"product","link":"https:\/\/geliai.lt\/et\/parduotuve\/geliniai-lakai\/monarx-new-york-133\/","title":{"rendered":"Monarx New York 133 \u2013 Geelk\u00fc\u00fcnelakk"},"content":{"rendered":"","protected":false},"excerpt":{"rendered":"<h5>Gelinis nag\u0173 lakas &#8211; Monarx New York 133<\/h5>\n<p>Kas gali b\u016bti labiau hipnotizuojan\u010dio u\u017e naktin\u012f didmiest\u012f? Su saule leid\u017eiantis, Niujorkas kei\u010diasi \u2013 \u0161iltas, geltonas \u0161viesos spindesys u\u017epildo gatves, parduotuvi\u0173 vitrinose mirga \u017eavios spalvos, praeiviai sustoja gro\u017e\u0117tis Penkt\u0105ja al\u0117ja, daugyb\u0117 spalvot\u0173 atspind\u017ei\u0173 bangomis i\u0161siskleid\u017eia ant Hudsono up\u0117s pavir\u0161iaus, o automobiliai ir nam\u0173 lang\u0173 \u0161viesos kuria nepakartojam\u0105 nuotaik\u0105\u2026<\/p>\n<p>Pasinerk \u012f naktinio miesto \u017eaves\u012f su hibridiniu nag\u0173 laku \u201eNew York\u201c ir leisk sau pajusti \u0161io miesto nepaprast\u0105 aur\u0105.<\/p>","protected":false},"featured_media":16671,"comment_status":"open","ping_status":"closed","template":"","meta":[],"product_brand":[290],"product_cat":[178,580,261],"product_tag":[],"class_list":{"0":"post-7366","1":"product","2":"type-product","3":"status-publish","4":"has-post-thumbnail","6":"product_brand-monarx-nails","7":"product_cat-geliniai-lakai","8":"product_cat-nagu-prieziura","9":"product_cat-voyage-collection","11":"first","12":"instock","13":"shipping-taxable","14":"purchasable","15":"product-type-simple"},"_links":{"self":[{"href":"https:\/\/geliai.lt\/et\/wp-json\/wp\/v2\/product\/7366","targetHints":{"allow":["GET"]}}],"collection":[{"href":"https:\/\/geliai.lt\/et\/wp-json\/wp\/v2\/product"}],"about":[{"href":"https:\/\/geliai.lt\/et\/wp-json\/wp\/v2\/types\/product"}],"replies":[{"embeddable":true,"href":"https:\/\/geliai.lt\/et\/wp-json\/wp\/v2\/comments?post=7366"}],"version-history":[{"count":3,"href":"https:\/\/geliai.lt\/et\/wp-json\/wp\/v2\/product\/7366\/revisions"}],"predecessor-version":[{"id":16672,"href":"https:\/\/geliai.lt\/et\/wp-json\/wp\/v2\/product\/7366\/revisions\/16672"}],"wp:featuredmedia":[{"embeddable":true,"href":"https:\/\/geliai.lt\/et\/wp-json\/wp\/v2\/media\/16671"}],"wp:attachment":[{"href":"https:\/\/geliai.lt\/et\/wp-json\/wp\/v2\/media?parent=7366"}],"wp:term":[{"taxonomy":"product_brand","embeddable":true,"href":"https:\/\/geliai.lt\/et\/wp-json\/wp\/v2\/product_brand?post=7366"},{"taxonomy":"product_cat","embeddable":true,"href":"https:\/\/geliai.lt\/et\/wp-json\/wp\/v2\/product_cat?post=7366"},{"taxonomy":"product_tag","embeddable":true,"href":"https:\/\/geliai.lt\/et\/wp-json\/wp\/v2\/product_tag?post=7366"}],"curies":[{"name":"wp","href":"https:\/\/api.w.org\/{rel}","templated":true}]}}