{"id":7362,"date":"2024-11-16T15:35:00","date_gmt":"2024-11-16T13:35:00","guid":{"rendered":"https:\/\/geliai.lt\/?post_type=product&#038;p=7362"},"modified":"2026-02-26T19:14:33","modified_gmt":"2026-02-26T17:14:33","slug":"monarhx-hongkong-137","status":"publish","type":"product","link":"https:\/\/geliai.lt\/et\/parduotuve\/geliniai-lakai\/monarx-hong-kong-137\/","title":{"rendered":"Monarx Hong Kong 137 \u2013 geelk\u00fc\u00fcnelakk"},"content":{"rendered":"","protected":false},"excerpt":{"rendered":"<h5>Geel-k\u00fc\u00fcnelakk \u2013 Monarx Hong Kong 137<\/h5>\n<p>Suurep\u00e4rane koht Hongkongi \u00f6iste vaatamisv\u00e4\u00e4rsuste j\u00e4lgimiseks on \u00fcks h\u00e4mmastavamaid kohti, kus vapustavad laevad seilavad tuledes ja taevas on 15 minutit ilutulestikuga kaunistatud. P\u00e4evane ja \u00f6ine promenaad eristub oma ilu poolest. \u00dcmberringi on palju tulesid, k\u00f5lab muusika, inimesed jalutavad s\u00f5bralikult, naeratavad ja k\u00f5ik see on hingele nii hea. Sukeldu \u00f6ise linna atmosf\u00e4\u00e4ri h\u00fcbriidk\u00fc\u00fcnelakiga &quot;Hong Kong&quot; ja lase endal tunda seda unustamatut v\u00f5lu.<\/p>","protected":false},"featured_media":14326,"comment_status":"open","ping_status":"closed","template":"","meta":[],"product_brand":[290],"product_cat":[178,580,261],"product_tag":[],"class_list":{"0":"post-7362","1":"product","2":"type-product","3":"status-publish","4":"has-post-thumbnail","6":"product_brand-monarx-nails","7":"product_cat-geliniai-lakai","8":"product_cat-nagu-prieziura","9":"product_cat-voyage-collection","11":"first","12":"instock","13":"shipping-taxable","14":"purchasable","15":"product-type-simple"},"_links":{"self":[{"href":"https:\/\/geliai.lt\/et\/wp-json\/wp\/v2\/product\/7362","targetHints":{"allow":["GET"]}}],"collection":[{"href":"https:\/\/geliai.lt\/et\/wp-json\/wp\/v2\/product"}],"about":[{"href":"https:\/\/geliai.lt\/et\/wp-json\/wp\/v2\/types\/product"}],"replies":[{"embeddable":true,"href":"https:\/\/geliai.lt\/et\/wp-json\/wp\/v2\/comments?post=7362"}],"version-history":[{"count":3,"href":"https:\/\/geliai.lt\/et\/wp-json\/wp\/v2\/product\/7362\/revisions"}],"predecessor-version":[{"id":16674,"href":"https:\/\/geliai.lt\/et\/wp-json\/wp\/v2\/product\/7362\/revisions\/16674"}],"wp:featuredmedia":[{"embeddable":true,"href":"https:\/\/geliai.lt\/et\/wp-json\/wp\/v2\/media\/14326"}],"wp:attachment":[{"href":"https:\/\/geliai.lt\/et\/wp-json\/wp\/v2\/media?parent=7362"}],"wp:term":[{"taxonomy":"product_brand","embeddable":true,"href":"https:\/\/geliai.lt\/et\/wp-json\/wp\/v2\/product_brand?post=7362"},{"taxonomy":"product_cat","embeddable":true,"href":"https:\/\/geliai.lt\/et\/wp-json\/wp\/v2\/product_cat?post=7362"},{"taxonomy":"product_tag","embeddable":true,"href":"https:\/\/geliai.lt\/et\/wp-json\/wp\/v2\/product_tag?post=7362"}],"curies":[{"name":"wp","href":"https:\/\/api.w.org\/{rel}","templated":true}]}}