{"id":7152,"date":"2024-10-23T17:01:04","date_gmt":"2024-10-23T14:01:04","guid":{"rendered":"https:\/\/geliai.lt\/?post_type=product&#038;p=7152"},"modified":"2026-02-26T19:19:26","modified_gmt":"2026-02-26T17:19:26","slug":"monarhi-amulett-142","status":"publish","type":"product","link":"https:\/\/geliai.lt\/et\/parduotuve\/aurora-collection\/monarx-amulet-142\/","title":{"rendered":"Monarx Amulet 142 \u2013 geelk\u00fc\u00fcnelakk"},"content":{"rendered":"","protected":false},"excerpt":{"rendered":"<h5>Geelk\u00fc\u00fcnelakk \u2013 Monarx Amulet 142<\/h5>\n<p>Loo oma uus v\u00e4limus selle erksa sinakassinise h\u00fcbriidtootega! Amulett sobib ideaalselt nii algajatele kui ka professionaalidele, kes soovivad oma loovust v\u00e4ljendada.<\/p>\n<p>Intensiivne ja l\u00e4ikiv v\u00e4rv paistab silma ja k\u00f6idab t\u00e4helepanu. Laske oma stiilil enda eest r\u00e4\u00e4kida \u2013 Amuletiga saavutate veatu v\u00e4limuse, mis peegeldab teie ainulaadsust. Sukelduge sellesse imelisse v\u00e4rvi ja laske oma loomingul saada t\u00f5eliseks kunstiteoseks!<\/p>","protected":false},"featured_media":16703,"comment_status":"open","ping_status":"closed","template":"","meta":[],"product_brand":[290],"product_cat":[252,178,580],"product_tag":[],"class_list":{"0":"post-7152","1":"product","2":"type-product","3":"status-publish","4":"has-post-thumbnail","6":"product_brand-monarx-nails","7":"product_cat-aurora-collection","8":"product_cat-geliniai-lakai","9":"product_cat-nagu-prieziura","11":"first","12":"instock","13":"shipping-taxable","14":"purchasable","15":"product-type-simple"},"_links":{"self":[{"href":"https:\/\/geliai.lt\/et\/wp-json\/wp\/v2\/product\/7152","targetHints":{"allow":["GET"]}}],"collection":[{"href":"https:\/\/geliai.lt\/et\/wp-json\/wp\/v2\/product"}],"about":[{"href":"https:\/\/geliai.lt\/et\/wp-json\/wp\/v2\/types\/product"}],"replies":[{"embeddable":true,"href":"https:\/\/geliai.lt\/et\/wp-json\/wp\/v2\/comments?post=7152"}],"version-history":[{"count":3,"href":"https:\/\/geliai.lt\/et\/wp-json\/wp\/v2\/product\/7152\/revisions"}],"predecessor-version":[{"id":16704,"href":"https:\/\/geliai.lt\/et\/wp-json\/wp\/v2\/product\/7152\/revisions\/16704"}],"wp:featuredmedia":[{"embeddable":true,"href":"https:\/\/geliai.lt\/et\/wp-json\/wp\/v2\/media\/16703"}],"wp:attachment":[{"href":"https:\/\/geliai.lt\/et\/wp-json\/wp\/v2\/media?parent=7152"}],"wp:term":[{"taxonomy":"product_brand","embeddable":true,"href":"https:\/\/geliai.lt\/et\/wp-json\/wp\/v2\/product_brand?post=7152"},{"taxonomy":"product_cat","embeddable":true,"href":"https:\/\/geliai.lt\/et\/wp-json\/wp\/v2\/product_cat?post=7152"},{"taxonomy":"product_tag","embeddable":true,"href":"https:\/\/geliai.lt\/et\/wp-json\/wp\/v2\/product_tag?post=7152"}],"curies":[{"name":"wp","href":"https:\/\/api.w.org\/{rel}","templated":true}]}}