{"id":6802,"date":"2024-10-16T13:57:20","date_gmt":"2024-10-16T10:57:20","guid":{"rendered":"https:\/\/geliai.lt\/?post_type=product&#038;p=6802"},"modified":"2026-04-26T17:42:47","modified_gmt":"2026-04-26T14:42:47","slug":"monarxi-pealispinda-ei-saa-puhkida","status":"publish","type":"product","link":"https:\/\/geliai.lt\/et\/parduotuve\/bazes-ir-topai\/monarx-top-no-wipe\/","title":{"rendered":"Top No Wipe \u2013 l\u00e4ikiv pealislakk"},"content":{"rendered":"<ul>\n<li>\n<p data-path-to-node=\"1,0,0\"><b data-path-to-node=\"1,0,0\" data-index-in-node=\"0\">Maksimaalne turvalisus<\/b> \u2013 Hema- ja TPO-vaba koostis, mis ei sisalda kahjulikke monomeere, tagab ohutu kasutamise, sobib tundlikele k\u00e4tele ja k\u00fc\u00fcntele ning minimeerib allergiaohtu.<\/p>\n<\/li>\n<li>\n<p data-path-to-node=\"1,1,0\"><b data-path-to-node=\"1,1,0\" data-index-in-node=\"0\">Intensiivne peegli l\u00e4ige<\/b> \u2013 l\u00e4bipaistev, \u00f5huke konsistents annab k\u00fc\u00fcntele laitmatu l\u00e4ike, mis p\u00fcsib kandmise ajal selge ega kolletu.<\/p>\n<\/li>\n<li>\n<p data-path-to-node=\"1,2,0\"><b data-path-to-node=\"1,2,0\" data-index-in-node=\"0\">Pikaajaline vastupidavus<\/b> \u2013 spetsiaalne kleepuva kihita valem tagab manik\u00fc\u00fcri vastupidavuse kriimustustele ja mehaanilistele kahjustustele kuni 3 n\u00e4dalat.<\/p>\n<\/li>\n<\/ul>","protected":false},"excerpt":{"rendered":"<h3>\u00dclemine p\u00fchkimine keelatud<\/h3>\n<p>MONARX Hybrid Top Coat on l\u00e4bipaistev, dispersioonivaba pealislakk, mis kaitseb teie manik\u00fc\u00fcri ideaalselt pragunemise eest ja pikendab selle vastupidavust, j\u00e4ttes kauni l\u00e4ike. See toode ei muuda aluslaki v\u00e4rvi ja on universaalne, sobides kasutamiseks h\u00fcbriidlakkide, geelide ja akr\u00fc\u00fclidega.<\/p>","protected":false},"featured_media":11599,"comment_status":"open","ping_status":"closed","template":"","meta":[],"product_brand":[290],"product_cat":[179,580,221],"product_tag":[296],"class_list":{"0":"post-6802","1":"product","2":"type-product","3":"status-publish","4":"has-post-thumbnail","6":"product_brand-monarx-nails","7":"product_cat-bazes-ir-topai","8":"product_cat-nagu-prieziura","9":"product_cat-skaidrus-topai","10":"product_tag-populiarus-produktai-greitai-isparduodama","12":"first","13":"instock","14":"shipping-taxable","15":"purchasable","16":"product-type-variable"},"_links":{"self":[{"href":"https:\/\/geliai.lt\/et\/wp-json\/wp\/v2\/product\/6802","targetHints":{"allow":["GET"]}}],"collection":[{"href":"https:\/\/geliai.lt\/et\/wp-json\/wp\/v2\/product"}],"about":[{"href":"https:\/\/geliai.lt\/et\/wp-json\/wp\/v2\/types\/product"}],"replies":[{"embeddable":true,"href":"https:\/\/geliai.lt\/et\/wp-json\/wp\/v2\/comments?post=6802"}],"version-history":[{"count":7,"href":"https:\/\/geliai.lt\/et\/wp-json\/wp\/v2\/product\/6802\/revisions"}],"predecessor-version":[{"id":14755,"href":"https:\/\/geliai.lt\/et\/wp-json\/wp\/v2\/product\/6802\/revisions\/14755"}],"wp:featuredmedia":[{"embeddable":true,"href":"https:\/\/geliai.lt\/et\/wp-json\/wp\/v2\/media\/11599"}],"wp:attachment":[{"href":"https:\/\/geliai.lt\/et\/wp-json\/wp\/v2\/media?parent=6802"}],"wp:term":[{"taxonomy":"product_brand","embeddable":true,"href":"https:\/\/geliai.lt\/et\/wp-json\/wp\/v2\/product_brand?post=6802"},{"taxonomy":"product_cat","embeddable":true,"href":"https:\/\/geliai.lt\/et\/wp-json\/wp\/v2\/product_cat?post=6802"},{"taxonomy":"product_tag","embeddable":true,"href":"https:\/\/geliai.lt\/et\/wp-json\/wp\/v2\/product_tag?post=6802"}],"curies":[{"name":"wp","href":"https:\/\/api.w.org\/{rel}","templated":true}]}}