{"id":6728,"date":"2024-10-15T19:34:10","date_gmt":"2024-10-15T16:34:10","guid":{"rendered":"https:\/\/geliai.lt\/?post_type=product&#038;p=6728"},"modified":"2026-02-26T19:29:50","modified_gmt":"2026-02-26T17:29:50","slug":"monarx-fall-163","status":"publish","type":"product","link":"https:\/\/geliai.lt\/et\/parduotuve\/chocolate-collection\/monarx-fall-163\/","title":{"rendered":"Monarx Fall 163 \u2013 geelk\u00fc\u00fcnelakk"},"content":{"rendered":"","protected":false},"excerpt":{"rendered":"<h5>Gelinis nag\u0173 lakas &#8211; Monarx Fall 163<\/h5>\n<p>S\u00fcgish\u00fcbriidlakk on elegantne pruun toon, mis meenutab kuuma kohvi ja annab hubasuse tunde. See soe ja rikkalik v\u00e4rv sobib ideaalselt nii igap\u00e4evaseks kui ka erilisteks puhkudeks. Vali see lakk ja lase oma k\u00fc\u00fcntel peegeldada s\u00fcgise v\u00f5lu, millest kunagi puudust ei tule.<\/p>","protected":false},"featured_media":16756,"comment_status":"open","ping_status":"closed","template":"","meta":[],"product_brand":[290],"product_cat":[216,178,580],"product_tag":[],"class_list":{"0":"post-6728","1":"product","2":"type-product","3":"status-publish","4":"has-post-thumbnail","6":"product_brand-monarx-nails","7":"product_cat-chocolate-collection","8":"product_cat-geliniai-lakai","9":"product_cat-nagu-prieziura","11":"first","12":"outofstock","13":"shipping-taxable","14":"purchasable","15":"product-type-simple"},"_links":{"self":[{"href":"https:\/\/geliai.lt\/et\/wp-json\/wp\/v2\/product\/6728","targetHints":{"allow":["GET"]}}],"collection":[{"href":"https:\/\/geliai.lt\/et\/wp-json\/wp\/v2\/product"}],"about":[{"href":"https:\/\/geliai.lt\/et\/wp-json\/wp\/v2\/types\/product"}],"replies":[{"embeddable":true,"href":"https:\/\/geliai.lt\/et\/wp-json\/wp\/v2\/comments?post=6728"}],"version-history":[{"count":3,"href":"https:\/\/geliai.lt\/et\/wp-json\/wp\/v2\/product\/6728\/revisions"}],"predecessor-version":[{"id":16757,"href":"https:\/\/geliai.lt\/et\/wp-json\/wp\/v2\/product\/6728\/revisions\/16757"}],"wp:featuredmedia":[{"embeddable":true,"href":"https:\/\/geliai.lt\/et\/wp-json\/wp\/v2\/media\/16756"}],"wp:attachment":[{"href":"https:\/\/geliai.lt\/et\/wp-json\/wp\/v2\/media?parent=6728"}],"wp:term":[{"taxonomy":"product_brand","embeddable":true,"href":"https:\/\/geliai.lt\/et\/wp-json\/wp\/v2\/product_brand?post=6728"},{"taxonomy":"product_cat","embeddable":true,"href":"https:\/\/geliai.lt\/et\/wp-json\/wp\/v2\/product_cat?post=6728"},{"taxonomy":"product_tag","embeddable":true,"href":"https:\/\/geliai.lt\/et\/wp-json\/wp\/v2\/product_tag?post=6728"}],"curies":[{"name":"wp","href":"https:\/\/api.w.org\/{rel}","templated":true}]}}