{"id":6675,"date":"2024-10-14T23:07:44","date_gmt":"2024-10-14T20:07:44","guid":{"rendered":"https:\/\/geliai.lt\/?post_type=product&#038;p=6675"},"modified":"2026-02-26T19:36:48","modified_gmt":"2026-02-26T17:36:48","slug":"monarh-ambitsioonikas-111","status":"publish","type":"product","link":"https:\/\/geliai.lt\/et\/parduotuve\/geliniai-lakai\/monarx-ambitious-111\/","title":{"rendered":"Monarx Ambitious 111 - geelk\u00fc\u00fcnelakk"},"content":{"rendered":"<ul>\n<li>\n<p data-path-to-node=\"2,0,0\"><b data-path-to-node=\"2,0,0\" data-index-in-node=\"0\">Turvalisus ilma kompromissideta<\/b> \u2013 Hema- ja TPO-vaba koostis ilma kahjulike monomeerideta, mis on loodud allergiaohu minimeerimiseks ja ohutu t\u00f6\u00f6 tagamiseks.<\/p>\n<\/li>\n<li>\n<p data-path-to-node=\"2,1,0\"><b data-path-to-node=\"2,1,0\" data-index-in-node=\"0\">K\u00f5rge pigmentatsioon<\/b> \u2013 rikkalik v\u00e4rv katab k\u00fc\u00fcneplaadi \u00fchtlaselt, ei t\u00f5mbu kuivades kokku ja v\u00f5imaldab saavutada veatu tulemuse.<\/p>\n<\/li>\n<li>\n<p data-path-to-node=\"2,2,0\"><b data-path-to-node=\"2,2,0\" data-index-in-node=\"0\">Professionaalne juhtimine<\/b> \u2013 optimaalne konsistents v\u00f5imaldab lakil isetasanduda ja tagab kauakestva manik\u00fc\u00fcri, mis kestab kuni 4 n\u00e4dalat ilma koorumise v\u00f5i pragunemiseta.<\/p>\n<\/li>\n<\/ul>","protected":false},"excerpt":{"rendered":"<h3>Monarx Ambitsioonikas 111<\/h3>\n<p>\u00c4ra suru oma eufooriat alla \u2013 tunne roosat naudingut h\u00fcbriidlakiga &quot;Ambitious&quot;.<br \/>\nSee roosa lakk mitte ainult ei anna teie k\u00fc\u00fcntele ainulaadset l\u00e4iget, vaid t\u00e4idab teid ka \u00e4kilise \u00f5nnetundega, mis kestab kaua. Ainus k\u00f5rvalm\u00f5ju? Uskumatult trendikas manik\u00fc\u00fcr! Andke kiusatusele j\u00e4rele ja proovige seda uut v\u00e4rvielamust \u2013 teie k\u00fc\u00fcned v\u00e4\u00e4rivad seda.<\/p>","protected":false},"featured_media":14744,"comment_status":"open","ping_status":"closed","template":"","meta":[],"product_brand":[290],"product_cat":[178,214,580],"product_tag":[],"class_list":{"0":"post-6675","1":"product","2":"type-product","3":"status-publish","4":"has-post-thumbnail","6":"product_brand-monarx-nails","7":"product_cat-geliniai-lakai","8":"product_cat-love-story-collection","9":"product_cat-nagu-prieziura","11":"first","12":"outofstock","13":"shipping-taxable","14":"purchasable","15":"product-type-simple"},"_links":{"self":[{"href":"https:\/\/geliai.lt\/et\/wp-json\/wp\/v2\/product\/6675","targetHints":{"allow":["GET"]}}],"collection":[{"href":"https:\/\/geliai.lt\/et\/wp-json\/wp\/v2\/product"}],"about":[{"href":"https:\/\/geliai.lt\/et\/wp-json\/wp\/v2\/types\/product"}],"replies":[{"embeddable":true,"href":"https:\/\/geliai.lt\/et\/wp-json\/wp\/v2\/comments?post=6675"}],"version-history":[{"count":3,"href":"https:\/\/geliai.lt\/et\/wp-json\/wp\/v2\/product\/6675\/revisions"}],"predecessor-version":[{"id":14745,"href":"https:\/\/geliai.lt\/et\/wp-json\/wp\/v2\/product\/6675\/revisions\/14745"}],"wp:featuredmedia":[{"embeddable":true,"href":"https:\/\/geliai.lt\/et\/wp-json\/wp\/v2\/media\/14744"}],"wp:attachment":[{"href":"https:\/\/geliai.lt\/et\/wp-json\/wp\/v2\/media?parent=6675"}],"wp:term":[{"taxonomy":"product_brand","embeddable":true,"href":"https:\/\/geliai.lt\/et\/wp-json\/wp\/v2\/product_brand?post=6675"},{"taxonomy":"product_cat","embeddable":true,"href":"https:\/\/geliai.lt\/et\/wp-json\/wp\/v2\/product_cat?post=6675"},{"taxonomy":"product_tag","embeddable":true,"href":"https:\/\/geliai.lt\/et\/wp-json\/wp\/v2\/product_tag?post=6675"}],"curies":[{"name":"wp","href":"https:\/\/api.w.org\/{rel}","templated":true}]}}