{"id":16455,"date":"2026-02-24T16:22:08","date_gmt":"2026-02-24T14:22:08","guid":{"rendered":"https:\/\/geliai.lt\/?post_type=product&#038;p=16455"},"modified":"2026-02-24T16:46:01","modified_gmt":"2026-02-24T14:46:01","slug":"ekspert-40-100-150-tera-25-tk","status":"publish","type":"product","link":"https:\/\/geliai.lt\/et\/parduotuve\/dildes\/expert-40-100-150-grit-25-vnt\/","title":{"rendered":"K\u00fc\u00fcneviil EXPERT 40 100\/150 (25 tk)"},"content":{"rendered":"<p><strong data-start=\"0\" data-end=\"23\" data-is-only-node=\"\">Peamised omadused<\/strong><br data-start=\"23\" data-end=\"26\" \/>\u2022 Paadikujuline mineraalk\u00fc\u00fcneviil.<br data-start=\"66\" data-end=\"69\" \/>\u2022 Kaks t\u00f6\u00f6pinda \u2013 karedus 100\/150.<br data-start=\"105\" data-end=\"108\" \/>\u2022 100 grit \u2013 kunstk\u00fc\u00fcntele pikkuse ja kuju andmiseks.<br data-start=\"170\" data-end=\"173\" \/>\u2022 150 tera \u2013 kunstk\u00fc\u00fcnte pikkuse ja paksuse viilimiseks ning l\u00f5plikuks t\u00f6\u00f6tlemiseks.<br data-start=\"262\" data-end=\"265\" \/>\u2022 Kumer k\u00fclg \u2013 erinevate viilimisjoonte ja k\u00fc\u00fcnenahkade jaoks.<br data-start=\"332\" data-end=\"335\" \/>\u2022 Laiem serv \u2013 k\u00fc\u00fcne vaba serva kujundamiseks.<br data-start=\"389\" data-end=\"392\" \/>\u2022 V\u00f5imaldab \u00f5rnalt reguleerida naturaalsete ja kunstk\u00fc\u00fcnte kuju ilma plaati kahjustamata v\u00f5i mikropragusid tekitamata.<br data-start=\"496\" data-end=\"499\" \/>\u2022 Manik\u00fc\u00fcri ja pedik\u00fc\u00fcri jaoks.<br data-start=\"533\" data-end=\"536\" \/>\u2022 Suurus: 162 \u00d7 25 mm.<br data-start=\"557\" data-end=\"560\" \/>\u2022 Spetsiaalne kate kaitseb abrasiivmaterjali orgaanilise tolmuga ummistumise eest.<br data-start=\"631\" data-end=\"634\" \/>\u2022 \u00d5huke vahukiht v\u00e4hendab k\u00fc\u00fcneplaadile avalduvat survet.<br data-start=\"698\" data-end=\"701\" \/>\u2022 Paindlik plastmassist alus.<br data-start=\"734\" data-end=\"737\" \/>\u2022 Kvaliteetne abrasiiv s\u00e4ilitab oma omadused pikka aega.<br data-start=\"787\" data-end=\"790\" \/>\u2022 Pakend sisaldab 25 t\u00fckki.<br data-start=\"811\" data-end=\"814\" \/>\u2022 \u00dchekordselt kasutatav.<\/p>","protected":false},"excerpt":{"rendered":"<h4>Paadikujuline mineraalk\u00fc\u00fcneviil EXPERT 40<\/h4>\n<p>Paadikujuline mineraalk\u00fc\u00fcneviil EXPERT 40. 100\/150 grit (25 tk.) - professionaalsed viilid kahe abrasiivse poolega: 100 grit on m\u00f5eldud kunstk\u00fc\u00fcnte pikkuse kujundamiseks ja 150 grit - k\u00fc\u00fcnte pikkuse ja paksuse t\u00f6\u00f6tlemiseks ning kunstk\u00fc\u00fcnte l\u00f5plikuks t\u00f6\u00f6tlemiseks. Ergonoomiline paadikuju v\u00f5imaldab nurkade ja k\u00fc\u00fcnenahkade mugavat t\u00f6\u00f6tlemist, spetsiaalne abrasiivne kate hoiab \u00e4ra orgaanilise tolmuga ummistumise ja \u00f5huke vahukiht v\u00e4hendab survet k\u00fc\u00fcneplaadile. Pakendis - 25 tk., m\u00f5eldud \u00fchekordseks kasutamiseks manik\u00fc\u00fcri ja pedik\u00fc\u00fcri protseduuridel.<\/p>","protected":false},"featured_media":16456,"comment_status":"open","ping_status":"closed","template":"","meta":[],"product_brand":[591],"product_cat":[300,288],"product_tag":[],"class_list":{"0":"post-16455","1":"product","2":"type-product","3":"status-publish","4":"has-post-thumbnail","6":"product_brand-staleks","7":"product_cat-dildes","8":"product_cat-instrumentai","10":"first","11":"instock","12":"shipping-taxable","13":"purchasable","14":"product-type-simple"},"_links":{"self":[{"href":"https:\/\/geliai.lt\/et\/wp-json\/wp\/v2\/product\/16455","targetHints":{"allow":["GET"]}}],"collection":[{"href":"https:\/\/geliai.lt\/et\/wp-json\/wp\/v2\/product"}],"about":[{"href":"https:\/\/geliai.lt\/et\/wp-json\/wp\/v2\/types\/product"}],"replies":[{"embeddable":true,"href":"https:\/\/geliai.lt\/et\/wp-json\/wp\/v2\/comments?post=16455"}],"version-history":[{"count":2,"href":"https:\/\/geliai.lt\/et\/wp-json\/wp\/v2\/product\/16455\/revisions"}],"predecessor-version":[{"id":16467,"href":"https:\/\/geliai.lt\/et\/wp-json\/wp\/v2\/product\/16455\/revisions\/16467"}],"wp:featuredmedia":[{"embeddable":true,"href":"https:\/\/geliai.lt\/et\/wp-json\/wp\/v2\/media\/16456"}],"wp:attachment":[{"href":"https:\/\/geliai.lt\/et\/wp-json\/wp\/v2\/media?parent=16455"}],"wp:term":[{"taxonomy":"product_brand","embeddable":true,"href":"https:\/\/geliai.lt\/et\/wp-json\/wp\/v2\/product_brand?post=16455"},{"taxonomy":"product_cat","embeddable":true,"href":"https:\/\/geliai.lt\/et\/wp-json\/wp\/v2\/product_cat?post=16455"},{"taxonomy":"product_tag","embeddable":true,"href":"https:\/\/geliai.lt\/et\/wp-json\/wp\/v2\/product_tag?post=16455"}],"curies":[{"name":"wp","href":"https:\/\/api.w.org\/{rel}","templated":true}]}}