{"id":16401,"date":"2026-02-24T12:01:17","date_gmt":"2026-02-24T10:01:17","guid":{"rendered":"https:\/\/geliai.lt\/?post_type=product&#038;p=16401"},"modified":"2026-02-24T13:06:18","modified_gmt":"2026-02-24T11:06:18","slug":"kuuneviili-alus-expert-20-50-tk","status":"publish","type":"product","link":"https:\/\/geliai.lt\/et\/parduotuve\/dildes\/pagrindas-nagu-dildei-expert-20-50-vnt\/","title":{"rendered":"\u00dchekordne puidust k\u00fc\u00fcneviili alus EXPERT 20 (50 tk)"},"content":{"rendered":"<p><strong>Peamised omadused<\/strong><br data-start=\"19\" data-end=\"22\" \/>\u2022 M\u00f5eldud manik\u00fc\u00fcri jaoks kindla alusena kiirvahetatavatele \u00fchekordselt kasutatavatele abrasiivviilidele (papmAm).<br data-start=\"130\" data-end=\"133\" \/>\u2022 M\u00f5eldud k\u00fc\u00fcnte kujundamiseks ja vaba serva kujundamiseks.<br data-start=\"189\" data-end=\"192\" \/>\u2022 Kuju: sirge.<br data-start=\"207\" data-end=\"210\" \/>\u2022 Aluse suurus: 162 \u00d7 19 mm.<br data-start=\"240\" data-end=\"243\" \/>\u2022 Valmistatud keskkonnas\u00f5bralikust materjalist \u2013 kasepuidust.<br data-start=\"298\" data-end=\"301\" \/>\u2022 Kerge (2,9 g), mugav t\u00f6\u00f6tada.<br data-start=\"335\" data-end=\"338\" \/>\u2022 \u00dchekordsete viilide kasutamine suurendab protseduuri h\u00fcgieeni ja ohutust.<br data-start=\"409\" data-end=\"412\" \/>\u2022 V\u00f5imaldab kasutada erineva abrasiivsusega viile.<br data-start=\"457\" data-end=\"460\" \/>\u2022 \u00c4rge steriliseerige ega desinfitseerige.<br data-start=\"500\" data-end=\"503\" \/>\u2022 Ainult \u00fchekordseks kasutamiseks.<br data-start=\"537\" data-end=\"540\" \/>\u2022 Pakend: 50 tk.<\/p>","protected":false},"excerpt":{"rendered":"<h4>\u00dchekordselt kasutatav puidust alus k\u00fc\u00fcneviilile<\/h4>\n<p>\u00dchekordsed puidust k\u00fc\u00fcneviili alused EXPERT 20 (50 tk.) - vastupidavad sirge kujuga puidust alused, mis on m\u00f5eldud kiirvahetatavate \u00fchekordsete abrasiivide kinnitamiseks manik\u00fc\u00fcriprotseduurides. Valmistatud \u00f6koloogilisest kasepuidust, kerged ja mugavad kasutada, aitavad need ohutult kujundada k\u00fc\u00fcne kuju ja vaba serva, tagades \u00fchekordsete viilide kasutamise t\u00f5ttu k\u00f5rgema h\u00fcgieenitaseme. Ei ole m\u00f5eldud desinfitseerimiseks ega steriliseerimiseks.<\/p>","protected":false},"featured_media":16402,"comment_status":"open","ping_status":"closed","template":"","meta":[],"product_brand":[591],"product_cat":[300,288],"product_tag":[],"class_list":{"0":"post-16401","1":"product","2":"type-product","3":"status-publish","4":"has-post-thumbnail","6":"product_brand-staleks","7":"product_cat-dildes","8":"product_cat-instrumentai","10":"first","11":"instock","12":"shipping-taxable","13":"purchasable","14":"product-type-simple"},"_links":{"self":[{"href":"https:\/\/geliai.lt\/et\/wp-json\/wp\/v2\/product\/16401","targetHints":{"allow":["GET"]}}],"collection":[{"href":"https:\/\/geliai.lt\/et\/wp-json\/wp\/v2\/product"}],"about":[{"href":"https:\/\/geliai.lt\/et\/wp-json\/wp\/v2\/types\/product"}],"replies":[{"embeddable":true,"href":"https:\/\/geliai.lt\/et\/wp-json\/wp\/v2\/comments?post=16401"}],"version-history":[{"count":2,"href":"https:\/\/geliai.lt\/et\/wp-json\/wp\/v2\/product\/16401\/revisions"}],"predecessor-version":[{"id":16405,"href":"https:\/\/geliai.lt\/et\/wp-json\/wp\/v2\/product\/16401\/revisions\/16405"}],"wp:featuredmedia":[{"embeddable":true,"href":"https:\/\/geliai.lt\/et\/wp-json\/wp\/v2\/media\/16402"}],"wp:attachment":[{"href":"https:\/\/geliai.lt\/et\/wp-json\/wp\/v2\/media?parent=16401"}],"wp:term":[{"taxonomy":"product_brand","embeddable":true,"href":"https:\/\/geliai.lt\/et\/wp-json\/wp\/v2\/product_brand?post=16401"},{"taxonomy":"product_cat","embeddable":true,"href":"https:\/\/geliai.lt\/et\/wp-json\/wp\/v2\/product_cat?post=16401"},{"taxonomy":"product_tag","embeddable":true,"href":"https:\/\/geliai.lt\/et\/wp-json\/wp\/v2\/product_tag?post=16401"}],"curies":[{"name":"wp","href":"https:\/\/api.w.org\/{rel}","templated":true}]}}