{"id":16378,"date":"2026-02-24T10:14:54","date_gmt":"2026-02-24T08:14:54","guid":{"rendered":"https:\/\/geliai.lt\/?post_type=product&#038;p=16378"},"modified":"2026-02-24T10:51:12","modified_gmt":"2026-02-24T08:51:12","slug":"nutikad-salvratikud-400-tk","status":"publish","type":"product","link":"https:\/\/geliai.lt\/et\/parduotuve\/higiena\/serveteles-smart-400-vnt\/","title":{"rendered":"SMART mittekahanevad tihedad salvr\u00e4tikud (400 tk)"},"content":{"rendered":"","protected":false},"excerpt":{"rendered":"<h4>Tihedad ja kohevust mitte tekitavad salvr\u00e4tikud SMART<\/h4>\n<p>Kohevust mitte eralduvad, tihedad salvr\u00e4tikud SMART (400 tk.) - professionaalsed valged salvr\u00e4tikud geellaki, akr\u00fc\u00fcli v\u00f5i biogeeli kleepuva kihi eemaldamiseks, k\u00fc\u00fcneplaadi ja pintslite puhastamiseks ilma ebemeid j\u00e4tmata. Pehmest, h\u00e4sti imavast spunbond-kangast valmistatud salvr\u00e4tikud on h\u00fcgieenilised, \u00fchekordselt kasutatavad ja sobivad ideaalselt manik\u00fc\u00fcri ja pedik\u00fc\u00fcri jaoks.<\/p>","protected":false},"featured_media":16379,"comment_status":"open","ping_status":"closed","template":"","meta":[],"product_brand":[591],"product_cat":[311,596],"product_tag":[],"class_list":{"0":"post-16378","1":"product","2":"type-product","3":"status-publish","4":"has-post-thumbnail","6":"product_brand-staleks","7":"product_cat-higiena","8":"product_cat-vienkartines-prekes","10":"first","11":"instock","12":"shipping-taxable","13":"purchasable","14":"product-type-simple"},"_links":{"self":[{"href":"https:\/\/geliai.lt\/et\/wp-json\/wp\/v2\/product\/16378","targetHints":{"allow":["GET"]}}],"collection":[{"href":"https:\/\/geliai.lt\/et\/wp-json\/wp\/v2\/product"}],"about":[{"href":"https:\/\/geliai.lt\/et\/wp-json\/wp\/v2\/types\/product"}],"replies":[{"embeddable":true,"href":"https:\/\/geliai.lt\/et\/wp-json\/wp\/v2\/comments?post=16378"}],"version-history":[{"count":2,"href":"https:\/\/geliai.lt\/et\/wp-json\/wp\/v2\/product\/16378\/revisions"}],"predecessor-version":[{"id":16388,"href":"https:\/\/geliai.lt\/et\/wp-json\/wp\/v2\/product\/16378\/revisions\/16388"}],"wp:featuredmedia":[{"embeddable":true,"href":"https:\/\/geliai.lt\/et\/wp-json\/wp\/v2\/media\/16379"}],"wp:attachment":[{"href":"https:\/\/geliai.lt\/et\/wp-json\/wp\/v2\/media?parent=16378"}],"wp:term":[{"taxonomy":"product_brand","embeddable":true,"href":"https:\/\/geliai.lt\/et\/wp-json\/wp\/v2\/product_brand?post=16378"},{"taxonomy":"product_cat","embeddable":true,"href":"https:\/\/geliai.lt\/et\/wp-json\/wp\/v2\/product_cat?post=16378"},{"taxonomy":"product_tag","embeddable":true,"href":"https:\/\/geliai.lt\/et\/wp-json\/wp\/v2\/product_tag?post=16378"}],"curies":[{"name":"wp","href":"https:\/\/api.w.org\/{rel}","templated":true}]}}