{"id":14696,"date":"2026-02-16T10:48:22","date_gmt":"2026-02-16T08:48:22","guid":{"rendered":"https:\/\/geliai.lt\/?post_type=product&#038;p=14696"},"modified":"2026-02-23T18:37:11","modified_gmt":"2026-02-23T16:37:11","slug":"puidukogu-2","status":"publish","type":"product","link":"https:\/\/geliai.lt\/et\/parduotuve\/kolekcijos\/wood-kolekcija\/","title":{"rendered":"WOOD kollektsioon"},"content":{"rendered":"","protected":false},"excerpt":{"rendered":"<p data-path-to-node=\"5\"><b data-path-to-node=\"5\" data-index-in-node=\"0\">WOOD kollektsioon<\/b><\/p>\n<p data-path-to-node=\"6\">See sari on inspireeritud looduse toonidest ja loomulikust esteetikast ning on loodud \u00f5rna ja stiilse manik\u00fc\u00fcri loomiseks. Iga WOOD kollektsiooni toodet iseloomustab \u00e4\u00e4rmiselt rikkalik pigmentatsioon ja \u00fchtlane katvus, mis tagab kauakestva ja professionaalse tulemuse. Ostes kogu kollektsiooni korraga, s\u00e4\u00e4state 10% ja t\u00e4iendate oma t\u00f6\u00f6ruumi rahulike, maal\u00e4hedaste toonidega, mis j\u00e4\u00e4vad populaarseks igal aastaajal. Monarxi kvaliteet garanteerib kiire t\u00f6\u00f6 ja laitmatu v\u00e4limuse.<\/p>","protected":false},"featured_media":14697,"comment_status":"open","ping_status":"closed","template":"","meta":[],"product_brand":[290],"product_cat":[593,580],"product_tag":[],"class_list":{"0":"post-14696","1":"product","2":"type-product","3":"status-publish","4":"has-post-thumbnail","6":"product_brand-monarx-nails","7":"product_cat-kolekcijos","8":"product_cat-nagu-prieziura","10":"first","11":"instock","12":"sale","13":"featured","14":"shipping-taxable","15":"purchasable","16":"product-type-woosb"},"_links":{"self":[{"href":"https:\/\/geliai.lt\/et\/wp-json\/wp\/v2\/product\/14696","targetHints":{"allow":["GET"]}}],"collection":[{"href":"https:\/\/geliai.lt\/et\/wp-json\/wp\/v2\/product"}],"about":[{"href":"https:\/\/geliai.lt\/et\/wp-json\/wp\/v2\/types\/product"}],"replies":[{"embeddable":true,"href":"https:\/\/geliai.lt\/et\/wp-json\/wp\/v2\/comments?post=14696"}],"version-history":[{"count":1,"href":"https:\/\/geliai.lt\/et\/wp-json\/wp\/v2\/product\/14696\/revisions"}],"predecessor-version":[{"id":14698,"href":"https:\/\/geliai.lt\/et\/wp-json\/wp\/v2\/product\/14696\/revisions\/14698"}],"wp:featuredmedia":[{"embeddable":true,"href":"https:\/\/geliai.lt\/et\/wp-json\/wp\/v2\/media\/14697"}],"wp:attachment":[{"href":"https:\/\/geliai.lt\/et\/wp-json\/wp\/v2\/media?parent=14696"}],"wp:term":[{"taxonomy":"product_brand","embeddable":true,"href":"https:\/\/geliai.lt\/et\/wp-json\/wp\/v2\/product_brand?post=14696"},{"taxonomy":"product_cat","embeddable":true,"href":"https:\/\/geliai.lt\/et\/wp-json\/wp\/v2\/product_cat?post=14696"},{"taxonomy":"product_tag","embeddable":true,"href":"https:\/\/geliai.lt\/et\/wp-json\/wp\/v2\/product_tag?post=14696"}],"curies":[{"name":"wp","href":"https:\/\/api.w.org\/{rel}","templated":true}]}}