{"id":12990,"date":"2026-01-22T21:30:53","date_gmt":"2026-01-22T19:30:53","guid":{"rendered":"https:\/\/geliai.lt\/?post_type=product&#038;p=12990"},"modified":"2026-02-23T18:42:17","modified_gmt":"2026-02-23T16:42:17","slug":"pealislaki-varv-4","status":"publish","type":"product","link":"https:\/\/geliai.lt\/et\/parduotuve\/bazes-ir-topai\/virsutinis-sluoksnis-spalva-4\/","title":{"rendered":"Pealislakk \u2013 V\u00c4RV 4"},"content":{"rendered":"<ul>\n<li>\n<p data-path-to-node=\"1,0,0\"><b data-path-to-node=\"1,0,0\" data-index-in-node=\"0\">Maksimaalne turvalisus<\/b> \u2013 ohutu \u201eHema-Free\u201c valem ilma kahjulike monomeerideta minimeerib allergiliste reaktsioonide t\u00f5en\u00e4osust ja tagab mugava t\u00f6\u00f6tamise.<\/p>\n<\/li>\n<li>\n<p data-path-to-node=\"1,1,0\"><b data-path-to-node=\"1,1,0\" data-index-in-node=\"0\">Erakordne pigmentatsioon<\/b> \u2013 pealislakk on rikkaliku v\u00e4rviga ning pakub ideaalset kombinatsiooni paindlikkusest ja vastupidavusest, andes teie k\u00fc\u00fcntele laitmatu v\u00e4limuse.<\/p>\n<\/li>\n<li>\n<p data-path-to-node=\"1,2,0\"><b data-path-to-node=\"1,2,0\" data-index-in-node=\"0\">Kiire ja t\u00f5hus t\u00f6\u00f6<\/b> \u2013 tootel puudub dispersioonkiht (kleepuv kiht), seega ei vaja see t\u00e4iendavat puhastamist ja kiirendab manik\u00fc\u00fcriprotsessi.<\/p>\n<\/li>\n<\/ul>","protected":false},"excerpt":{"rendered":"<h3>Pealislakk \u2013 V\u00c4RV 4<\/h3>\n<p data-path-to-node=\"2\">Kas sulle meeldivad korralikud ja elegantsed k\u00fc\u00fcned ilma erksate detailide v\u00f5i v\u00e4rviliste aktsentideta? Kas eelistad lihtsust ja asjalikku v\u00e4limust, mis sobib igasse olukorda? Esitleme spetsiaalselt selliste vajaduste jaoks loodud mittekleepuvate v\u00e4rviliste pealislakkide kollektsiooni. Need pealislakid sobivad eriti h\u00e4sti beebibuumi p\u00f5lvkonna, prantsuse manik\u00fc\u00fcri ja pulmastiilis disainide jaoks, mis n\u00f5uavad \u00f5rna ja esteetilist viimistlust.<\/p>\n<p data-path-to-node=\"3\">Uues kollektsioonis on v\u00e4rvilised pealislakid umbes 20% katvusega, mis r\u00f5hutavad teie k\u00fc\u00fcnte loomulikku ilu ja annavad teie manik\u00fc\u00fcrile ajatu elegantsi. Usume, et lihtsuses peitub suurim j\u00f5ud. Valige \u00f5rn toon, mis sobib ideaalselt lihtsate kunstielementide aluseks v\u00f5i aitab pehmendada \u00e4\u00e4rmiselt erksaid v\u00e4rve. Saate valida kaheksa erineva tooni vahel, mis annavad teie manik\u00fc\u00fcrile luksusliku kreemja viimistluse.<\/p>","protected":false},"featured_media":14806,"comment_status":"open","ping_status":"closed","template":"","meta":[],"product_brand":[290],"product_cat":[179,580,350],"product_tag":[],"class_list":{"0":"post-12990","1":"product","2":"type-product","3":"status-publish","4":"has-post-thumbnail","6":"product_brand-monarx-nails","7":"product_cat-bazes-ir-topai","8":"product_cat-nagu-prieziura","9":"product_cat-spalvoti-topai","11":"first","12":"instock","13":"shipping-taxable","14":"purchasable","15":"product-type-simple"},"_links":{"self":[{"href":"https:\/\/geliai.lt\/et\/wp-json\/wp\/v2\/product\/12990","targetHints":{"allow":["GET"]}}],"collection":[{"href":"https:\/\/geliai.lt\/et\/wp-json\/wp\/v2\/product"}],"about":[{"href":"https:\/\/geliai.lt\/et\/wp-json\/wp\/v2\/types\/product"}],"replies":[{"embeddable":true,"href":"https:\/\/geliai.lt\/et\/wp-json\/wp\/v2\/comments?post=12990"}],"version-history":[{"count":3,"href":"https:\/\/geliai.lt\/et\/wp-json\/wp\/v2\/product\/12990\/revisions"}],"predecessor-version":[{"id":14808,"href":"https:\/\/geliai.lt\/et\/wp-json\/wp\/v2\/product\/12990\/revisions\/14808"}],"wp:featuredmedia":[{"embeddable":true,"href":"https:\/\/geliai.lt\/et\/wp-json\/wp\/v2\/media\/14806"}],"wp:attachment":[{"href":"https:\/\/geliai.lt\/et\/wp-json\/wp\/v2\/media?parent=12990"}],"wp:term":[{"taxonomy":"product_brand","embeddable":true,"href":"https:\/\/geliai.lt\/et\/wp-json\/wp\/v2\/product_brand?post=12990"},{"taxonomy":"product_cat","embeddable":true,"href":"https:\/\/geliai.lt\/et\/wp-json\/wp\/v2\/product_cat?post=12990"},{"taxonomy":"product_tag","embeddable":true,"href":"https:\/\/geliai.lt\/et\/wp-json\/wp\/v2\/product_tag?post=12990"}],"curies":[{"name":"wp","href":"https:\/\/api.w.org\/{rel}","templated":true}]}}