{"id":12715,"date":"2025-11-24T15:35:02","date_gmt":"2025-11-24T13:35:02","guid":{"rendered":"https:\/\/geliai.lt\/?post_type=product&#038;p=12715"},"modified":"2026-02-26T18:08:22","modified_gmt":"2026-02-26T16:08:22","slug":"pantone-017-geelkuunelakk","status":"publish","type":"product","link":"https:\/\/geliai.lt\/et\/parduotuve\/geliniai-lakai\/pantone-017-gelinis-nagu-lakas\/","title":{"rendered":"PANTONE 017 \u2013 Geelk\u00fc\u00fcnelakk"},"content":{"rendered":"<ul>\n<li>\n<p data-path-to-node=\"1,0,0\"><b data-path-to-node=\"1,0,0\" data-index-in-node=\"0\">Maksimaalne turvalisus<\/b> \u2013 ohutu hema- ja TPO-vaba koostis ilma kahjulike monomeerideta tagab ohutu t\u00f6\u00f6 ja minimeerib allergiliste reaktsioonide t\u00f5en\u00e4osuse.<\/p>\n<\/li>\n<li>\n<p data-path-to-node=\"1,1,0\"><b data-path-to-node=\"1,1,0\" data-index-in-node=\"0\">Erakordne k\u00fcllastus<\/b> \u2013 Pantone&#039;i kollektsiooni toon on erakordse heleduse ja s\u00fcgavusega, katab k\u00fc\u00fcne \u00fchtlaselt ning s\u00e4ilitab algse v\u00e4rvi intensiivsuse ja l\u00e4ike.<\/p>\n<\/li>\n<li>\n<p data-path-to-node=\"1,2,0\"><b data-path-to-node=\"1,2,0\" data-index-in-node=\"0\">Loominguline mitmek\u00fclgsus<\/b> \u2013 Monarxi valem sobib ideaalselt mitte ainult t\u00e4ielikuks katvuseks, vaid ka ombre-efektide v\u00f5i kaunistuste tegemiseks, tagades pikaajalise p\u00fcsivuse ilma lokkimiseta.<\/p>\n<\/li>\n<\/ul>","protected":false},"excerpt":{"rendered":"<p>H\u00fcbriidlakk LYONS BLUE 017, mis p\u00f5hineb populaarsetel Pantone 2025\/2026 toonidel, on suurep\u00e4rane valik neile, kes soovivad oma manik\u00fc\u00fcriga silma paista. Need v\u00e4rvitoonid on loodud vastavalt uusimatele moesuundadele ja annavad k\u00fc\u00fcntele ainulaadse v\u00f5lu.<\/p>","protected":false},"featured_media":14860,"comment_status":"open","ping_status":"closed","template":"","meta":[],"product_brand":[290],"product_cat":[178,580,349],"product_tag":[],"class_list":{"0":"post-12715","1":"product","2":"type-product","3":"status-publish","4":"has-post-thumbnail","6":"product_brand-monarx-nails","7":"product_cat-geliniai-lakai","8":"product_cat-nagu-prieziura","9":"product_cat-pantone-collection","11":"first","12":"instock","13":"shipping-taxable","14":"purchasable","15":"product-type-simple"},"_links":{"self":[{"href":"https:\/\/geliai.lt\/et\/wp-json\/wp\/v2\/product\/12715","targetHints":{"allow":["GET"]}}],"collection":[{"href":"https:\/\/geliai.lt\/et\/wp-json\/wp\/v2\/product"}],"about":[{"href":"https:\/\/geliai.lt\/et\/wp-json\/wp\/v2\/types\/product"}],"replies":[{"embeddable":true,"href":"https:\/\/geliai.lt\/et\/wp-json\/wp\/v2\/comments?post=12715"}],"version-history":[{"count":3,"href":"https:\/\/geliai.lt\/et\/wp-json\/wp\/v2\/product\/12715\/revisions"}],"predecessor-version":[{"id":14862,"href":"https:\/\/geliai.lt\/et\/wp-json\/wp\/v2\/product\/12715\/revisions\/14862"}],"wp:featuredmedia":[{"embeddable":true,"href":"https:\/\/geliai.lt\/et\/wp-json\/wp\/v2\/media\/14860"}],"wp:attachment":[{"href":"https:\/\/geliai.lt\/et\/wp-json\/wp\/v2\/media?parent=12715"}],"wp:term":[{"taxonomy":"product_brand","embeddable":true,"href":"https:\/\/geliai.lt\/et\/wp-json\/wp\/v2\/product_brand?post=12715"},{"taxonomy":"product_cat","embeddable":true,"href":"https:\/\/geliai.lt\/et\/wp-json\/wp\/v2\/product_cat?post=12715"},{"taxonomy":"product_tag","embeddable":true,"href":"https:\/\/geliai.lt\/et\/wp-json\/wp\/v2\/product_tag?post=12715"}],"curies":[{"name":"wp","href":"https:\/\/api.w.org\/{rel}","templated":true}]}}