{"id":12651,"date":"2025-11-19T14:42:34","date_gmt":"2025-11-19T12:42:34","guid":{"rendered":"https:\/\/geliai.lt\/?post_type=product&#038;p=12651"},"modified":"2026-04-01T10:18:15","modified_gmt":"2026-04-01T07:18:15","slug":"lady-in-red-011","status":"publish","type":"product","link":"https:\/\/geliai.lt\/et\/parduotuve\/geliniai-lakai\/lady-in-red-011\/","title":{"rendered":"LADY IN RED 011 &#8211; Gelinis nag\u0173 lakas"},"content":{"rendered":"<ul>\n<li>\n<p data-path-to-node=\"2,0,0\"><b data-path-to-node=\"2,0,0\" data-index-in-node=\"0\">Maksimaalne turvalisus<\/b> \u2013 ohutu hema- ja TPO-vaba koostis ilma kahjulike monomeerideta tagab ohutu t\u00f6\u00f6 ja minimeerib allergiliste reaktsioonide t\u00f5en\u00e4osuse.<\/p>\n<\/li>\n<li>\n<p data-path-to-node=\"2,1,0\"><b data-path-to-node=\"2,1,0\" data-index-in-node=\"0\">Klassikaline esteetika<\/b> \u2013 intensiivsed punased toonid on k\u00f5rge pigmentatsiooniga, tagades \u00fchtlase katvuse ja v\u00e4rvis\u00fcgavuse nii l\u00e4ikivates kui ka mattides variantides.<\/p>\n<\/li>\n<li>\n<p data-path-to-node=\"2,2,0\"><b data-path-to-node=\"2,2,0\" data-index-in-node=\"0\">Professionaalne vastupanu<\/b> \u2013 spetsiaalne Monarxi valem tagab lihtsa pealekandmise ja pikaajalise stabiilsuse ilma kriimustuste, kriimustuste v\u00f5i v\u00e4rvimuutusteta.<\/p>\n<\/li>\n<\/ul>","protected":false},"excerpt":{"rendered":"<h5>Punane daam \u2013 elegants juba esimesest kasutuskorrast alates<\/h5>\n<p>Punane on v\u00e4rv, mis ei l\u00e4he kunagi moest. Kui soovid ainulaadset ja enesekindlust andvat v\u00e4limust, on punane h\u00fcbriidlakk sinu stiiliarsenalis kohustuslik lisa.<\/p>","protected":false},"featured_media":14894,"comment_status":"open","ping_status":"closed","template":"","meta":[],"product_brand":[290],"product_cat":[178,346,580],"product_tag":[],"class_list":{"0":"post-12651","1":"product","2":"type-product","3":"status-publish","4":"has-post-thumbnail","6":"product_brand-monarx-nails","7":"product_cat-geliniai-lakai","8":"product_cat-lady-in-red-collection","9":"product_cat-nagu-prieziura","11":"first","12":"instock","13":"shipping-taxable","14":"purchasable","15":"product-type-simple"},"_links":{"self":[{"href":"https:\/\/geliai.lt\/et\/wp-json\/wp\/v2\/product\/12651","targetHints":{"allow":["GET"]}}],"collection":[{"href":"https:\/\/geliai.lt\/et\/wp-json\/wp\/v2\/product"}],"about":[{"href":"https:\/\/geliai.lt\/et\/wp-json\/wp\/v2\/types\/product"}],"replies":[{"embeddable":true,"href":"https:\/\/geliai.lt\/et\/wp-json\/wp\/v2\/comments?post=12651"}],"version-history":[{"count":3,"href":"https:\/\/geliai.lt\/et\/wp-json\/wp\/v2\/product\/12651\/revisions"}],"predecessor-version":[{"id":14896,"href":"https:\/\/geliai.lt\/et\/wp-json\/wp\/v2\/product\/12651\/revisions\/14896"}],"wp:featuredmedia":[{"embeddable":true,"href":"https:\/\/geliai.lt\/et\/wp-json\/wp\/v2\/media\/14894"}],"wp:attachment":[{"href":"https:\/\/geliai.lt\/et\/wp-json\/wp\/v2\/media?parent=12651"}],"wp:term":[{"taxonomy":"product_brand","embeddable":true,"href":"https:\/\/geliai.lt\/et\/wp-json\/wp\/v2\/product_brand?post=12651"},{"taxonomy":"product_cat","embeddable":true,"href":"https:\/\/geliai.lt\/et\/wp-json\/wp\/v2\/product_cat?post=12651"},{"taxonomy":"product_tag","embeddable":true,"href":"https:\/\/geliai.lt\/et\/wp-json\/wp\/v2\/product_tag?post=12651"}],"curies":[{"name":"wp","href":"https:\/\/api.w.org\/{rel}","templated":true}]}}