{"id":12606,"date":"2025-11-19T10:48:50","date_gmt":"2025-11-19T08:48:50","guid":{"rendered":"https:\/\/geliai.lt\/?post_type=product&#038;p=12606"},"modified":"2026-04-14T07:13:50","modified_gmt":"2026-04-14T04:13:50","slug":"siidist-alasti-kass-03","status":"publish","type":"product","link":"https:\/\/geliai.lt\/et\/parduotuve\/cat-eye-collection\/silk-nude-cat-03\/","title":{"rendered":"SILK NUDE CAT 03 \u2013 Geelk\u00fc\u00fcnelakk"},"content":{"rendered":"<ul>\n<li>\n<p data-path-to-node=\"1,0,0\"><b data-path-to-node=\"1,0,0\" data-index-in-node=\"0\">Maksimaalne turvalisus<\/b> \u2013 Hema- ja TPO-vaba koostis, mis ei sisalda kahjulikke monomeere, vastab uusimatele EL-i n\u00f5uetele ning tagab ohutu t\u00f6\u00f6 ja minimaalse allergiaohu.<\/p>\n<\/li>\n<li>\n<p data-path-to-node=\"1,1,0\"><b data-path-to-node=\"1,1,0\" data-index-in-node=\"0\">Magnetiline s\u00fcgavus<\/b> \u2013 eksklusiivne Silk Nude Cat efekt annab k\u00fc\u00fcntele luksusliku l\u00e4ike ja s\u00fcgavuse, v\u00f5imaldades luua nii elegantseid klassikaid kui ka julgeid disainiaktsente.<\/p>\n<\/li>\n<li>\n<p data-path-to-node=\"1,2,0\"><b data-path-to-node=\"1,2,0\" data-index-in-node=\"0\">Pikaajaline resistentsus<\/b> \u2013 spetsiaalne valem tagab manik\u00fc\u00fcri stabiilsuse ja vastupidavuse mehaanilistele kahjustustele, tagades laitmatu v\u00e4limuse igaks s\u00fcndmuseks.<\/p>\n<\/li>\n<\/ul>","protected":false},"excerpt":{"rendered":"<h3 data-start=\"190\" data-end=\"267\"><strong data-start=\"194\" data-end=\"267\">SILK NUDE KASS<\/strong><\/h3>\n<p data-start=\"269\" data-end=\"518\">Avasta luksus pudelis. SILK NUDE CAT on eksklusiivne h\u00fcbriidlakkide sari, mis \u00fchendab v\u00e4rvi h\u00fcpnootilise... <span data-huuid=\"12027699697467118993\">Kassisilm<\/span> Iga toon on loodud naistele, kes soovivad silma paista elegantsi ja ainulaadse stiiliga.<\/p>\n<p data-start=\"520\" data-end=\"560\">Kollektsioon koosneb viiest v\u00f5luvast toonist.<\/p>","protected":false},"featured_media":14930,"comment_status":"open","ping_status":"closed","template":"","meta":[],"product_brand":[290],"product_cat":[342,178,580,345],"product_tag":[],"class_list":{"0":"post-12606","1":"product","2":"type-product","3":"status-publish","4":"has-post-thumbnail","6":"product_brand-monarx-nails","7":"product_cat-cat-eye-collection","8":"product_cat-geliniai-lakai","9":"product_cat-nagu-prieziura","10":"product_cat-silk-nude-cat","12":"first","13":"instock","14":"shipping-taxable","15":"purchasable","16":"product-type-simple"},"_links":{"self":[{"href":"https:\/\/geliai.lt\/et\/wp-json\/wp\/v2\/product\/12606","targetHints":{"allow":["GET"]}}],"collection":[{"href":"https:\/\/geliai.lt\/et\/wp-json\/wp\/v2\/product"}],"about":[{"href":"https:\/\/geliai.lt\/et\/wp-json\/wp\/v2\/types\/product"}],"replies":[{"embeddable":true,"href":"https:\/\/geliai.lt\/et\/wp-json\/wp\/v2\/comments?post=12606"}],"version-history":[{"count":3,"href":"https:\/\/geliai.lt\/et\/wp-json\/wp\/v2\/product\/12606\/revisions"}],"predecessor-version":[{"id":14931,"href":"https:\/\/geliai.lt\/et\/wp-json\/wp\/v2\/product\/12606\/revisions\/14931"}],"wp:featuredmedia":[{"embeddable":true,"href":"https:\/\/geliai.lt\/et\/wp-json\/wp\/v2\/media\/14930"}],"wp:attachment":[{"href":"https:\/\/geliai.lt\/et\/wp-json\/wp\/v2\/media?parent=12606"}],"wp:term":[{"taxonomy":"product_brand","embeddable":true,"href":"https:\/\/geliai.lt\/et\/wp-json\/wp\/v2\/product_brand?post=12606"},{"taxonomy":"product_cat","embeddable":true,"href":"https:\/\/geliai.lt\/et\/wp-json\/wp\/v2\/product_cat?post=12606"},{"taxonomy":"product_tag","embeddable":true,"href":"https:\/\/geliai.lt\/et\/wp-json\/wp\/v2\/product_tag?post=12606"}],"curies":[{"name":"wp","href":"https:\/\/api.w.org\/{rel}","templated":true}]}}