{"id":12579,"date":"2025-11-19T09:06:16","date_gmt":"2025-11-19T07:06:16","guid":{"rendered":"https:\/\/geliai.lt\/?post_type=product&#038;p=12579"},"modified":"2026-04-17T23:16:53","modified_gmt":"2026-04-17T20:16:53","slug":"helkurkass-01","status":"publish","type":"product","link":"https:\/\/geliai.lt\/et\/parduotuve\/cat-eye-collection\/reflective-cat-01\/","title":{"rendered":"HELGEV KASS 01 \u2013 Geelk\u00fc\u00fcnelakk"},"content":{"rendered":"<ul>\n<li>\n<p data-path-to-node=\"1,0,0\"><b data-path-to-node=\"1,0,0\" data-index-in-node=\"0\">Maksimaalne turvalisus<\/b> \u2013 Hema- ja TPO-vaba koostis ilma kahjulike monomeerideta tagab ohutu t\u00f6\u00f6 ja minimaalse allergiaohu nii meistrile kui ka kliendile.<\/p>\n<\/li>\n<li>\n<p data-path-to-node=\"1,1,0\"><b data-path-to-node=\"1,1,0\" data-index-in-node=\"0\">Magnetiline peegeldav efekt<\/b> \u2013 koostises olevad v\u00e4ikesed metallosakesed reageerivad magnetiga ja loovad mitmev\u00e4rvilisi mustrilisi peegeldusi, mis annavad teie k\u00fc\u00fcntele ainulaadse piduliku aktsendi.<\/p>\n<\/li>\n<li>\n<p data-path-to-node=\"1,2,0\"><b data-path-to-node=\"1,2,0\" data-index-in-node=\"0\">T\u00e4pne pealekandmine<\/b> \u2013 kvaliteetne pintsel ja optimaalne tekstuur v\u00f5imaldavad laki \u00fchtlaselt jaotada ilma voolamiseta, tagades vastupidava ja kriimustusteta kihi kuni 4 n\u00e4dalaks.<\/p>\n<\/li>\n<\/ul>","protected":false},"excerpt":{"rendered":"<h5>HELGEV KASS 01<\/h5>\n<p>MONARX NAILS tutvustab uut ja trendikat kristallh\u00fcbriidlakkide sarja REFLECTIVE CAT.<br \/>\nGeellakkide muljetavaldavad toonid annavad edasi iga fashionista head tuju. Magnetilised lakid muudavad tavalise manik\u00fc\u00fcri millekski maagiliseks.<\/p>\n<p>&nbsp;<\/p>","protected":false},"featured_media":14948,"comment_status":"open","ping_status":"closed","template":"","meta":[],"product_brand":[290],"product_cat":[342,178,580,344],"product_tag":[],"class_list":{"0":"post-12579","1":"product","2":"type-product","3":"status-publish","4":"has-post-thumbnail","6":"product_brand-monarx-nails","7":"product_cat-cat-eye-collection","8":"product_cat-geliniai-lakai","9":"product_cat-nagu-prieziura","10":"product_cat-reflective-cat","12":"first","13":"instock","14":"shipping-taxable","15":"purchasable","16":"product-type-simple"},"_links":{"self":[{"href":"https:\/\/geliai.lt\/et\/wp-json\/wp\/v2\/product\/12579","targetHints":{"allow":["GET"]}}],"collection":[{"href":"https:\/\/geliai.lt\/et\/wp-json\/wp\/v2\/product"}],"about":[{"href":"https:\/\/geliai.lt\/et\/wp-json\/wp\/v2\/types\/product"}],"replies":[{"embeddable":true,"href":"https:\/\/geliai.lt\/et\/wp-json\/wp\/v2\/comments?post=12579"}],"version-history":[{"count":3,"href":"https:\/\/geliai.lt\/et\/wp-json\/wp\/v2\/product\/12579\/revisions"}],"predecessor-version":[{"id":14950,"href":"https:\/\/geliai.lt\/et\/wp-json\/wp\/v2\/product\/12579\/revisions\/14950"}],"wp:featuredmedia":[{"embeddable":true,"href":"https:\/\/geliai.lt\/et\/wp-json\/wp\/v2\/media\/14948"}],"wp:attachment":[{"href":"https:\/\/geliai.lt\/et\/wp-json\/wp\/v2\/media?parent=12579"}],"wp:term":[{"taxonomy":"product_brand","embeddable":true,"href":"https:\/\/geliai.lt\/et\/wp-json\/wp\/v2\/product_brand?post=12579"},{"taxonomy":"product_cat","embeddable":true,"href":"https:\/\/geliai.lt\/et\/wp-json\/wp\/v2\/product_cat?post=12579"},{"taxonomy":"product_tag","embeddable":true,"href":"https:\/\/geliai.lt\/et\/wp-json\/wp\/v2\/product_tag?post=12579"}],"curies":[{"name":"wp","href":"https:\/\/api.w.org\/{rel}","templated":true}]}}