{"id":12571,"date":"2025-11-18T21:10:04","date_gmt":"2025-11-18T19:10:04","guid":{"rendered":"https:\/\/geliai.lt\/?post_type=product&#038;p=12571"},"modified":"2026-03-19T12:23:55","modified_gmt":"2026-03-19T10:23:55","slug":"meteoor-kass-04","status":"publish","type":"product","link":"https:\/\/geliai.lt\/et\/parduotuve\/cat-eye-collection\/meteor-cat-04\/","title":{"rendered":"METEOR CAT 04 \u2013 Geelk\u00fc\u00fcnelakk"},"content":{"rendered":"<ul>\n<li>\n<p data-path-to-node=\"1,0,0\"><b data-path-to-node=\"1,0,0\" data-index-in-node=\"0\">Maksimaalne turvalisus<\/b> \u2013 Hema- ja TPO-vaba koostis, mis ei sisalda kahjulikke monomeere, tagab ohutu kasutamise ja minimeerib allergiliste reaktsioonide t\u00f5en\u00e4osust.<\/p>\n<\/li>\n<li>\n<p data-path-to-node=\"1,1,0\"><b data-path-to-node=\"1,1,0\" data-index-in-node=\"0\">Laser-t\u00e4ppisrakendus<\/b> \u2013 laserl\u00f5igatud pintsel painduvate harjastega ja kergesti pealekantava konsistentsiga v\u00f5imaldab saavutada professionaalse tulemuse, mis p\u00fcsib kuni 4 n\u00e4dalat.<\/p>\n<\/li>\n<li>\n<p data-path-to-node=\"1,2,0\"><b data-path-to-node=\"1,2,0\" data-index-in-node=\"0\">Kiire ja t\u00f5hus t\u00f6\u00f6<\/b> \u2013 poleerimisvahend k\u00f5veneb vaid 30\u201360 sekundiga ja magnetiline kassisilmatolm v\u00f5imaldab koheselt luua magneti abil moodustatud ainulaadseid mustreid.<\/p>\n<\/li>\n<\/ul>","protected":false},"excerpt":{"rendered":"<h3 data-start=\"180\" data-end=\"239\">METEOR KASS 04<\/h3>\n<p data-start=\"240\" data-end=\"405\">Meie magnetiliste h\u00fcbriidpoleerimisvahendite kollektsioon <em data-start=\"284\" data-end=\"296\">METEOR CAT<\/em> \u2013 need on 5 eksklusiivset tooni, mis loovad mitmem\u00f5\u00f5tmelise, h\u00fcpnootilise efekti vaid m\u00f5ne sekundiga.<\/p>\n<p data-start=\"407\" data-end=\"578\">T\u00e4nu kompositsioonis sisalduvatele magnetilistele osakestele saab magneti abil luua ainulaadseid mustristruktuure, mis annavad manik\u00fc\u00fcrile s\u00fcgavuse ja ainulaadsuse.<\/p>","protected":false},"featured_media":14955,"comment_status":"open","ping_status":"closed","template":"","meta":[],"product_brand":[290],"product_cat":[342,178,343,580],"product_tag":[],"class_list":{"0":"post-12571","1":"product","2":"type-product","3":"status-publish","4":"has-post-thumbnail","6":"product_brand-monarx-nails","7":"product_cat-cat-eye-collection","8":"product_cat-geliniai-lakai","9":"product_cat-meteor-cat","10":"product_cat-nagu-prieziura","12":"first","13":"instock","14":"shipping-taxable","15":"purchasable","16":"product-type-simple"},"_links":{"self":[{"href":"https:\/\/geliai.lt\/et\/wp-json\/wp\/v2\/product\/12571","targetHints":{"allow":["GET"]}}],"collection":[{"href":"https:\/\/geliai.lt\/et\/wp-json\/wp\/v2\/product"}],"about":[{"href":"https:\/\/geliai.lt\/et\/wp-json\/wp\/v2\/types\/product"}],"replies":[{"embeddable":true,"href":"https:\/\/geliai.lt\/et\/wp-json\/wp\/v2\/comments?post=12571"}],"version-history":[{"count":4,"href":"https:\/\/geliai.lt\/et\/wp-json\/wp\/v2\/product\/12571\/revisions"}],"predecessor-version":[{"id":14956,"href":"https:\/\/geliai.lt\/et\/wp-json\/wp\/v2\/product\/12571\/revisions\/14956"}],"wp:featuredmedia":[{"embeddable":true,"href":"https:\/\/geliai.lt\/et\/wp-json\/wp\/v2\/media\/14955"}],"wp:attachment":[{"href":"https:\/\/geliai.lt\/et\/wp-json\/wp\/v2\/media?parent=12571"}],"wp:term":[{"taxonomy":"product_brand","embeddable":true,"href":"https:\/\/geliai.lt\/et\/wp-json\/wp\/v2\/product_brand?post=12571"},{"taxonomy":"product_cat","embeddable":true,"href":"https:\/\/geliai.lt\/et\/wp-json\/wp\/v2\/product_cat?post=12571"},{"taxonomy":"product_tag","embeddable":true,"href":"https:\/\/geliai.lt\/et\/wp-json\/wp\/v2\/product_tag?post=12571"}],"curies":[{"name":"wp","href":"https:\/\/api.w.org\/{rel}","templated":true}]}}