{"id":12464,"date":"2025-10-29T12:28:09","date_gmt":"2025-10-29T10:28:09","guid":{"rendered":"https:\/\/geliai.lt\/?post_type=product&#038;p=12464"},"modified":"2026-02-17T10:13:16","modified_gmt":"2026-02-17T08:13:16","slug":"profesionalios-manikiuro-zirklutes-premium-l-101-mm-asmenys-18-mm","status":"publish","type":"product","link":"https:\/\/geliai.lt\/et\/parduotuve\/instrumentai\/profesionalios-manikiuro-zirklutes-premium-l-101-mm-asmenys-18-mm\/","title":{"rendered":"Professionaalsed k\u00fc\u00fcnenaha k\u00e4\u00e4rid Premium, tera 18 mm"},"content":{"rendered":"<p>Kodas: SY-1-18<\/p>","protected":false},"excerpt":{"rendered":"<h3>Professionaalsed k\u00fc\u00fcnenaha k\u00e4\u00e4rid Premium<\/h3>\n<p>Nikkelkattega kvaliteetsed k\u00fc\u00fcnenaha k\u00e4\u00e4rid k\u00e4sitsi teritamisega<\/p>","protected":false},"featured_media":14979,"comment_status":"open","ping_status":"closed","template":"","meta":[],"product_brand":[294],"product_cat":[288,256],"product_tag":[],"class_list":{"0":"post-12464","1":"product","2":"type-product","3":"status-publish","4":"has-post-thumbnail","6":"product_brand-head-the-beauty-tools","7":"product_cat-instrumentai","8":"product_cat-zirklutes","10":"first","11":"instock","12":"shipping-taxable","13":"purchasable","14":"product-type-simple"},"_links":{"self":[{"href":"https:\/\/geliai.lt\/et\/wp-json\/wp\/v2\/product\/12464","targetHints":{"allow":["GET"]}}],"collection":[{"href":"https:\/\/geliai.lt\/et\/wp-json\/wp\/v2\/product"}],"about":[{"href":"https:\/\/geliai.lt\/et\/wp-json\/wp\/v2\/types\/product"}],"replies":[{"embeddable":true,"href":"https:\/\/geliai.lt\/et\/wp-json\/wp\/v2\/comments?post=12464"}],"version-history":[{"count":5,"href":"https:\/\/geliai.lt\/et\/wp-json\/wp\/v2\/product\/12464\/revisions"}],"predecessor-version":[{"id":14980,"href":"https:\/\/geliai.lt\/et\/wp-json\/wp\/v2\/product\/12464\/revisions\/14980"}],"wp:featuredmedia":[{"embeddable":true,"href":"https:\/\/geliai.lt\/et\/wp-json\/wp\/v2\/media\/14979"}],"wp:attachment":[{"href":"https:\/\/geliai.lt\/et\/wp-json\/wp\/v2\/media?parent=12464"}],"wp:term":[{"taxonomy":"product_brand","embeddable":true,"href":"https:\/\/geliai.lt\/et\/wp-json\/wp\/v2\/product_brand?post=12464"},{"taxonomy":"product_cat","embeddable":true,"href":"https:\/\/geliai.lt\/et\/wp-json\/wp\/v2\/product_cat?post=12464"},{"taxonomy":"product_tag","embeddable":true,"href":"https:\/\/geliai.lt\/et\/wp-json\/wp\/v2\/product_tag?post=12464"}],"curies":[{"name":"wp","href":"https:\/\/api.w.org\/{rel}","templated":true}]}}