{"id":12461,"date":"2025-10-29T12:09:27","date_gmt":"2025-10-29T10:09:27","guid":{"rendered":"https:\/\/geliai.lt\/?post_type=product&#038;p=12461"},"modified":"2026-02-17T10:15:47","modified_gmt":"2026-02-17T08:15:47","slug":"professionaalne-kuunenaha-lukkaja-tootavad-osad-kumer-tera-sirge-otsaga","status":"publish","type":"product","link":"https:\/\/geliai.lt\/et\/parduotuve\/instrumentai\/profesionalus-odeliu-atstumejas-darbines-dalys-lenkta-gelezte-tiesus-galas\/","title":{"rendered":"Professionaalne k\u00fc\u00fcnenaha l\u00fckkaja, t\u00f6\u00f6tavad osad: k\u00f5ver tera - sirge ots"},"content":{"rendered":"<p>Kood: PX-04<\/p>","protected":false},"excerpt":{"rendered":"<h5>Professionaalne k\u00fc\u00fcnenaha sirgendaja<\/h5>\n<p>Mugavad k\u00e4epidemed soontega, mis takistavad t\u00f6\u00f6riista libisemist meistri k\u00e4es; t\u00f6\u00f6tava osa l\u00e4ikiv poleerimine; kumer tera mugavaks t\u00f6\u00f6ks raskesti ligip\u00e4\u00e4setavates kohtades; sobib erinevate manik\u00fc\u00fcri- ja pedik\u00fc\u00fcritehnikate jaoks; k\u00f5rge korrosioonikindlus; sobib nii algajatele kui ka professionaalidele.<\/p>","protected":false},"featured_media":14982,"comment_status":"closed","ping_status":"closed","template":"","meta":[],"product_brand":[294],"product_cat":[288,260],"product_tag":[],"class_list":{"0":"post-12461","1":"product","2":"type-product","3":"status-publish","4":"has-post-thumbnail","6":"product_brand-head-the-beauty-tools","7":"product_cat-instrumentai","8":"product_cat-odeliu-atstumikliai","10":"first","11":"instock","12":"shipping-taxable","13":"purchasable","14":"product-type-simple"},"_links":{"self":[{"href":"https:\/\/geliai.lt\/et\/wp-json\/wp\/v2\/product\/12461","targetHints":{"allow":["GET"]}}],"collection":[{"href":"https:\/\/geliai.lt\/et\/wp-json\/wp\/v2\/product"}],"about":[{"href":"https:\/\/geliai.lt\/et\/wp-json\/wp\/v2\/types\/product"}],"replies":[{"embeddable":true,"href":"https:\/\/geliai.lt\/et\/wp-json\/wp\/v2\/comments?post=12461"}],"version-history":[{"count":4,"href":"https:\/\/geliai.lt\/et\/wp-json\/wp\/v2\/product\/12461\/revisions"}],"predecessor-version":[{"id":14983,"href":"https:\/\/geliai.lt\/et\/wp-json\/wp\/v2\/product\/12461\/revisions\/14983"}],"wp:featuredmedia":[{"embeddable":true,"href":"https:\/\/geliai.lt\/et\/wp-json\/wp\/v2\/media\/14982"}],"wp:attachment":[{"href":"https:\/\/geliai.lt\/et\/wp-json\/wp\/v2\/media?parent=12461"}],"wp:term":[{"taxonomy":"product_brand","embeddable":true,"href":"https:\/\/geliai.lt\/et\/wp-json\/wp\/v2\/product_brand?post=12461"},{"taxonomy":"product_cat","embeddable":true,"href":"https:\/\/geliai.lt\/et\/wp-json\/wp\/v2\/product_cat?post=12461"},{"taxonomy":"product_tag","embeddable":true,"href":"https:\/\/geliai.lt\/et\/wp-json\/wp\/v2\/product_tag?post=12461"}],"curies":[{"name":"wp","href":"https:\/\/api.w.org\/{rel}","templated":true}]}}