{"id":12452,"date":"2025-10-29T11:46:16","date_gmt":"2025-10-29T09:46:16","guid":{"rendered":"https:\/\/geliai.lt\/?post_type=product&#038;p=12452"},"modified":"2026-02-17T10:21:22","modified_gmt":"2026-02-17T08:21:22","slug":"silikoonots-pirnikujuline-240-grit-l-18-mm-voi-9-mm","status":"publish","type":"product","link":"https:\/\/geliai.lt\/et\/parduotuve\/antgaliai\/silikoninis-antgalis-kriauses-formos-240-grit-l-18-mm-o-9-mm\/","title":{"rendered":"Pirnikujuline silikoonots, tera suurus 240, pikkus 18 mm, \u00d8 9 mm"},"content":{"rendered":"<p><strong data-start=\"634\" data-end=\"658\">Tehnilised andmed:<\/strong><br data-start=\"658\" data-end=\"661\" \/>Kuju: pirn<br data-start=\"676\" data-end=\"679\" \/>V\u00e4rv: roheline<br data-start=\"692\" data-end=\"695\" \/>Suurus: L 18 mm \u00d8 9 mm<br data-start=\"716\" data-end=\"719\" \/>Teravilja karedus: 240<br data-start=\"728\" data-end=\"731\" \/>T\u00fc\u00fcp: poleerimiseks\/poleerimiseks<br data-start=\"763\" data-end=\"766\" \/>Kood: HSP-172.240.090<br data-start=\"788\" data-end=\"791\" \/>Kasutamine: vaha manik\u00fc\u00fcriks, naturaalsete k\u00fc\u00fcnte poleerimiseks, naha poleerimiseks<br data-start=\"865\" data-end=\"868\" \/>Omadused: ei kanna soojust \u00fcle, poleerib \u00f5rnalt, kaitseb k\u00fc\u00fcsi ja k\u00fc\u00fcnenahku<\/p>","protected":false},"excerpt":{"rendered":"<h3 data-start=\"106\" data-end=\"176\"><strong data-start=\"110\" data-end=\"176\">Pirnikujuline silikoonots, tera suurus 240, pikkus 18 mm, \u00d8 9 mm<\/strong><\/h3>\n<p data-start=\"178\" data-end=\"632\">Avasta professionaalne manik\u00fc\u00fcrivahend \u2013 pirnikujuline silikoonots karedusega 240. See ots sobib ideaalselt vahamanik\u00fc\u00fcriks, naturaalsete k\u00fc\u00fcnte poleerimiseks ja naha poleerimiseks manik\u00fc\u00fcri ajal. Pirnikujuline disain v\u00f5imaldab teil k\u00fc\u00fcnevalli ja k\u00fclgmiste rullikutega mugavalt t\u00f6\u00f6tada, tagades pehme ja \u00fchtlase poleerimise. Ots poleerib \u00f5rnalt, ei kanna soojust \u00fcle ja annab k\u00fc\u00fcntele loomuliku l\u00e4ike, kaitstes samal ajal nahka kahjustuste eest.<\/p>","protected":false},"featured_media":14988,"comment_status":"open","ping_status":"closed","template":"","meta":[],"product_brand":[294],"product_cat":[258,288,317],"product_tag":[],"class_list":{"0":"post-12452","1":"product","2":"type-product","3":"status-publish","4":"has-post-thumbnail","6":"product_brand-head-the-beauty-tools","7":"product_cat-antgaliai","8":"product_cat-instrumentai","9":"product_cat-silikoniniai-antgaliai","11":"first","12":"instock","13":"shipping-taxable","14":"purchasable","15":"product-type-simple"},"_links":{"self":[{"href":"https:\/\/geliai.lt\/et\/wp-json\/wp\/v2\/product\/12452","targetHints":{"allow":["GET"]}}],"collection":[{"href":"https:\/\/geliai.lt\/et\/wp-json\/wp\/v2\/product"}],"about":[{"href":"https:\/\/geliai.lt\/et\/wp-json\/wp\/v2\/types\/product"}],"replies":[{"embeddable":true,"href":"https:\/\/geliai.lt\/et\/wp-json\/wp\/v2\/comments?post=12452"}],"version-history":[{"count":4,"href":"https:\/\/geliai.lt\/et\/wp-json\/wp\/v2\/product\/12452\/revisions"}],"predecessor-version":[{"id":14989,"href":"https:\/\/geliai.lt\/et\/wp-json\/wp\/v2\/product\/12452\/revisions\/14989"}],"wp:featuredmedia":[{"embeddable":true,"href":"https:\/\/geliai.lt\/et\/wp-json\/wp\/v2\/media\/14988"}],"wp:attachment":[{"href":"https:\/\/geliai.lt\/et\/wp-json\/wp\/v2\/media?parent=12452"}],"wp:term":[{"taxonomy":"product_brand","embeddable":true,"href":"https:\/\/geliai.lt\/et\/wp-json\/wp\/v2\/product_brand?post=12452"},{"taxonomy":"product_cat","embeddable":true,"href":"https:\/\/geliai.lt\/et\/wp-json\/wp\/v2\/product_cat?post=12452"},{"taxonomy":"product_tag","embeddable":true,"href":"https:\/\/geliai.lt\/et\/wp-json\/wp\/v2\/product_tag?post=12452"}],"curies":[{"name":"wp","href":"https:\/\/api.w.org\/{rel}","templated":true}]}}