{"id":12422,"date":"2025-10-29T10:15:54","date_gmt":"2025-10-29T08:15:54","guid":{"rendered":"https:\/\/geliai.lt\/?post_type=product&#038;p=12422"},"modified":"2026-02-17T10:38:37","modified_gmt":"2026-02-17T08:38:37","slug":"punane-pall","status":"publish","type":"product","link":"https:\/\/geliai.lt\/et\/parduotuve\/antgaliai\/rutuliuko-formos-ball-raudonos\/","title":{"rendered":"Teemantpall, punane m\u00e4rgistus"},"content":{"rendered":"<p>Kood:<\/p>\n<p>HBD-001RD.014<br \/>\nHBD-001RD.016<br \/>\nHBD-001RD.018<br \/>\nHBD-001RD.021<br \/>\nHBD-001RD.023<br \/>\nHBD-001RD.025<br \/>\nHBD-001RD.027<br \/>\nHBD-001RD.029<br \/>\nHBD-001RD.031<br \/>\nHBD-001RD.033<br \/>\nHBD-001RD.035<br \/>\nHBD-001RD.040<br \/>\nHBD-001RD.050<\/p>","protected":false},"excerpt":{"rendered":"<h6>Teemantots palli kujul<\/h6>\n<p>Naturaalse k\u00fc\u00fcneplaadi ettevalmistamiseks enne pealekandmist, k\u00fc\u00fcnenahkade t\u00f5stmiseks ja eemaldamiseks, k\u00fc\u00fcnerullide poleerimiseks. \u00d5rn ristil\u00f5ikus (ribistamine).<\/p>","protected":false},"featured_media":15004,"comment_status":"open","ping_status":"closed","template":"","meta":[],"product_brand":[294],"product_cat":[258,259,288],"product_tag":[],"class_list":{"0":"post-12422","1":"product","2":"type-product","3":"status-publish","4":"has-post-thumbnail","6":"product_brand-head-the-beauty-tools","7":"product_cat-antgaliai","8":"product_cat-deimantiniai-antgaliai","9":"product_cat-instrumentai","11":"first","12":"instock","13":"shipping-taxable","14":"purchasable","15":"product-type-variable"},"_links":{"self":[{"href":"https:\/\/geliai.lt\/et\/wp-json\/wp\/v2\/product\/12422","targetHints":{"allow":["GET"]}}],"collection":[{"href":"https:\/\/geliai.lt\/et\/wp-json\/wp\/v2\/product"}],"about":[{"href":"https:\/\/geliai.lt\/et\/wp-json\/wp\/v2\/types\/product"}],"replies":[{"embeddable":true,"href":"https:\/\/geliai.lt\/et\/wp-json\/wp\/v2\/comments?post=12422"}],"version-history":[{"count":3,"href":"https:\/\/geliai.lt\/et\/wp-json\/wp\/v2\/product\/12422\/revisions"}],"predecessor-version":[{"id":15005,"href":"https:\/\/geliai.lt\/et\/wp-json\/wp\/v2\/product\/12422\/revisions\/15005"}],"wp:featuredmedia":[{"embeddable":true,"href":"https:\/\/geliai.lt\/et\/wp-json\/wp\/v2\/media\/15004"}],"wp:attachment":[{"href":"https:\/\/geliai.lt\/et\/wp-json\/wp\/v2\/media?parent=12422"}],"wp:term":[{"taxonomy":"product_brand","embeddable":true,"href":"https:\/\/geliai.lt\/et\/wp-json\/wp\/v2\/product_brand?post=12422"},{"taxonomy":"product_cat","embeddable":true,"href":"https:\/\/geliai.lt\/et\/wp-json\/wp\/v2\/product_cat?post=12422"},{"taxonomy":"product_tag","embeddable":true,"href":"https:\/\/geliai.lt\/et\/wp-json\/wp\/v2\/product_tag?post=12422"}],"curies":[{"name":"wp","href":"https:\/\/api.w.org\/{rel}","templated":true}]}}