{"id":12387,"date":"2025-10-24T16:32:32","date_gmt":"2025-10-24T13:32:32","guid":{"rendered":"https:\/\/geliai.lt\/?post_type=product&#038;p=12387"},"modified":"2026-03-05T13:35:42","modified_gmt":"2026-03-05T11:35:42","slug":"vedelikgeel-033-ilma-hema-tpo-ta","status":"publish","type":"product","link":"https:\/\/geliai.lt\/et\/parduotuve\/fluid-geliai\/fluid-gel-033-no-hema-tpo\/","title":{"rendered":"VEDELGEEL 033 (ilma hema\/tpo)"},"content":{"rendered":"<ul>\n<li>\n<p data-path-to-node=\"1,0,0\"><b data-path-to-node=\"1,0,0\" data-index-in-node=\"0\">Maksimaalne turvalisus<\/b> \u2013 ohutu \u201eHema-vaba\u201c ja \u201eTPO-vaba\u201c valem ilma kahjulike monomeerideta tagab ohutu t\u00f6\u00f6 ja minimeerib allergiliste reaktsioonide t\u00f5en\u00e4osuse nii meistri kui ka kliendi jaoks.<\/p>\n<\/li>\n<li>\n<p data-path-to-node=\"1,1,0\"><b data-path-to-node=\"1,1,0\" data-index-in-node=\"0\">\u201eViilivaba tehnika<\/b> \u2013 vedel, isetasanduv tekstuur v\u00f5imaldab geelil k\u00fc\u00fcnepinnal \u00fchtlaselt jaotuda, seega ei vaja toode t\u00e4iendavat viilimist ja l\u00fchendab oluliselt t\u00f6\u00f6aega.<\/p>\n<\/li>\n<li>\n<p data-path-to-node=\"1,2,0\"><b data-path-to-node=\"1,2,0\" data-index-in-node=\"0\">Universaalne tugevus<\/b> \u2013 uuenduslik valem tagab vastupidava ja purunematu katte, mis sobib ideaalselt k\u00fc\u00fcnte kujundamiseks, pikendamiseks ja kahjustatud k\u00fc\u00fcnte tugevdamiseks, s\u00e4ilitades stabiilsuse mitu n\u00e4dalat.<\/p>\n<\/li>\n<\/ul>","protected":false},"excerpt":{"rendered":"<h5>Vedelgeel 033<\/h5>\n<h6>(ilma HEMA-ta, ilma TPO-ta)<\/h6>\n<p>Innovatiivne vedel k\u00fc\u00fcnegeel Monarx FLUID GEL \u2013 kvaliteet, ohutus ja professionaalsed tulemused<br \/>\nTutvustame Monarx FLUID GEL \u2013 t\u00e4iustatud vedelat k\u00fc\u00fcnegeeli, mis on loodud teie k\u00e4te tervist ja keskkonda silmas pidades. Toodet iseloomustab vastupidavus, kasutusmugavus ja ohutu koostis, mist\u00f5ttu sobib see ideaalselt nii professionaalseks kui ka koduseks kasutamiseks.<\/p>","protected":false},"featured_media":15016,"comment_status":"open","ping_status":"closed","template":"","meta":[],"product_brand":[290],"product_cat":[306,180,580],"product_tag":[],"class_list":{"0":"post-12387","1":"product","2":"type-product","3":"status-publish","4":"has-post-thumbnail","6":"product_brand-monarx-nails","7":"product_cat-fluid-geliai","8":"product_cat-gelio-sistema","9":"product_cat-nagu-prieziura","11":"first","12":"instock","13":"shipping-taxable","14":"purchasable","15":"product-type-variable"},"_links":{"self":[{"href":"https:\/\/geliai.lt\/et\/wp-json\/wp\/v2\/product\/12387","targetHints":{"allow":["GET"]}}],"collection":[{"href":"https:\/\/geliai.lt\/et\/wp-json\/wp\/v2\/product"}],"about":[{"href":"https:\/\/geliai.lt\/et\/wp-json\/wp\/v2\/types\/product"}],"replies":[{"embeddable":true,"href":"https:\/\/geliai.lt\/et\/wp-json\/wp\/v2\/comments?post=12387"}],"version-history":[{"count":3,"href":"https:\/\/geliai.lt\/et\/wp-json\/wp\/v2\/product\/12387\/revisions"}],"predecessor-version":[{"id":15018,"href":"https:\/\/geliai.lt\/et\/wp-json\/wp\/v2\/product\/12387\/revisions\/15018"}],"wp:featuredmedia":[{"embeddable":true,"href":"https:\/\/geliai.lt\/et\/wp-json\/wp\/v2\/media\/15016"}],"wp:attachment":[{"href":"https:\/\/geliai.lt\/et\/wp-json\/wp\/v2\/media?parent=12387"}],"wp:term":[{"taxonomy":"product_brand","embeddable":true,"href":"https:\/\/geliai.lt\/et\/wp-json\/wp\/v2\/product_brand?post=12387"},{"taxonomy":"product_cat","embeddable":true,"href":"https:\/\/geliai.lt\/et\/wp-json\/wp\/v2\/product_cat?post=12387"},{"taxonomy":"product_tag","embeddable":true,"href":"https:\/\/geliai.lt\/et\/wp-json\/wp\/v2\/product_tag?post=12387"}],"curies":[{"name":"wp","href":"https:\/\/api.w.org\/{rel}","templated":true}]}}