{"id":12366,"date":"2025-10-24T14:51:25","date_gmt":"2025-10-24T11:51:25","guid":{"rendered":"https:\/\/geliai.lt\/?post_type=product&#038;p=12366"},"modified":"2026-05-13T20:01:40","modified_gmt":"2026-05-13T17:01:40","slug":"primer-nerugstinis-non-acid","status":"publish","type":"product","link":"https:\/\/geliai.lt\/et\/parduotuve\/nagu-prieziura\/primer-nerugstinis-non-acid\/","title":{"rendered":"Mittehappeline kruntv\u00e4rv"},"content":{"rendered":"<h3>\u26a0\ufe0f Atsargumo priemon\u0117s:<\/h3>\n<ul>\n<li>Naudoti tik pagal paskirt\u012f.<\/li>\n<li>Saugoti nuo vaik\u0173.<\/li>\n<li>Vengti kontakto su oda ir akimis.<\/li>\n<li>Nenaudoti, jei esate jautr\u016bs kuriam nors produkto komponentui.<\/li>\n<li>Dirbti gerai v\u0117dinamoje patalpoje, vengti gar\u0173 \u012fkv\u0117pimo.<\/li>\n<li>Tik profesionaliam naudojimui.<\/li>\n<li>Gali sukelti alergin\u0119 reakcij\u0105.<\/li>\n<\/ul>","protected":false},"excerpt":{"rendered":"<h5>Mittehappeline kruntv\u00e4rv<\/h5>\n<p>Professionaalne happevaba k\u00fc\u00fcnealuslakk, mis on loodud k\u00fc\u00fcneplaadi ettevalmistamiseks enne geel-, akr\u00fc\u00fcl- v\u00f5i h\u00fcbriidlaki pealekandmist. Toode valmistab k\u00fc\u00fcnepinna \u00f5rnalt ette ja kuivatab seda, parandades aluslaki v\u00f5i geeli nakkumist k\u00fc\u00fcnega ja tagades kauakestva manik\u00fc\u00fcri.<\/p>","protected":false},"featured_media":15025,"comment_status":"open","ping_status":"closed","template":"","meta":[],"product_brand":[290],"product_cat":[580,341],"product_tag":[],"class_list":{"0":"post-12366","1":"product","2":"type-product","3":"status-publish","4":"has-post-thumbnail","6":"product_brand-monarx-nails","7":"product_cat-nagu-prieziura","8":"product_cat-skysciai","10":"first","11":"instock","12":"shipping-taxable","13":"purchasable","14":"product-type-simple"},"_links":{"self":[{"href":"https:\/\/geliai.lt\/et\/wp-json\/wp\/v2\/product\/12366","targetHints":{"allow":["GET"]}}],"collection":[{"href":"https:\/\/geliai.lt\/et\/wp-json\/wp\/v2\/product"}],"about":[{"href":"https:\/\/geliai.lt\/et\/wp-json\/wp\/v2\/types\/product"}],"replies":[{"embeddable":true,"href":"https:\/\/geliai.lt\/et\/wp-json\/wp\/v2\/comments?post=12366"}],"version-history":[{"count":5,"href":"https:\/\/geliai.lt\/et\/wp-json\/wp\/v2\/product\/12366\/revisions"}],"predecessor-version":[{"id":15026,"href":"https:\/\/geliai.lt\/et\/wp-json\/wp\/v2\/product\/12366\/revisions\/15026"}],"wp:featuredmedia":[{"embeddable":true,"href":"https:\/\/geliai.lt\/et\/wp-json\/wp\/v2\/media\/15025"}],"wp:attachment":[{"href":"https:\/\/geliai.lt\/et\/wp-json\/wp\/v2\/media?parent=12366"}],"wp:term":[{"taxonomy":"product_brand","embeddable":true,"href":"https:\/\/geliai.lt\/et\/wp-json\/wp\/v2\/product_brand?post=12366"},{"taxonomy":"product_cat","embeddable":true,"href":"https:\/\/geliai.lt\/et\/wp-json\/wp\/v2\/product_cat?post=12366"},{"taxonomy":"product_tag","embeddable":true,"href":"https:\/\/geliai.lt\/et\/wp-json\/wp\/v2\/product_tag?post=12366"}],"curies":[{"name":"wp","href":"https:\/\/api.w.org\/{rel}","templated":true}]}}