{"id":12311,"date":"2025-10-20T14:34:51","date_gmt":"2025-10-20T11:34:51","guid":{"rendered":"https:\/\/geliai.lt\/?post_type=product&#038;p=12311"},"modified":"2026-04-29T13:14:16","modified_gmt":"2026-04-29T10:14:16","slug":"heimish-dailism-smudge-stop","status":"publish","type":"product","link":"https:\/\/geliai.lt\/et\/parduotuve\/akys\/heimish-dailism-smudge-stop\/","title":{"rendered":"Heimish Dailism Smudge Stop ripsmetu\u0161\u0161"},"content":{"rendered":"","protected":false},"excerpt":{"rendered":"<h6>Heimish Dailism Smudge Stop ripsmetu\u0161\u0161<\/h6>\n<p>See on veekindel ripsmetu\u0161\u0161, mis annab suurep\u00e4rase vol\u00fc\u00fcmi ja ilme. Hari on valmistatud k\u00f5rgeima kvaliteediga harjastega, et eraldada, katta ja koolutada iga ripsmetu\u0161\u0161i. Vaid \u00fchest kihist piisab, et teie ripsmed esile tuleksid. Ripsmetu\u0161\u0161i on leige veega lihtne eemaldada ja see ei \u00e4rrita tundlikku silma\u00fcmbrusnahka. Mahutavus: 9 g<\/p>","protected":false},"featured_media":15039,"comment_status":"open","ping_status":"closed","template":"","meta":[],"product_brand":[338],"product_cat":[329,330,328],"product_tag":[],"class_list":{"0":"post-12311","1":"product","2":"type-product","3":"status-publish","4":"has-post-thumbnail","6":"product_brand-heimish","7":"product_cat-akys","8":"product_cat-blakstienu-tusai","9":"product_cat-makiazas","11":"first","12":"outofstock","13":"sale","14":"shipping-taxable","15":"purchasable","16":"product-type-simple"},"_links":{"self":[{"href":"https:\/\/geliai.lt\/et\/wp-json\/wp\/v2\/product\/12311","targetHints":{"allow":["GET"]}}],"collection":[{"href":"https:\/\/geliai.lt\/et\/wp-json\/wp\/v2\/product"}],"about":[{"href":"https:\/\/geliai.lt\/et\/wp-json\/wp\/v2\/types\/product"}],"replies":[{"embeddable":true,"href":"https:\/\/geliai.lt\/et\/wp-json\/wp\/v2\/comments?post=12311"}],"version-history":[{"count":3,"href":"https:\/\/geliai.lt\/et\/wp-json\/wp\/v2\/product\/12311\/revisions"}],"predecessor-version":[{"id":15040,"href":"https:\/\/geliai.lt\/et\/wp-json\/wp\/v2\/product\/12311\/revisions\/15040"}],"wp:featuredmedia":[{"embeddable":true,"href":"https:\/\/geliai.lt\/et\/wp-json\/wp\/v2\/media\/15039"}],"wp:attachment":[{"href":"https:\/\/geliai.lt\/et\/wp-json\/wp\/v2\/media?parent=12311"}],"wp:term":[{"taxonomy":"product_brand","embeddable":true,"href":"https:\/\/geliai.lt\/et\/wp-json\/wp\/v2\/product_brand?post=12311"},{"taxonomy":"product_cat","embeddable":true,"href":"https:\/\/geliai.lt\/et\/wp-json\/wp\/v2\/product_cat?post=12311"},{"taxonomy":"product_tag","embeddable":true,"href":"https:\/\/geliai.lt\/et\/wp-json\/wp\/v2\/product_tag?post=12311"}],"curies":[{"name":"wp","href":"https:\/\/api.w.org\/{rel}","templated":true}]}}