{"id":12273,"date":"2025-10-20T13:39:13","date_gmt":"2025-10-20T10:39:13","guid":{"rendered":"https:\/\/geliai.lt\/?post_type=product&#038;p=12273"},"modified":"2026-02-26T17:51:00","modified_gmt":"2026-02-26T15:51:00","slug":"moned-minu-poolt-paris-glutatiooni","status":"publish","type":"product","link":"https:\/\/geliai.lt\/et\/parduotuve\/veido-kaukes\/some-by-mi-real-glutathione\/","title":{"rendered":"SOME BY MI Real Glutathione Brightening Care Mask lehtmask"},"content":{"rendered":"","protected":false},"excerpt":{"rendered":"<h5>SOME BY MI p\u00e4ris glutatiooni s\u00e4ra andev hooldusmask<\/h5>\n<p>Glutatiooniga rikastatud s\u00e4ra andev kangasmask, mis aitab v\u00f5idelda eba\u00fchtlase nahatooni vastu. See mask on v\u00e4ga niisutav ja omab antioks\u00fcdantseid omadusi.<\/p>","protected":false},"featured_media":15048,"comment_status":"open","ping_status":"closed","template":"","meta":[],"product_brand":[335],"product_cat":[320,570],"product_tag":[],"class_list":{"0":"post-12273","1":"product","2":"type-product","3":"status-publish","4":"has-post-thumbnail","6":"product_brand-some-by-mi","7":"product_cat-veido-kaukes","8":"product_cat-veido-prieziura","10":"first","11":"instock","12":"shipping-taxable","13":"purchasable","14":"product-type-simple"},"_links":{"self":[{"href":"https:\/\/geliai.lt\/et\/wp-json\/wp\/v2\/product\/12273","targetHints":{"allow":["GET"]}}],"collection":[{"href":"https:\/\/geliai.lt\/et\/wp-json\/wp\/v2\/product"}],"about":[{"href":"https:\/\/geliai.lt\/et\/wp-json\/wp\/v2\/types\/product"}],"replies":[{"embeddable":true,"href":"https:\/\/geliai.lt\/et\/wp-json\/wp\/v2\/comments?post=12273"}],"version-history":[{"count":3,"href":"https:\/\/geliai.lt\/et\/wp-json\/wp\/v2\/product\/12273\/revisions"}],"predecessor-version":[{"id":15049,"href":"https:\/\/geliai.lt\/et\/wp-json\/wp\/v2\/product\/12273\/revisions\/15049"}],"wp:featuredmedia":[{"embeddable":true,"href":"https:\/\/geliai.lt\/et\/wp-json\/wp\/v2\/media\/15048"}],"wp:attachment":[{"href":"https:\/\/geliai.lt\/et\/wp-json\/wp\/v2\/media?parent=12273"}],"wp:term":[{"taxonomy":"product_brand","embeddable":true,"href":"https:\/\/geliai.lt\/et\/wp-json\/wp\/v2\/product_brand?post=12273"},{"taxonomy":"product_cat","embeddable":true,"href":"https:\/\/geliai.lt\/et\/wp-json\/wp\/v2\/product_cat?post=12273"},{"taxonomy":"product_tag","embeddable":true,"href":"https:\/\/geliai.lt\/et\/wp-json\/wp\/v2\/product_tag?post=12273"}],"curies":[{"name":"wp","href":"https:\/\/api.w.org\/{rel}","templated":true}]}}