{"id":12252,"date":"2025-10-20T12:52:47","date_gmt":"2025-10-20T09:52:47","guid":{"rendered":"https:\/\/geliai.lt\/?post_type=product&#038;p=12252"},"modified":"2026-02-26T17:51:10","modified_gmt":"2026-02-26T15:51:10","slug":"biodance-hydro-cera-nol-real","status":"publish","type":"product","link":"https:\/\/geliai.lt\/et\/parduotuve\/veido-kaukes\/biodance-hydro-cera-nol-real\/","title":{"rendered":"BIODANCE Hydro Cera-nol Real Deep Mask"},"content":{"rendered":"","protected":false},"excerpt":{"rendered":"<h6>BIODANCE Hydro Cera-nol t\u00f5eline s\u00fcgavmask<\/h6>\n<p>Intensiivselt niisutav ja rahustav n\u00e4omask D-pantenooli, oligoh\u00fcaluroonhappe ja keramiididega. Nendel ainetel on niisutavad, rahustavad ja nahabarj\u00e4\u00e4ri tugevdavad omadused. Koostises sisalduv mineraalirikas j\u00e4\u00e4vesi parandab toimeainete imendumist ja moodustab nahale niisutava kile, mist\u00f5ttu nahk on pikaks ajaks niisutatud ja omandab terve ja s\u00e4rava v\u00e4limuse. Kogus: 1 tk v\u00f5i 4 tk.<\/p>","protected":false},"featured_media":15054,"comment_status":"open","ping_status":"closed","template":"","meta":[],"product_brand":[332],"product_cat":[320,570],"product_tag":[],"class_list":{"0":"post-12252","1":"product","2":"type-product","3":"status-publish","4":"has-post-thumbnail","6":"product_brand-biodance","7":"product_cat-veido-kaukes","8":"product_cat-veido-prieziura","10":"first","11":"instock","12":"sale","13":"shipping-taxable","14":"purchasable","15":"product-type-variable"},"_links":{"self":[{"href":"https:\/\/geliai.lt\/et\/wp-json\/wp\/v2\/product\/12252","targetHints":{"allow":["GET"]}}],"collection":[{"href":"https:\/\/geliai.lt\/et\/wp-json\/wp\/v2\/product"}],"about":[{"href":"https:\/\/geliai.lt\/et\/wp-json\/wp\/v2\/types\/product"}],"replies":[{"embeddable":true,"href":"https:\/\/geliai.lt\/et\/wp-json\/wp\/v2\/comments?post=12252"}],"version-history":[{"count":3,"href":"https:\/\/geliai.lt\/et\/wp-json\/wp\/v2\/product\/12252\/revisions"}],"predecessor-version":[{"id":15055,"href":"https:\/\/geliai.lt\/et\/wp-json\/wp\/v2\/product\/12252\/revisions\/15055"}],"wp:featuredmedia":[{"embeddable":true,"href":"https:\/\/geliai.lt\/et\/wp-json\/wp\/v2\/media\/15054"}],"wp:attachment":[{"href":"https:\/\/geliai.lt\/et\/wp-json\/wp\/v2\/media?parent=12252"}],"wp:term":[{"taxonomy":"product_brand","embeddable":true,"href":"https:\/\/geliai.lt\/et\/wp-json\/wp\/v2\/product_brand?post=12252"},{"taxonomy":"product_cat","embeddable":true,"href":"https:\/\/geliai.lt\/et\/wp-json\/wp\/v2\/product_cat?post=12252"},{"taxonomy":"product_tag","embeddable":true,"href":"https:\/\/geliai.lt\/et\/wp-json\/wp\/v2\/product_tag?post=12252"}],"curies":[{"name":"wp","href":"https:\/\/api.w.org\/{rel}","templated":true}]}}